{"id":32315,"date":"2021-08-17T11:20:50","date_gmt":"2021-08-17T11:20:50","guid":{"rendered":"https:\/\/ordoline.com\/cookie-policy\/"},"modified":"2025-07-24T13:55:24","modified_gmt":"2025-07-24T13:55:24","slug":"cookie-policy","status":"publish","type":"page","link":"https:\/\/ordoline.com\/hr\/cookie-policy\/","title":{"rendered":"Pravila o kola\u010di\u0107ima"},"content":{"rendered":"\n<p><\/p>\n\n\n\n<h2 class=\"wp-block-heading\">\u0160to su kola\u010di\u0107i i sli\u010dne tehnologije?<\/h2>\n\n\n\n<p>Kola\u010di\u0107 je mala podatkovna datoteka, koja \u010desto uklju\u010duje jedinstveni identifikator, a koju web poslu\u017eitelj \u0161alje na va\u0161e ra\u010dunalo, mobilni telefon ili tablet (u ovim pravilima naziva se \u201eure\u0111aj\u201c) kako bi web stranica mogla zapamtiti neke informacije o va\u0161oj aktivnosti pregledavanja na web stranici. Kola\u010di\u0107 \u0107e prikupljati informacije koje se odnose na va\u0161u upotrebu na\u0161ih Usluga, informacije o va\u0161em ure\u0111aju, npr. IP adresu ure\u0111aja i vrstu preglednika, \u0161iru lokaciju i, ako ste na na\u0161u stranicu do\u0161li putem poveznice s web stranice tre\u0107e strane, URL stranice koja vodi do nje. Ako ste se registrirali za bilo koju uslugu ili ste pretplatnik, mo\u017ee prikupljati i va\u0161e ime i adresu e-po\u0161te, koji se mogu prenijeti obra\u0111iva\u010dima podataka u svrhu provjere registriranog korisnika ili pretplatnika.<\/p>\n\n\n\n<p>Sli\u010dne tehnologije poznate kao \u201elokalna pohrana\u201c tako\u0111er se mogu koristiti u na\u0161im Uslugama kao alternativa kola\u010di\u0107ima. Ova je tehnologija sli\u010dna kola\u010di\u0107ima i obavlja vrlo sli\u010dne funkcije, poput spremanja podataka u predmemoriju kako bismo mogli pobolj\u0161ati svoje Usluge, omogu\u0107iti vam registraciju za na\u0161e Usluge, pratiti aktivnosti kako bismo mi i na\u0161i ogla\u0161iva\u010di mogli ogla\u0161avati vama u skladu s ovim pravilima i brojati broj ljudi koji pregledavaju oglase na na\u0161im Uslugama. Tamo gdje u ovim pravilima spominjemo \u201ekola\u010di\u0107e\u201c, mislimo na kola\u010di\u0107e ili sli\u010dne tehnologije.<\/p>\n\n\n\n<p>Kola\u010di\u0107i bilje\u017ee informacije o va\u0161im mre\u017enim preferencijama i poma\u017eu nam da prilagodimo na\u0161e Usluge va\u0161im interesima. Informacije koje pru\u017eaju kola\u010di\u0107i mogu nam pomo\u0107i u analizi va\u0161e upotrebe na\u0161ih Usluga i pomo\u0107i nam da vam pru\u017eimo bolje korisni\u010dko iskustvo.<\/p>\n\n\n\n<p>Osim kola\u010di\u0107a, na\u0161e Usluge mogu koristiti i web-pratilice, prazne GIF-ove, oznake stranica i web-gre\u0161ke. Sve su to vrste tehnologija koje implementiraju web-stranice ili poslu\u017eitelji oglasa tre\u0107ih strana kako bi im omogu\u0107ili analizu va\u0161e upotrebe web-stranice i pomogli u pobolj\u0161anju va\u0161eg iskustva s Uslugama.<\/p>\n\n\n\n<h2 class=\"wp-block-heading\"><strong>Koje su razli\u010dite vrste kola\u010di\u0107a?<\/strong><\/h2>\n\n\n\n<ul class=\"wp-block-list\">\n<li>Sesijski kola\u010di\u0107i pohranjuju se samo tijekom trajanja va\u0161eg posjeta web stranici i bri\u0161u se s va\u0161eg ure\u0111aja kada zatvorite preglednik;<\/li>\n\n\n\n<li>Trajni kola\u010di\u0107i pohranjuju se na va\u0161em ure\u0111aju odre\u0111eno vrijeme nakon \u0161to se preglednik zatvori i koriste se tamo gdje vas mi (ili tre\u0107a strana) trebamo identificirati za kasniju sesiju pregledavanja.<\/li>\n\n\n\n<li>Kola\u010di\u0107e prve strane postavlja web stranica koju posje\u0107ujete; i<\/li>\n\n\n\n<li>Kola\u010di\u0107i tre\u0107e strane su kola\u010di\u0107i koji se koriste unutar na\u0161ih Usluga, a postavljaju ih druge organizacije. To uklju\u010duje kola\u010di\u0107e vanjskih analiti\u010dkih usluga koje nam poma\u017eu razumjeti kori\u0161tenje na\u0161ih stranica ili kola\u010di\u0107e ogla\u0161iva\u010da kako bi mogli pratiti u\u010dinkovitost svojih oglasa. Tako\u0111er i kola\u010di\u0107e odabranih tvrtki dru\u0161tvenih medija kako biste mogli dijeliti na\u0161 sadr\u017eaj s prijateljima i mre\u017eama, \u0161to mo\u017ee utjecati na sadr\u017eaj i poruke koje vidite na drugim web stranicama koje posje\u0107ujete.<\/li>\n<\/ul>\n\n\n\n<p><\/p>\n\n\n\n<h2 class=\"wp-block-heading\"><strong>Za \u0161to se koriste kola\u010di\u0107i?<\/strong><\/h2>\n\n\n\n<p>1. Funkcionalni kola\u010di\u0107i<br>Funkcionalni kola\u010di\u0107i su klju\u010dni za rad na\u0161ih Usluga. Koriste se za pam\u0107enje va\u0161ih preferencija na na\u0161im web stranicama i za pru\u017eanje pobolj\u0161anih, personaliziranijih zna\u010dajki. Informacije koje prikupljaju ovi kola\u010di\u0107i obi\u010dno su anonimizirane, tako da vas ne mo\u017eemo osobno identificirati. Funkcionalni kola\u010di\u0107i ne prate va\u0161u upotrebu interneta niti prikupljaju informacije koje bi se mogle koristiti za prodaju ogla\u0161avanja, ali poma\u017eu u prikazivanju oglasa. Ovi kola\u010di\u0107i su obi\u010dno sesijski kola\u010di\u0107i koji istje\u010du kada zatvorite sesiju pregledavanja.<\/p>\n\n\n\n<p>2. Neophodni ili \u201estrogo neophodni\u201c kola\u010di\u0107i<br>Ovi kola\u010di\u0107i su neophodni za rad na\u0161ih Usluga. Bez ovih kola\u010di\u0107a, dijelovi na\u0161ih web stranica ne bi funkcionirali. Ovi kola\u010di\u0107i ne prate gdje ste bili na internetu i pamte postavke izvan va\u0161eg trenutnog posjeta te ne prikupljaju informacije o vama koje bi se mogle koristiti u marketin\u0161ke svrhe. Ovi kola\u010di\u0107i su obi\u010dno kola\u010di\u0107i sesije koji istje\u010du kada zatvorite sesiju pregledavanja.<\/p>\n\n\n\n<p><\/p>\n\n\n\n<p>3. Kola\u010di\u0107i za analiti\u010dku u\u010dinkovitost i mjerenje performansi<br>Kola\u010di\u0107i za analiti\u010dku u\u010dinkovitost koriste se za pra\u0107enje performansi na\u0161ih Usluga, na primjer, za odre\u0111ivanje broja pregleda stranica i broja jedinstvenih korisnika web stranice. Usluge web analitike mogu biti dizajnirane i njima upravljane od strane tre\u0107ih strana. Informacije koje pru\u017eaju ovi kola\u010di\u0107i omogu\u0107uju nam analizu obrazaca pona\u0161anja korisnika, a mi koristimo te informacije za pobolj\u0161anje korisni\u010dkog iskustva ili identifikaciju podru\u010dja web stranice koja mogu zahtijevati odr\u017eavanje. Informacije su anonimne (tj. ne mogu se koristiti za va\u0161u identifikaciju i ne sadr\u017ee osobne podatke poput va\u0161eg imena i adrese e-po\u0161te) i koriste se samo u statisti\u010dke svrhe.<\/p>\n\n\n\n<p><\/p>\n\n\n\n<p>4. Kola\u010di\u0107i za ciljano ogla\u0161avanje ili \u201eogla\u0161avanje pona\u0161anja\u201c<br>Ovi kola\u010di\u0107i, koje mi ili na\u0161i pouzdani pru\u017eatelji usluga tre\u0107ih strana mo\u017eemo postaviti na va\u0161 ure\u0111aj, pamte da ste posjetili web-mjesto i koriste te informacije kako bi vam pru\u017eili sadr\u017eaj ili ogla\u0161avanje prilago\u0111eno va\u0161im interesima. To se \u010desto naziva online bihevioralno ogla\u0161avanje (OBA) i provodi se grupiranjem zajedni\u010dkih interesa na temelju povijesti pregledavanja weba. Va\u0161a povijest pregledavanja weba mo\u017ee se koristiti za zaklju\u010divanje o vama (npr. interesi, spol itd.), a te se informacije mogu koristiti i za to da ogla\u0161avanje na web-mjestima bude relevantnije za vas. Bez ovih kola\u010di\u0107a, sadr\u017eaj i oglasi na koje nailazite mogu biti manje relevantni za vas i va\u0161e interese. Ako \u017eelite vi\u0161e informacija o OBA-i, uklju\u010duju\u0107i kako se isklju\u010diti iz ovih kola\u010di\u0107a, posjetite: http:\/\/www.youronlinechoices.com\/<\/p>\n\n\n\n<h2 class=\"wp-block-heading\">Kako Ordoline koristi kola\u010di\u0107e?<\/h2>\n\n\n\n<p>Ordoline, zajedno s na\u0161im pouzdanim partnerima, koristi kola\u010di\u0107e u kombinaciji s drugim informacijama koje \u010duvamo u niz svrha, uklju\u010duju\u0107i sljede\u0107e:<\/p>\n\n\n\n<p>1. Osnovni i funkcionalni kola\u010di\u0107i<br>Ove kola\u010di\u0107e koristimo kako bismo omogu\u0107ili odre\u0111ene mre\u017ene funkcionalnosti, uklju\u010duju\u0107i:<\/p>\n\n\n\n<ul class=\"wp-block-list\">\n<li>pristupiti va\u0161im podacima kako bismo vam mogli pru\u017eiti prilago\u0111eni sadr\u017eaj i iskustva ili zapamtiti posljednju stranicu koju ste posjetili na na\u0161oj web stranici;<\/li>\n\n\n\n<li>identificirati povratne korisnike, registrirane korisnike i pretplatnike te im omogu\u0107iti prikaz personalizirane verzije stranice;<\/li>\n\n\n\n<li>uklanjanje potrebe da povratni korisnici ponovno unose svoje podatke za prijavu;<\/li>\n\n\n\n<li>komentiranje na na\u0161im stranicama;<\/li>\n\n\n\n<li>podr\u0161ka sigurnosnim mjerama i pomo\u0107 u identificiranju mogu\u0107ih prijevarnih ili zlouporabnih aktivnosti.<\/li>\n<\/ul>\n\n\n\n<p>2. Kola\u010di\u0107i za analiti\u010dku u\u010dinkovitost i mjerenje<\/p>\n\n\n\n<p>Koristimo ove kola\u010di\u0107e za mjerenje pona\u0161anja korisnika kako bismo bolje razvili na\u0161e Usluge. Kori\u0161tenjem analiti\u010dkih usluga koje pru\u017eaju tre\u0107e strane, kao \u0161to je Google Analytics, mo\u017eemo analizirati i mjeriti koje se stranice pregledavaju i koliko dugo te koje se poveznice slijede, a te informacije mo\u017eemo koristiti za pru\u017eanje vi\u0161e sadr\u017eaja koji je zanimljiv. Tako\u0111er koristimo ovu analizu za izvje\u0161tavanje o na\u0161oj u\u010dinkovitosti i za prodaju ogla\u0161avanja.<\/p>\n\n\n\n<p>3. Kola\u010di\u0107i za ciljano i bihevioralno ogla\u0161avanje<\/p>\n\n\n\n<p>Pouzdani partneri s kojima sura\u0111ujemo u vezi s ciljanim i bihevioralnim ogla\u0161avanjem uklju\u010duju tre\u0107e strane, oglasne agencije, dobavlja\u010de tehnologije, pru\u017eatelje oglasnog sadr\u017eaja, istra\u017eiva\u010dke tvrtke i druge tvrtke koje nam poma\u017eu pru\u017eiti u\u010dinkovitije ogla\u0161avanje i ponuditi vam personaliziranije iskustvo. Dok va\u0161 preglednik, aplikacija ili ure\u0111aj komunicira sa serverima tre\u0107e strane, te tvrtke mogu prikupljati informacije, uklju\u010duju\u0107i va\u0161u IP adresu, informacije o zaglavlju stranice, informacije o pregledniku ili ure\u0111aju, ba\u0161 kao da ste izravno zatra\u017eili njihovu web stranicu ili koristili njihove aplikacije.<br>Ne mo\u017eemo kontrolirati niti imamo pristup bilo kojim kola\u010di\u0107ima koje na va\u0161e ra\u010dunalo postavljaju tre\u0107i ogla\u0161iva\u010di i sponzori.<\/p>\n\n\n\n<p>4. Drugi kola\u010di\u0107i tre\u0107ih strana<\/p>\n\n\n\n<p>Na nekim stranicama na\u0161ih web-mjesta mo\u017eete primijetiti da su postavljeni kola\u010di\u0107i koji nisu povezani s Ordolineom. Kada posjetite stranicu s ugra\u0111enim sadr\u017eajem s, na primjer, YouTubea ili Facebooka, ti pru\u017eatelji usluga tre\u0107ih strana mogu postaviti vlastite kola\u010di\u0107e na va\u0161 ure\u0111aj. Future ne kontrolira kori\u0161tenje ovih kola\u010di\u0107a tre\u0107ih strana i ne mo\u017ee im pristupiti zbog na\u010dina na koji kola\u010di\u0107i funkcioniraju, jer kola\u010di\u0107ima mo\u017ee pristupiti samo strana koja ih je izvorno postavila. Molimo provjerite web-mjesta tre\u0107ih strana za vi\u0161e informacija o ovim kola\u010di\u0107ima.<\/p>\n\n\n\n<p>Tako\u0111er uklju\u010dujemo web-pratilice u na\u0161e e-poruke kako bismo pratili uspjeh na\u0161ih marketin\u0161kih kampanja. To zna\u010di da ako otvorite e-poruku od nas, mo\u017eemo vidjeti koje ste stranice na\u0161e web-stranice posjetili. Na\u0161e web-pratilice ne pohranjuju dodatne informacije na va\u0161 ure\u0111aj, ali komunikacijom s na\u0161im kola\u010di\u0107ima na va\u0161em ure\u0111aju mogu nam re\u0107i kada ste otvorili na\u0161u e-poruku.<\/p>\n\n\n\n<h2 class=\"wp-block-heading\">Kako korisnici mogu upravljati kola\u010di\u0107ima ili ih isklju\u010diti?<\/h2>\n\n\n\n<p>Neki ljudi smatraju ideju da web stranica pohranjuje informacije na njihov ure\u0111aj pomalo nametljivom, posebno kada informacije pohranjuje i koristi tre\u0107a strana. Na primjer, mo\u017eete se protiviti prikazivanju oglasa koji su usmjereni na va\u0161e interese na temelju va\u0161e povijesti pregledavanja. Ako biste radije isklju\u010dili kola\u010di\u0107e, mogu\u0107e ih je kontrolirati slijede\u0107i dolje navedene korake, no trebali biste biti svjesni da biste mogli izgubiti neke zna\u010dajke i funkcionalnosti web stranice ako to u\u010dinite.<\/p>\n\n\n\n<p>Kola\u010di\u0107i, uklju\u010duju\u0107i i one koji su ve\u0107 postavljeni, mogu se izbrisati s va\u0161eg tvrdog diska. Tako\u0111er mo\u017eete promijeniti postavke\/postavke u svom web pregledniku kako biste kontrolirali kola\u010di\u0107e. Neki internetski preglednici imaju postavku &#8216;Ne prati&#8217; ili &#8216;DNT&#8217;; to \u0161alje signal web stranicama tra\u017ee\u0107i od njih da ne prate va\u0161e pregledavanje.<\/p>\n\n\n\n<p>U nekim slu\u010dajevima mo\u017eete odabrati prihva\u0107anje kola\u010di\u0107a s primarne stranice, ali ih blokirati od tre\u0107ih strana. U drugima mo\u017eete blokirati kola\u010di\u0107e odre\u0111enih ogla\u0161iva\u010da ili izbrisati sve kola\u010di\u0107e. Brisanje ili blokiranje kola\u010di\u0107a mo\u017ee smanjiti funkcionalnost stranice. Za vi\u0161e informacija o tome kako odbiti kola\u010di\u0107e posjetite http:\/\/www.allaboutcookies.org\/ ili idite na izbornik pomo\u0107i u svom internetskom pregledniku. Ako imate problema s brisanjem kola\u010di\u0107a, obratite se dobavlja\u010du svog web preglednika.<\/p>\n\n\n\n<p>Za vi\u0161e informacija o kola\u010di\u0107ima tre\u0107ih strana koje generiraju ogla\u0161iva\u010di posjetite www.youronlinechoices.com.<\/p>\n\n\n\n<p>Imajte na umu da su ovo web-stranice tre\u0107ih strana i Future ne preuzima nikakvu odgovornost za upute dane na tim stranicama.<\/p>\n\n\n\n<p>Kako odbiti kola\u010di\u0107e za ciljano i bihevioralno ogla\u0161avanje mo\u017eete saznati posjetom:<br><a href=\"http:\/\/optout.networkadvertising.org\/?c=1#!\/\">http:\/\/optout.networkadvertising.org\/?c=1#!\/<\/a><br><a href=\"http:\/\/www.aboutads.info\/\">http:\/\/www.aboutads.info<\/a><br><a href=\"http:\/\/www.youronlinechoices.eu\/\">http:\/\/www.youronlinechoices.eu<\/a><\/p>\n\n\n\n<p>Web-pratilice<br>Web-pratilice i druge tehnologije pra\u0107enja obi\u010dno mo\u017eete u\u010diniti neu\u010dinkovitima isklju\u010divanjem kola\u010di\u0107a u pregledniku. Postoje i dodaci i pro\u0161irenja preglednika koja posebno blokiraju web-pratilice. Ako se protivite web-pratilicama u e-porukama, preporu\u010dujemo da slijedite upute za brisanje postoje\u0107ih kola\u010di\u0107a i onemogu\u0107avanje budu\u0107ih kola\u010di\u0107a iznad. I dalje \u0107emo znati koliko se na\u0161ih e-poruka otvara i automatski \u0107emo primiti va\u0161u IP adresu, jedinstveni identifikator va\u0161eg ure\u0111aja ili drugog pristupnog ure\u0111aja; ali vas ne\u0107emo identificirati kao pojedinca.<\/p>\n\n\n\n<p><\/p>\n\n\n\n<h2 class=\"wp-block-heading\">Dodatne informacije i kontaktni podaci:<\/h2>\n\n\n\n<p>Za vi\u0161e informacija obratite se na info@ordoline.com<\/p>\n","protected":false},"excerpt":{"rendered":"<p>\u0160to su kola\u010di\u0107i i sli\u010dne tehnologije? Kola\u010di\u0107 je mala podatkovna datoteka, koja \u010desto uklju\u010duje jedinstveni identifikator, a koju web poslu\u017eitelj \u0161alje na va\u0161e ra\u010dunalo, mobilni telefon ili tablet (u ovim pravilima naziva se \u201eure\u0111aj\u201c) kako bi web stranica mogla zapamtiti neke informacije o va\u0161oj aktivnosti pregledavanja na web stranici. Kola\u010di\u0107 \u0107e prikupljati informacije koje se [&hellip;]<\/p>\n","protected":false},"author":1,"featured_media":0,"parent":0,"menu_order":0,"comment_status":"closed","ping_status":"closed","template":"template-privacy.php","meta":{"_acf_changed":false,"inline_featured_image":false,"footnotes":""},"class_list":["post-32315","page","type-page","status-publish","hentry"],"acf":[],"yoast_head":"<!-- This site is optimized with the Yoast SEO plugin v25.9 - https:\/\/yoast.com\/wordpress\/plugins\/seo\/ -->\n<title>Pravila o kola\u010di\u0107ima - Ordoline<\/title>\n<meta name=\"robots\" content=\"index, follow, max-snippet:-1, max-image-preview:large, max-video-preview:-1\" \/>\n<link rel=\"canonical\" href=\"https:\/\/ordoline.com\/hr\/cookie-policy\/\" \/>\n<meta property=\"og:locale\" content=\"hr_HR\" \/>\n<meta property=\"og:type\" content=\"article\" \/>\n<meta property=\"og:title\" content=\"Pravila o kola\u010di\u0107ima - Ordoline\" \/>\n<meta property=\"og:description\" content=\"\u0160to su kola\u010di\u0107i i sli\u010dne tehnologije? Kola\u010di\u0107 je mala podatkovna datoteka, koja \u010desto uklju\u010duje jedinstveni identifikator, a koju web poslu\u017eitelj \u0161alje na va\u0161e ra\u010dunalo, mobilni telefon ili tablet (u ovim pravilima naziva se \u201eure\u0111aj\u201c) kako bi web stranica mogla zapamtiti neke informacije o va\u0161oj aktivnosti pregledavanja na web stranici. Kola\u010di\u0107 \u0107e prikupljati informacije koje se [&hellip;]\" \/>\n<meta property=\"og:url\" content=\"https:\/\/ordoline.com\/hr\/cookie-policy\/\" \/>\n<meta property=\"og:site_name\" content=\"Ordoline\" \/>\n<meta property=\"article:modified_time\" content=\"2025-07-24T13:55:24+00:00\" \/>\n<meta name=\"twitter:card\" content=\"summary_large_image\" \/>\n<meta name=\"twitter:label1\" content=\"Procijenjeno vrijeme \u010ditanja\" \/>\n\t<meta name=\"twitter:data1\" content=\"7 minuta\" \/>\n<script type=\"application\/ld+json\" class=\"yoast-schema-graph\">{\"@context\":\"https:\/\/schema.org\",\"@graph\":[{\"@type\":\"WebPage\",\"@id\":\"https:\/\/ordoline.com\/hr\/cookie-policy\/\",\"url\":\"https:\/\/ordoline.com\/hr\/cookie-policy\/\",\"name\":\"Pravila o kola\u010di\u0107ima - Ordoline\",\"isPartOf\":{\"@id\":\"https:\/\/ordoline.com\/hr\/#website\"},\"datePublished\":\"2021-08-17T11:20:50+00:00\",\"dateModified\":\"2025-07-24T13:55:24+00:00\",\"breadcrumb\":{\"@id\":\"https:\/\/ordoline.com\/hr\/cookie-policy\/#breadcrumb\"},\"inLanguage\":\"hr\",\"potentialAction\":[{\"@type\":\"ReadAction\",\"target\":[\"https:\/\/ordoline.com\/hr\/cookie-policy\/\"]}]},{\"@type\":\"BreadcrumbList\",\"@id\":\"https:\/\/ordoline.com\/hr\/cookie-policy\/#breadcrumb\",\"itemListElement\":[{\"@type\":\"ListItem\",\"position\":1,\"name\":\"Home\",\"item\":\"https:\/\/ordoline.com\/hr\/\"},{\"@type\":\"ListItem\",\"position\":2,\"name\":\"Pravila o kola\u010di\u0107ima\"}]},{\"@type\":\"WebSite\",\"@id\":\"https:\/\/ordoline.com\/hr\/#website\",\"url\":\"https:\/\/ordoline.com\/hr\/\",\"name\":\"Ordoline\",\"description\":\"Confidence and predictability with every aligner case\",\"publisher\":{\"@id\":\"https:\/\/ordoline.com\/hr\/#organization\"},\"potentialAction\":[{\"@type\":\"SearchAction\",\"target\":{\"@type\":\"EntryPoint\",\"urlTemplate\":\"https:\/\/ordoline.com\/hr\/?s={search_term_string}\"},\"query-input\":{\"@type\":\"PropertyValueSpecification\",\"valueRequired\":true,\"valueName\":\"search_term_string\"}}],\"inLanguage\":\"hr\"},{\"@type\":\"Organization\",\"@id\":\"https:\/\/ordoline.com\/hr\/#organization\",\"name\":\"Ordoline\",\"url\":\"https:\/\/ordoline.com\/hr\/\",\"logo\":{\"@type\":\"ImageObject\",\"inLanguage\":\"hr\",\"@id\":\"https:\/\/ordoline.com\/hr\/#\/schema\/logo\/image\/\",\"url\":\"https:\/\/ordoline.com\/wp-content\/uploads\/2021\/08\/ordoline_logo-juodas-4.png\",\"contentUrl\":\"https:\/\/ordoline.com\/wp-content\/uploads\/2021\/08\/ordoline_logo-juodas-4.png\",\"width\":199,\"height\":40,\"caption\":\"Ordoline\"},\"image\":{\"@id\":\"https:\/\/ordoline.com\/hr\/#\/schema\/logo\/image\/\"}}]}<\/script>\n<!-- \/ Yoast SEO plugin. -->","yoast_head_json":{"title":"Pravila o kola\u010di\u0107ima - Ordoline","robots":{"index":"index","follow":"follow","max-snippet":"max-snippet:-1","max-image-preview":"max-image-preview:large","max-video-preview":"max-video-preview:-1"},"canonical":"https:\/\/ordoline.com\/hr\/cookie-policy\/","og_locale":"hr_HR","og_type":"article","og_title":"Pravila o kola\u010di\u0107ima - Ordoline","og_description":"\u0160to su kola\u010di\u0107i i sli\u010dne tehnologije? Kola\u010di\u0107 je mala podatkovna datoteka, koja \u010desto uklju\u010duje jedinstveni identifikator, a koju web poslu\u017eitelj \u0161alje na va\u0161e ra\u010dunalo, mobilni telefon ili tablet (u ovim pravilima naziva se \u201eure\u0111aj\u201c) kako bi web stranica mogla zapamtiti neke informacije o va\u0161oj aktivnosti pregledavanja na web stranici. Kola\u010di\u0107 \u0107e prikupljati informacije koje se [&hellip;]","og_url":"https:\/\/ordoline.com\/hr\/cookie-policy\/","og_site_name":"Ordoline","article_modified_time":"2025-07-24T13:55:24+00:00","twitter_card":"summary_large_image","twitter_misc":{"Procijenjeno vrijeme \u010ditanja":"7 minuta"},"schema":{"@context":"https:\/\/schema.org","@graph":[{"@type":"WebPage","@id":"https:\/\/ordoline.com\/hr\/cookie-policy\/","url":"https:\/\/ordoline.com\/hr\/cookie-policy\/","name":"Pravila o kola\u010di\u0107ima - Ordoline","isPartOf":{"@id":"https:\/\/ordoline.com\/hr\/#website"},"datePublished":"2021-08-17T11:20:50+00:00","dateModified":"2025-07-24T13:55:24+00:00","breadcrumb":{"@id":"https:\/\/ordoline.com\/hr\/cookie-policy\/#breadcrumb"},"inLanguage":"hr","potentialAction":[{"@type":"ReadAction","target":["https:\/\/ordoline.com\/hr\/cookie-policy\/"]}]},{"@type":"BreadcrumbList","@id":"https:\/\/ordoline.com\/hr\/cookie-policy\/#breadcrumb","itemListElement":[{"@type":"ListItem","position":1,"name":"Home","item":"https:\/\/ordoline.com\/hr\/"},{"@type":"ListItem","position":2,"name":"Pravila o kola\u010di\u0107ima"}]},{"@type":"WebSite","@id":"https:\/\/ordoline.com\/hr\/#website","url":"https:\/\/ordoline.com\/hr\/","name":"Ordoline","description":"Confidence and predictability with every aligner case","publisher":{"@id":"https:\/\/ordoline.com\/hr\/#organization"},"potentialAction":[{"@type":"SearchAction","target":{"@type":"EntryPoint","urlTemplate":"https:\/\/ordoline.com\/hr\/?s={search_term_string}"},"query-input":{"@type":"PropertyValueSpecification","valueRequired":true,"valueName":"search_term_string"}}],"inLanguage":"hr"},{"@type":"Organization","@id":"https:\/\/ordoline.com\/hr\/#organization","name":"Ordoline","url":"https:\/\/ordoline.com\/hr\/","logo":{"@type":"ImageObject","inLanguage":"hr","@id":"https:\/\/ordoline.com\/hr\/#\/schema\/logo\/image\/","url":"https:\/\/ordoline.com\/wp-content\/uploads\/2021\/08\/ordoline_logo-juodas-4.png","contentUrl":"https:\/\/ordoline.com\/wp-content\/uploads\/2021\/08\/ordoline_logo-juodas-4.png","width":199,"height":40,"caption":"Ordoline"},"image":{"@id":"https:\/\/ordoline.com\/hr\/#\/schema\/logo\/image\/"}}]}},"_links":{"self":[{"href":"https:\/\/ordoline.com\/hr\/wp-json\/wp\/v2\/pages\/32315","targetHints":{"allow":["GET"]}}],"collection":[{"href":"https:\/\/ordoline.com\/hr\/wp-json\/wp\/v2\/pages"}],"about":[{"href":"https:\/\/ordoline.com\/hr\/wp-json\/wp\/v2\/types\/page"}],"author":[{"embeddable":true,"href":"https:\/\/ordoline.com\/hr\/wp-json\/wp\/v2\/users\/1"}],"replies":[{"embeddable":true,"href":"https:\/\/ordoline.com\/hr\/wp-json\/wp\/v2\/comments?post=32315"}],"version-history":[{"count":1,"href":"https:\/\/ordoline.com\/hr\/wp-json\/wp\/v2\/pages\/32315\/revisions"}],"predecessor-version":[{"id":32317,"href":"https:\/\/ordoline.com\/hr\/wp-json\/wp\/v2\/pages\/32315\/revisions\/32317"}],"wp:attachment":[{"href":"https:\/\/ordoline.com\/hr\/wp-json\/wp\/v2\/media?parent=32315"}],"curies":[{"name":"wp","href":"https:\/\/api.w.org\/{rel}","templated":true}]}}