{"id":32309,"date":"2023-03-30T10:32:51","date_gmt":"2023-03-30T10:32:51","guid":{"rendered":"https:\/\/ordoline.com\/privacy-policy\/"},"modified":"2025-07-24T13:58:11","modified_gmt":"2025-07-24T13:58:11","slug":"privacy-policy","status":"publish","type":"page","link":"https:\/\/ordoline.com\/hr\/privacy-policy\/","title":{"rendered":"Pravila o privatnosti"},"content":{"rendered":"\n<h2 class=\"wp-block-heading\">Obrada osobnih podataka na web stranici<\/h2>\n\n\n\n<p>Ako posjetite na\u0161u web stranicu, Ordoline mo\u017ee pohraniti podatke koje primite prilikom registracije: IP adresu, podatke o mre\u017ei i lokaciji i tako dalje. Podaci se pohranjuju pomo\u0107u kola\u010di\u0107a i drugih sli\u010dnih tehnologija.<br>Ako ne \u017eelite da pristupamo va\u0161im osobnim podacima na na\u0161oj web stranici, preporu\u010dujemo da aktivirate sustav privatnog pregledavanja u svom pregledniku.<\/p>\n\n\n\n<p>Pomo\u0107u web stranice mo\u017eete se registrirati u navedenim stomatolo\u0161kim ordinacijama davanjem svojih kontaktnih podataka (ime, prezime, adresa e-po\u0161te, broj telefona). Va\u0161i kontaktni podaci bit \u0107e preneseni u stomatolo\u0161ku ordinaciju.<\/p>\n\n\n\n<p>Na stranici \u201eLije\u010dnici\u201c lije\u010dnici se mogu registrirati za edukacije davanjem svojih kontaktnih podataka (ime, prezime, adresa e-po\u0161te, broj telefona, radno mjesto). Ove osobne podatke Ordoline obra\u0111uje samo u svrhu organiziranja edukacija.<\/p>\n\n\n\n<p>Tako\u0111er mo\u017eete dati svoju privolu da Ordoline obra\u0111uje va\u0161e osobne podatke (ime, adresa e-po\u0161te, broj telefona) u svrhu izravnog marketinga.<\/p>\n\n\n\n<h2 class=\"wp-block-heading\">Obrada osobnih podataka za izravni marketing<\/h2>\n\n\n\n<p>Nastojimo osigurati da su informacije koje vam \u0161aljemo prihvatljive i korisne za vas te se trudimo osigurati da su i informacije i ponude u potpunosti relevantne za na\u0161e poslovanje. Iz tog razloga, Ordoline \u0107e obra\u0111ivati va\u0161e osobne podatke (ime, adresu e-po\u0161te, telefonski broj) samo u svrhu izravnog marketinga i samo uz va\u0161 izri\u010dit pristanak.<\/p>\n\n\n\n<p>Osobni podaci mogu se koristiti u svrhu izravnog marketinga u sljede\u0107im situacijama:<\/p>\n\n\n\n<ul class=\"wp-block-list\">\n<li>E-po\u0161ta s Ordoline ponudama.<\/li>\n\n\n\n<li>E-po\u0161ta s novostima o Ordoline aktivnostima.<\/li>\n\n\n\n<li>E-po\u0161ta s pozivnicama za seminare, dane otvorenih vrata i druge sli\u010dne doga\u0111aje.<\/li>\n\n\n\n<li>U bilo kojem trenutku mo\u017eete se isklju\u010diti iz obrade svojih osobnih podataka u svrhu izravnog marketinga kontaktiranjem info@ordoline.com. Tako\u0111er je va\u017eno naglasiti da imate pravo pristupa svojim osobnim podacima, koje zadr\u017eavamo.<\/li>\n<\/ul>\n\n\n\n<h2 class=\"wp-block-heading\">Primatelji osobnih podataka<\/h2>\n\n\n\n<p>Imajte na umu da Ordoline koristi neke pru\u017eatelje usluga koji su odgovorni za obradu va\u0161ih podataka. Ti obra\u0111iva\u010di su pru\u017eatelji usluga ogla\u0161avanja, marketinga, softvera i podr\u0161ke kojima se va\u0161i osobni podaci otkrivaju samo u mjeri u kojoj je to potrebno za pru\u017eanje tih usluga.<\/p>\n\n\n\n<h2 class=\"wp-block-heading\">Razdoblje \u010duvanja podataka<\/h2>\n\n\n\n<p>Ovisno o zakonskim zahtjevima te vrsti i prirodi va\u0161ih osobnih podataka, va\u0161i se osobni podaci pohranjuju do 3 godine. Podaci obra\u0111eni u svrhu izravnog marketinga pohranjuju se 2 godine od datuma va\u0161e privole. Osobni podaci obra\u0111eni u svrhu organiziranja edukacije bit \u0107e pohranjeni 3 godine.<\/p>\n\n\n\n<p>\u0160to poduzimamo kako bismo za\u0161titili va\u0161e podatke?<\/p>\n\n\n\n<p>Va\u0161i osobni podaci (ime, adresa e-po\u0161te, telefonski broj itd.) za\u0161ti\u0107eni su od gubitka, neovla\u0161tene upotrebe ili izmjene tih podataka bez zakonskog opravdanja.<br>Budu\u0107i da smo stalno zainteresirani za dobre prakse za\u0161tite podataka i tehni\u010dka sredstva, osiguravamo da se va\u0161i osobni podaci koriste samo za pru\u017eanje kvalitetnijih i pristupa\u010dnijih usluga. Koristimo samo pouzdana fizi\u010dka i tehni\u010dka sredstva za za\u0161titu svih podataka o kupcima.<\/p>\n\n\n\n<h2 class=\"wp-block-heading\">Va\u0161a prava<\/h2>\n\n\n\n<p>Imate sljede\u0107a prava u vezi s va\u0161im osobnim podacima:<\/p>\n\n\n\n<ul class=\"wp-block-list\">\n<li>Izrazite \u017eelju da se upoznate sa svojim osobnim podacima i na\u010delima njihovog prikupljanja i upravljanja.<\/li>\n\n\n\n<li>Zatra\u017eite ispravak pogre\u0161nih, neto\u010dnih ili nepotpunih osobnih podataka, kao i brisanje ili ograni\u010davanje kori\u0161tenja takvih podataka, ako za to postoji zakonska osnova.<\/li>\n\n\n\n<li>Zatra\u017eite prijenos svojih osobnih podataka drugom voditelju obrade ili njihov izravni prijenos vama.<\/li>\n\n\n\n<li>Ne sla\u017eete se s na\u010delima obrade svojih osobnih podataka ako se obra\u0111uju kr\u0161e\u0107i zakonske zahtjeve.<\/li>\n\n\n\n<li>Ako se va\u0161i podaci obra\u0111uju zasebno, u bilo kojem trenutku mo\u017eete povu\u0107i svoju privolu za obradu osobnih podataka kontaktiranjem info@ordoline.com<\/li>\n\n\n\n<li>Ako sumnjate da se va\u0161i osobni podaci obra\u0111uju nezakonito kr\u0161e\u0107i va\u0161a prava, mo\u017eete se obratiti nadle\u017enim tijelima za ovo pitanje i podnijeti pritu\u017ebu. Ako se pojavi problem, Ordoline preporu\u010duje da nas kontaktirate kako bismo prona\u0161li najbolje rje\u0161enje.<\/li>\n<\/ul>\n\n\n\n<h2 class=\"wp-block-heading\">Kontakt informacije<\/h2>\n\n\n\n<p>Ako imate bilo kakvih pitanja ili nedoumica, molimo kontaktirajte nas:<br>UAB Ordoline<br>Adresa: A. Vivulskio str. 7, Vilnius, LT-03162<br><a href=\"mailto:info@ordoline.com\">info@ordoline.com<\/a><br><a href=\"tel:\">+370 687 847 28<\/a><\/p>\n\n\n\n<h2 class=\"wp-block-heading\">A\u017euriranje pravila<\/h2>\n\n\n\n<p>Pridr\u017eavamo pravo povremenog a\u017euriranja i izmjene na\u0161ih Pravila o privatnosti. Obavijestit \u0107emo vas o svim promjenama na na\u0161oj web stranici. Posjetitelj treba biti svjestan da nastavkom kori\u0161tenja web stranice prihva\u0107a promjene pravila.<\/p>\n","protected":false},"excerpt":{"rendered":"<p>Obrada osobnih podataka na web stranici Ako posjetite na\u0161u web stranicu, Ordoline mo\u017ee pohraniti podatke koje primite prilikom registracije: IP adresu, podatke o mre\u017ei i lokaciji i tako dalje. Podaci se pohranjuju pomo\u0107u kola\u010di\u0107a i drugih sli\u010dnih tehnologija.Ako ne \u017eelite da pristupamo va\u0161im osobnim podacima na na\u0161oj web stranici, preporu\u010dujemo da aktivirate sustav privatnog pregledavanja [&hellip;]<\/p>\n","protected":false},"author":1,"featured_media":0,"parent":0,"menu_order":0,"comment_status":"closed","ping_status":"closed","template":"template-privacy.php","meta":{"_acf_changed":false,"inline_featured_image":false,"footnotes":""},"class_list":["post-32309","page","type-page","status-publish","hentry"],"acf":[],"yoast_head":"<!-- This site is optimized with the Yoast SEO plugin v25.9 - https:\/\/yoast.com\/wordpress\/plugins\/seo\/ -->\n<title>Pravila o privatnosti - Ordoline<\/title>\n<meta name=\"robots\" content=\"index, follow, max-snippet:-1, max-image-preview:large, max-video-preview:-1\" \/>\n<link rel=\"canonical\" href=\"https:\/\/ordoline.com\/hr\/privacy-policy\/\" \/>\n<meta property=\"og:locale\" content=\"hr_HR\" \/>\n<meta property=\"og:type\" content=\"article\" \/>\n<meta property=\"og:title\" content=\"Pravila o privatnosti - Ordoline\" \/>\n<meta property=\"og:description\" content=\"Obrada osobnih podataka na web stranici Ako posjetite na\u0161u web stranicu, Ordoline mo\u017ee pohraniti podatke koje primite prilikom registracije: IP adresu, podatke o mre\u017ei i lokaciji i tako dalje. Podaci se pohranjuju pomo\u0107u kola\u010di\u0107a i drugih sli\u010dnih tehnologija.Ako ne \u017eelite da pristupamo va\u0161im osobnim podacima na na\u0161oj web stranici, preporu\u010dujemo da aktivirate sustav privatnog pregledavanja [&hellip;]\" \/>\n<meta property=\"og:url\" content=\"https:\/\/ordoline.com\/hr\/privacy-policy\/\" \/>\n<meta property=\"og:site_name\" content=\"Ordoline\" \/>\n<meta property=\"article:modified_time\" content=\"2025-07-24T13:58:11+00:00\" \/>\n<meta name=\"twitter:card\" content=\"summary_large_image\" \/>\n<meta name=\"twitter:label1\" content=\"Procijenjeno vrijeme \u010ditanja\" \/>\n\t<meta name=\"twitter:data1\" content=\"3 minute\" \/>\n<script type=\"application\/ld+json\" class=\"yoast-schema-graph\">{\"@context\":\"https:\/\/schema.org\",\"@graph\":[{\"@type\":\"WebPage\",\"@id\":\"https:\/\/ordoline.com\/hr\/privacy-policy\/\",\"url\":\"https:\/\/ordoline.com\/hr\/privacy-policy\/\",\"name\":\"Pravila o privatnosti - Ordoline\",\"isPartOf\":{\"@id\":\"https:\/\/ordoline.com\/hr\/#website\"},\"datePublished\":\"2023-03-30T10:32:51+00:00\",\"dateModified\":\"2025-07-24T13:58:11+00:00\",\"breadcrumb\":{\"@id\":\"https:\/\/ordoline.com\/hr\/privacy-policy\/#breadcrumb\"},\"inLanguage\":\"hr\",\"potentialAction\":[{\"@type\":\"ReadAction\",\"target\":[\"https:\/\/ordoline.com\/hr\/privacy-policy\/\"]}]},{\"@type\":\"BreadcrumbList\",\"@id\":\"https:\/\/ordoline.com\/hr\/privacy-policy\/#breadcrumb\",\"itemListElement\":[{\"@type\":\"ListItem\",\"position\":1,\"name\":\"Home\",\"item\":\"https:\/\/ordoline.com\/hr\/\"},{\"@type\":\"ListItem\",\"position\":2,\"name\":\"Pravila o privatnosti\"}]},{\"@type\":\"WebSite\",\"@id\":\"https:\/\/ordoline.com\/hr\/#website\",\"url\":\"https:\/\/ordoline.com\/hr\/\",\"name\":\"Ordoline\",\"description\":\"Confidence and predictability with every aligner case\",\"publisher\":{\"@id\":\"https:\/\/ordoline.com\/hr\/#organization\"},\"potentialAction\":[{\"@type\":\"SearchAction\",\"target\":{\"@type\":\"EntryPoint\",\"urlTemplate\":\"https:\/\/ordoline.com\/hr\/?s={search_term_string}\"},\"query-input\":{\"@type\":\"PropertyValueSpecification\",\"valueRequired\":true,\"valueName\":\"search_term_string\"}}],\"inLanguage\":\"hr\"},{\"@type\":\"Organization\",\"@id\":\"https:\/\/ordoline.com\/hr\/#organization\",\"name\":\"Ordoline\",\"url\":\"https:\/\/ordoline.com\/hr\/\",\"logo\":{\"@type\":\"ImageObject\",\"inLanguage\":\"hr\",\"@id\":\"https:\/\/ordoline.com\/hr\/#\/schema\/logo\/image\/\",\"url\":\"https:\/\/ordoline.com\/wp-content\/uploads\/2021\/08\/ordoline_logo-juodas-4.png\",\"contentUrl\":\"https:\/\/ordoline.com\/wp-content\/uploads\/2021\/08\/ordoline_logo-juodas-4.png\",\"width\":199,\"height\":40,\"caption\":\"Ordoline\"},\"image\":{\"@id\":\"https:\/\/ordoline.com\/hr\/#\/schema\/logo\/image\/\"}}]}<\/script>\n<!-- \/ Yoast SEO plugin. -->","yoast_head_json":{"title":"Pravila o privatnosti - Ordoline","robots":{"index":"index","follow":"follow","max-snippet":"max-snippet:-1","max-image-preview":"max-image-preview:large","max-video-preview":"max-video-preview:-1"},"canonical":"https:\/\/ordoline.com\/hr\/privacy-policy\/","og_locale":"hr_HR","og_type":"article","og_title":"Pravila o privatnosti - Ordoline","og_description":"Obrada osobnih podataka na web stranici Ako posjetite na\u0161u web stranicu, Ordoline mo\u017ee pohraniti podatke koje primite prilikom registracije: IP adresu, podatke o mre\u017ei i lokaciji i tako dalje. Podaci se pohranjuju pomo\u0107u kola\u010di\u0107a i drugih sli\u010dnih tehnologija.Ako ne \u017eelite da pristupamo va\u0161im osobnim podacima na na\u0161oj web stranici, preporu\u010dujemo da aktivirate sustav privatnog pregledavanja [&hellip;]","og_url":"https:\/\/ordoline.com\/hr\/privacy-policy\/","og_site_name":"Ordoline","article_modified_time":"2025-07-24T13:58:11+00:00","twitter_card":"summary_large_image","twitter_misc":{"Procijenjeno vrijeme \u010ditanja":"3 minute"},"schema":{"@context":"https:\/\/schema.org","@graph":[{"@type":"WebPage","@id":"https:\/\/ordoline.com\/hr\/privacy-policy\/","url":"https:\/\/ordoline.com\/hr\/privacy-policy\/","name":"Pravila o privatnosti - Ordoline","isPartOf":{"@id":"https:\/\/ordoline.com\/hr\/#website"},"datePublished":"2023-03-30T10:32:51+00:00","dateModified":"2025-07-24T13:58:11+00:00","breadcrumb":{"@id":"https:\/\/ordoline.com\/hr\/privacy-policy\/#breadcrumb"},"inLanguage":"hr","potentialAction":[{"@type":"ReadAction","target":["https:\/\/ordoline.com\/hr\/privacy-policy\/"]}]},{"@type":"BreadcrumbList","@id":"https:\/\/ordoline.com\/hr\/privacy-policy\/#breadcrumb","itemListElement":[{"@type":"ListItem","position":1,"name":"Home","item":"https:\/\/ordoline.com\/hr\/"},{"@type":"ListItem","position":2,"name":"Pravila o privatnosti"}]},{"@type":"WebSite","@id":"https:\/\/ordoline.com\/hr\/#website","url":"https:\/\/ordoline.com\/hr\/","name":"Ordoline","description":"Confidence and predictability with every aligner case","publisher":{"@id":"https:\/\/ordoline.com\/hr\/#organization"},"potentialAction":[{"@type":"SearchAction","target":{"@type":"EntryPoint","urlTemplate":"https:\/\/ordoline.com\/hr\/?s={search_term_string}"},"query-input":{"@type":"PropertyValueSpecification","valueRequired":true,"valueName":"search_term_string"}}],"inLanguage":"hr"},{"@type":"Organization","@id":"https:\/\/ordoline.com\/hr\/#organization","name":"Ordoline","url":"https:\/\/ordoline.com\/hr\/","logo":{"@type":"ImageObject","inLanguage":"hr","@id":"https:\/\/ordoline.com\/hr\/#\/schema\/logo\/image\/","url":"https:\/\/ordoline.com\/wp-content\/uploads\/2021\/08\/ordoline_logo-juodas-4.png","contentUrl":"https:\/\/ordoline.com\/wp-content\/uploads\/2021\/08\/ordoline_logo-juodas-4.png","width":199,"height":40,"caption":"Ordoline"},"image":{"@id":"https:\/\/ordoline.com\/hr\/#\/schema\/logo\/image\/"}}]}},"_links":{"self":[{"href":"https:\/\/ordoline.com\/hr\/wp-json\/wp\/v2\/pages\/32309","targetHints":{"allow":["GET"]}}],"collection":[{"href":"https:\/\/ordoline.com\/hr\/wp-json\/wp\/v2\/pages"}],"about":[{"href":"https:\/\/ordoline.com\/hr\/wp-json\/wp\/v2\/types\/page"}],"author":[{"embeddable":true,"href":"https:\/\/ordoline.com\/hr\/wp-json\/wp\/v2\/users\/1"}],"replies":[{"embeddable":true,"href":"https:\/\/ordoline.com\/hr\/wp-json\/wp\/v2\/comments?post=32309"}],"version-history":[{"count":1,"href":"https:\/\/ordoline.com\/hr\/wp-json\/wp\/v2\/pages\/32309\/revisions"}],"predecessor-version":[{"id":32324,"href":"https:\/\/ordoline.com\/hr\/wp-json\/wp\/v2\/pages\/32309\/revisions\/32324"}],"wp:attachment":[{"href":"https:\/\/ordoline.com\/hr\/wp-json\/wp\/v2\/media?parent=32309"}],"curies":[{"name":"wp","href":"https:\/\/api.w.org\/{rel}","templated":true}]}}