{"id":32308,"date":"2023-03-30T10:58:49","date_gmt":"2023-03-30T10:58:49","guid":{"rendered":"https:\/\/ordoline.com\/terms-of-service\/"},"modified":"2025-07-24T14:24:56","modified_gmt":"2025-07-24T14:24:56","slug":"terms-of-service","status":"publish","type":"page","link":"https:\/\/ordoline.com\/hr\/terms-of-service\/","title":{"rendered":"Uvjeti pru\u017eanja usluge"},"content":{"rendered":"\n<h3 class=\"wp-block-heading\">Kori\u0161tenje web stranice Ordoline podlo\u017eno je va\u0161em pridr\u017eavanju sljede\u0107ih uvjeta<\/h3>\n\n\n\n<p>Molimo vas da pregledate sljede\u0107e uvjete i odredbe koji se odnose na va\u0161e kori\u0161tenje web stranice. Pristupom, kori\u0161tenjem ili preuzimanjem bilo kakvih informacija i\/ili materijala s web stranice, pristajete slijediti i biti obvezani ovim uvjetima i odredbama (\u201eUvjeti pru\u017eanja usluge\u201c). Ako se ne sla\u017eete s ovim Uvjetima pru\u017eanja usluge, ne smijete koristiti ovu web stranicu. Ova web stranica mo\u017ee sadr\u017eavati druge vlasni\u010dke obavijesti i informacije o autorskim pravima, \u010dijih se uvjeta morate pridr\u017eavati.<\/p>\n\n\n\n<p>Izrazi \u201evi\u201c, \u201eva\u0161\u201c i \u201eva\u0161\u201c odnose se na vas, posjetitelja ili korisnika web stranice. Izrazi \u201eOrdoline\u201c, \u201emi\u201c, \u201enas\u201c i \u201ena\u0161\u201c odnose se na Ordoline.<\/p>\n\n\n\n<h2 class=\"wp-block-heading\">Medicinska izjava o odricanju odgovornosti<\/h2>\n\n\n\n<p>Sve informacije sadr\u017eane na ovoj web stranici, uklju\u010duju\u0107i informacije koje se odnose na ortodontske, stomatolo\u0161ke, medicinske i zdravstvene probleme te proizvode i tretmane, slu\u017ee samo u informativne svrhe. Ove informacije ne treba smatrati potpunima i nisu namijenjene kori\u0161tenju umjesto posjeta pacijentu, poziva, konzultacija ili savjeta ortodonta, stomatologa ili medicinskog stru\u010dnjaka, niti bilo kojih informacija sadr\u017eanih na ili u bilo kojem pakiranju ili etiketama proizvoda. Informacije dobivene kori\u0161tenjem web stranice nisu iscrpne i ne pokrivaju sve ortodontske ili stomatolo\u0161ke postupke ili tretmane.<br>Informacije na ovoj web stranici i sve poveznice na druge stranice slu\u017ee samo u informativne svrhe i nisu namijenjene pru\u017eanju medicinskih savjeta za bilo koje specifi\u010dno zdravstveno stanje koje mo\u017eda imate. Ova web stranica ne stvara odnos lije\u010dnik\/pacijent.<\/p>\n\n\n\n<h2 class=\"wp-block-heading\"><strong>1. <\/strong>Kori\u0161tenje sadr\u017eaja web stranice<\/h2>\n\n\n\n<p>U skladu s ovim Uvjetima pru\u017eanja usluge, dajemo vam ograni\u010denu, osobnu, opozivu, neisklju\u010divu i neprenosivu licencu za kori\u0161tenje web stranice za va\u0161u osobnu upotrebu, a ne za preprodaju ili daljnju distribuciju. Sla\u017eete se da ne\u0107ete reproducirati, umno\u017eavati, kopirati, prodavati, preprodavati ili iskori\u0161tavati u komercijalne svrhe kori\u0161tenje web stranice, pristup web stranici ili bilo koji sadr\u017eaj dostupan putem web stranice. Sla\u017eete se da ne\u0107ete kopirati ili objavljivati na bilo kojem umre\u017eenom ra\u010dunalu, emitirati u bilo kojem mediju ili koristiti, mijenjati, distribuirati, objavljivati, prenositi ili stvarati izvedena djela bilo kojeg materijala prona\u0111enog na na\u0161oj web stranici u bilo koje javne ili komercijalne svrhe. Nije vam dopu\u0161teno mijenjati bilo koji materijal s ove web stranice na bilo koji na\u010din.<\/p>\n\n\n\n<p>Osim kako je izri\u010dito navedeno gore, ni\u0161ta sadr\u017eano na ovoj web stranici ne\u0107e se tuma\u010diti kao davanje implicitno, estoppelom ili na drugi na\u010din bilo kakve licence ili prava prema bilo kojem autorskom pravu, patentu, \u017eigu ili drugom pravu intelektualnog vlasni\u0161tva Ordolinea ili bilo koje tre\u0107e strane.<br><\/p>\n\n\n\n<h2 class=\"wp-block-heading\"><strong>2. <\/strong>Pona\u0161anje korisnika<\/h2>\n\n\n\n<p>Sla\u017eete se da ne\u0107ete koristiti web-stranicu za:<\/p>\n\n\n\n<ul class=\"wp-block-list\">\n<li>objavljivati ili prenositi bilo koji materijal koji nije povezan s temom web stranice;<\/li>\n\n\n\n<li>kr\u0161iti ili poticati kr\u0161enje bilo kojeg primjenjivog lokalnog, dr\u017eavnog, nacionalnog ili me\u0111unarodnog zakona ili propisa;<\/li>\n\n\n\n<li>kr\u0161iti prava bilo koje tre\u0107e strane, uklju\u010duju\u0107i, ali ne ograni\u010davaju\u0107i se na prava intelektualnog vlasni\u0161tva, ugovorna prava i prava na privatnost ili publicitet;<\/li>\n\n\n\n<li>ometati ili prekidati rad web stranice, ra\u010dunalnih poslu\u017eitelja ili plo\u010da dostupnih putem web stranice;<\/li>\n\n\n\n<li>namjerno tra\u017eiti informacije, dobivati kopije ili mijenjati datoteke ili druge podatke ili lozinke koje pripadaju drugim korisnicima bez dopu\u0161tenja; ili prikupljati korisni\u010dka imena, adrese e-po\u0161te ili druge osobne podatke u bilo koju svrhu;<\/li>\n\n\n\n<li>la\u017eno se predstavljati kao bilo koja osoba ili la\u017eno navoditi ili na drugi na\u010din la\u017eno predstavljati svoju povezanost s osobom ili subjektom;<\/li>\n\n\n\n<li>klevetati, zlostavljati, uznemiravati, uhoditi, prijetiti ili na drugi na\u010din kr\u0161iti zakonska prava (kao \u0161to su prava na privatnost i publicitet) drugih; koristiti rasno, etni\u010dki ili na drugi na\u010din uvredljiv jezik; ili raspravljati ili poticati nezakonite aktivnosti; ili koristiti eksplicitan\/opscen jezik ili tra\u017eiti\/objavljivati seksualno eksplicitne slike (stvarne ili simulirane);<\/li>\n\n\n\n<li>promovirati informacije za koje znate da su la\u017ene ili obmanjuju\u0107e ili koje poti\u010du ili olak\u0161avaju nezakonite aktivnosti, piratstvo ili pona\u0161anje koje je uvredljivo, prijete\u0107e, opsceno, klevetni\u010dko ili pogrdno;<\/li>\n\n\n\n<li>sudjelovati u ili olak\u0161ati prijenos ne\u017eeljene masovne po\u0161te ili ne\u017eeljene po\u0161te.<\/li>\n<\/ul>\n\n\n\n<p>Ako koristite web stranicu za bilo \u0161to od navedenog, Ordoline mo\u017ee, prema vlastitom naho\u0111enju, ukinuti va\u0161u mogu\u0107nost kori\u0161tenja web stranice i kazneno vas goniti u najve\u0107oj mogu\u0107oj mjeri dopu\u0161tenoj zakonom.<\/p>\n\n\n\n<h2 class=\"wp-block-heading\"><strong>3. <\/strong>Podaci o pla\u0107anju<\/h2>\n\n\n\n<p>Puna cijena te\u010daja mora se platiti najkasnije 3 dana prije po\u010detka te\u010daja. Ako polaznik ne plati punu cijenu do ovog roka, organizator te\u010daja zadr\u017eava pravo otkazati registraciju sudionika i obavijestiti ga putem e-po\u0161te. Ponovna registracija je mogu\u0107a samo ako ima slobodnih mjesta.<\/p>\n\n\n\n<p>Sudionici mogu otkazati svoju registraciju do 3 dana prije po\u010detka te\u010daja. Ako to u\u010dine u tom roku, organizator \u0107e vratiti upla\u0107enu cijenu te\u010daja u roku od 5 radnih dana. Otkazivanja izvr\u0161ena 2 dana ili manje prije po\u010detka te\u010daja ne vra\u0107aju novac.<\/p>\n\n\n\n<h2 class=\"wp-block-heading\">4. Izmjena i prekid rada web stranice<\/h2>\n\n\n\n<p>Ordoline zadr\u017eava pravo u bilo kojem trenutku i s vremena na vrijeme izmijeniti ili prekinuti, privremeno ili trajno, web stranicu (ili bilo koji njezin dio) sa ili bez prethodne obavijesti. Sla\u017eete se da Ordoline ne\u0107e biti odgovoran vama ili bilo kojoj tre\u0107oj strani za bilo kakvu izmjenu, obustavu ili prekid rada web stranice. Tako\u0111er mo\u017eemo u bilo kojem trenutku bez prethodne obavijesti izvr\u0161iti pobolj\u0161anja i\/ili promjene u proizvodima, uslugama i\/ili programima opisanim na ovoj web stranici.<\/p>\n\n\n\n<h2 class=\"wp-block-heading\"><strong>5. <\/strong>Druge web stranice i resursi<\/h2>\n\n\n\n<p>Tre\u0107e strane koje koriste web stranicu mogu pru\u017eati poveznice ili pristup drugim web stranicama i resursima. Budu\u0107i da Ordoline nema kontrolu nad takvim stranicama i resursima, potvr\u0111ujete i sla\u017eete se da Ordoline nije odgovoran za dostupnost takvih stranica ili resursa te ne podr\u017eava i nije odgovoran za bilo koji sadr\u017eaj, ogla\u0161avanje, proizvode ili druge materijale na takvim stranicama ili resursima ili dostupne s takvih stranica ili resursa. Nadalje, potvr\u0111ujete i sla\u017eete se da Ordoline ne\u0107e biti odgovoran, izravno ili neizravno, za bilo kakvu \u0161tetu ili gubitak uzrokovan ili za koji se tvrdi da je uzrokovan ili u vezi s kori\u0161tenjem ili oslanjanjem na bilo koji takav sadr\u017eaj, robu ili web stranice dostupne na ili putem bilo koje takve stranice ili resursa.<\/p>\n\n\n\n<p><\/p>\n\n\n\n<p><\/p>\n\n\n\n<p><\/p>\n","protected":false},"excerpt":{"rendered":"<p>Kori\u0161tenje web stranice Ordoline podlo\u017eno je va\u0161em pridr\u017eavanju sljede\u0107ih uvjeta Molimo vas da pregledate sljede\u0107e uvjete i odredbe koji se odnose na va\u0161e kori\u0161tenje web stranice. Pristupom, kori\u0161tenjem ili preuzimanjem bilo kakvih informacija i\/ili materijala s web stranice, pristajete slijediti i biti obvezani ovim uvjetima i odredbama (\u201eUvjeti pru\u017eanja usluge\u201c). Ako se ne sla\u017eete s [&hellip;]<\/p>\n","protected":false},"author":1,"featured_media":0,"parent":0,"menu_order":0,"comment_status":"closed","ping_status":"closed","template":"template-privacy.php","meta":{"_acf_changed":false,"inline_featured_image":false,"footnotes":""},"class_list":["post-32308","page","type-page","status-publish","hentry"],"acf":[],"yoast_head":"<!-- This site is optimized with the Yoast SEO plugin v25.9 - https:\/\/yoast.com\/wordpress\/plugins\/seo\/ -->\n<title>Uvjeti pru\u017eanja usluge - Ordoline<\/title>\n<meta name=\"robots\" content=\"index, follow, max-snippet:-1, max-image-preview:large, max-video-preview:-1\" \/>\n<link rel=\"canonical\" href=\"https:\/\/ordoline.com\/hr\/terms-of-service\/\" \/>\n<meta property=\"og:locale\" content=\"hr_HR\" \/>\n<meta property=\"og:type\" content=\"article\" \/>\n<meta property=\"og:title\" content=\"Uvjeti pru\u017eanja usluge - Ordoline\" \/>\n<meta property=\"og:description\" content=\"Kori\u0161tenje web stranice Ordoline podlo\u017eno je va\u0161em pridr\u017eavanju sljede\u0107ih uvjeta Molimo vas da pregledate sljede\u0107e uvjete i odredbe koji se odnose na va\u0161e kori\u0161tenje web stranice. Pristupom, kori\u0161tenjem ili preuzimanjem bilo kakvih informacija i\/ili materijala s web stranice, pristajete slijediti i biti obvezani ovim uvjetima i odredbama (\u201eUvjeti pru\u017eanja usluge\u201c). Ako se ne sla\u017eete s [&hellip;]\" \/>\n<meta property=\"og:url\" content=\"https:\/\/ordoline.com\/hr\/terms-of-service\/\" \/>\n<meta property=\"og:site_name\" content=\"Ordoline\" \/>\n<meta property=\"article:modified_time\" content=\"2025-07-24T14:24:56+00:00\" \/>\n<meta name=\"twitter:card\" content=\"summary_large_image\" \/>\n<meta name=\"twitter:label1\" content=\"Procijenjeno vrijeme \u010ditanja\" \/>\n\t<meta name=\"twitter:data1\" content=\"5 minuta\" \/>\n<script type=\"application\/ld+json\" class=\"yoast-schema-graph\">{\"@context\":\"https:\/\/schema.org\",\"@graph\":[{\"@type\":\"WebPage\",\"@id\":\"https:\/\/ordoline.com\/hr\/terms-of-service\/\",\"url\":\"https:\/\/ordoline.com\/hr\/terms-of-service\/\",\"name\":\"Uvjeti pru\u017eanja usluge - Ordoline\",\"isPartOf\":{\"@id\":\"https:\/\/ordoline.com\/hr\/#website\"},\"datePublished\":\"2023-03-30T10:58:49+00:00\",\"dateModified\":\"2025-07-24T14:24:56+00:00\",\"breadcrumb\":{\"@id\":\"https:\/\/ordoline.com\/hr\/terms-of-service\/#breadcrumb\"},\"inLanguage\":\"hr\",\"potentialAction\":[{\"@type\":\"ReadAction\",\"target\":[\"https:\/\/ordoline.com\/hr\/terms-of-service\/\"]}]},{\"@type\":\"BreadcrumbList\",\"@id\":\"https:\/\/ordoline.com\/hr\/terms-of-service\/#breadcrumb\",\"itemListElement\":[{\"@type\":\"ListItem\",\"position\":1,\"name\":\"Home\",\"item\":\"https:\/\/ordoline.com\/hr\/\"},{\"@type\":\"ListItem\",\"position\":2,\"name\":\"Uvjeti pru\u017eanja usluge\"}]},{\"@type\":\"WebSite\",\"@id\":\"https:\/\/ordoline.com\/hr\/#website\",\"url\":\"https:\/\/ordoline.com\/hr\/\",\"name\":\"Ordoline\",\"description\":\"Confidence and predictability with every aligner case\",\"publisher\":{\"@id\":\"https:\/\/ordoline.com\/hr\/#organization\"},\"potentialAction\":[{\"@type\":\"SearchAction\",\"target\":{\"@type\":\"EntryPoint\",\"urlTemplate\":\"https:\/\/ordoline.com\/hr\/?s={search_term_string}\"},\"query-input\":{\"@type\":\"PropertyValueSpecification\",\"valueRequired\":true,\"valueName\":\"search_term_string\"}}],\"inLanguage\":\"hr\"},{\"@type\":\"Organization\",\"@id\":\"https:\/\/ordoline.com\/hr\/#organization\",\"name\":\"Ordoline\",\"url\":\"https:\/\/ordoline.com\/hr\/\",\"logo\":{\"@type\":\"ImageObject\",\"inLanguage\":\"hr\",\"@id\":\"https:\/\/ordoline.com\/hr\/#\/schema\/logo\/image\/\",\"url\":\"https:\/\/ordoline.com\/wp-content\/uploads\/2021\/08\/ordoline_logo-juodas-4.png\",\"contentUrl\":\"https:\/\/ordoline.com\/wp-content\/uploads\/2021\/08\/ordoline_logo-juodas-4.png\",\"width\":199,\"height\":40,\"caption\":\"Ordoline\"},\"image\":{\"@id\":\"https:\/\/ordoline.com\/hr\/#\/schema\/logo\/image\/\"}}]}<\/script>\n<!-- \/ Yoast SEO plugin. -->","yoast_head_json":{"title":"Uvjeti pru\u017eanja usluge - Ordoline","robots":{"index":"index","follow":"follow","max-snippet":"max-snippet:-1","max-image-preview":"max-image-preview:large","max-video-preview":"max-video-preview:-1"},"canonical":"https:\/\/ordoline.com\/hr\/terms-of-service\/","og_locale":"hr_HR","og_type":"article","og_title":"Uvjeti pru\u017eanja usluge - Ordoline","og_description":"Kori\u0161tenje web stranice Ordoline podlo\u017eno je va\u0161em pridr\u017eavanju sljede\u0107ih uvjeta Molimo vas da pregledate sljede\u0107e uvjete i odredbe koji se odnose na va\u0161e kori\u0161tenje web stranice. Pristupom, kori\u0161tenjem ili preuzimanjem bilo kakvih informacija i\/ili materijala s web stranice, pristajete slijediti i biti obvezani ovim uvjetima i odredbama (\u201eUvjeti pru\u017eanja usluge\u201c). Ako se ne sla\u017eete s [&hellip;]","og_url":"https:\/\/ordoline.com\/hr\/terms-of-service\/","og_site_name":"Ordoline","article_modified_time":"2025-07-24T14:24:56+00:00","twitter_card":"summary_large_image","twitter_misc":{"Procijenjeno vrijeme \u010ditanja":"5 minuta"},"schema":{"@context":"https:\/\/schema.org","@graph":[{"@type":"WebPage","@id":"https:\/\/ordoline.com\/hr\/terms-of-service\/","url":"https:\/\/ordoline.com\/hr\/terms-of-service\/","name":"Uvjeti pru\u017eanja usluge - Ordoline","isPartOf":{"@id":"https:\/\/ordoline.com\/hr\/#website"},"datePublished":"2023-03-30T10:58:49+00:00","dateModified":"2025-07-24T14:24:56+00:00","breadcrumb":{"@id":"https:\/\/ordoline.com\/hr\/terms-of-service\/#breadcrumb"},"inLanguage":"hr","potentialAction":[{"@type":"ReadAction","target":["https:\/\/ordoline.com\/hr\/terms-of-service\/"]}]},{"@type":"BreadcrumbList","@id":"https:\/\/ordoline.com\/hr\/terms-of-service\/#breadcrumb","itemListElement":[{"@type":"ListItem","position":1,"name":"Home","item":"https:\/\/ordoline.com\/hr\/"},{"@type":"ListItem","position":2,"name":"Uvjeti pru\u017eanja usluge"}]},{"@type":"WebSite","@id":"https:\/\/ordoline.com\/hr\/#website","url":"https:\/\/ordoline.com\/hr\/","name":"Ordoline","description":"Confidence and predictability with every aligner case","publisher":{"@id":"https:\/\/ordoline.com\/hr\/#organization"},"potentialAction":[{"@type":"SearchAction","target":{"@type":"EntryPoint","urlTemplate":"https:\/\/ordoline.com\/hr\/?s={search_term_string}"},"query-input":{"@type":"PropertyValueSpecification","valueRequired":true,"valueName":"search_term_string"}}],"inLanguage":"hr"},{"@type":"Organization","@id":"https:\/\/ordoline.com\/hr\/#organization","name":"Ordoline","url":"https:\/\/ordoline.com\/hr\/","logo":{"@type":"ImageObject","inLanguage":"hr","@id":"https:\/\/ordoline.com\/hr\/#\/schema\/logo\/image\/","url":"https:\/\/ordoline.com\/wp-content\/uploads\/2021\/08\/ordoline_logo-juodas-4.png","contentUrl":"https:\/\/ordoline.com\/wp-content\/uploads\/2021\/08\/ordoline_logo-juodas-4.png","width":199,"height":40,"caption":"Ordoline"},"image":{"@id":"https:\/\/ordoline.com\/hr\/#\/schema\/logo\/image\/"}}]}},"_links":{"self":[{"href":"https:\/\/ordoline.com\/hr\/wp-json\/wp\/v2\/pages\/32308","targetHints":{"allow":["GET"]}}],"collection":[{"href":"https:\/\/ordoline.com\/hr\/wp-json\/wp\/v2\/pages"}],"about":[{"href":"https:\/\/ordoline.com\/hr\/wp-json\/wp\/v2\/types\/page"}],"author":[{"embeddable":true,"href":"https:\/\/ordoline.com\/hr\/wp-json\/wp\/v2\/users\/1"}],"replies":[{"embeddable":true,"href":"https:\/\/ordoline.com\/hr\/wp-json\/wp\/v2\/comments?post=32308"}],"version-history":[{"count":1,"href":"https:\/\/ordoline.com\/hr\/wp-json\/wp\/v2\/pages\/32308\/revisions"}],"predecessor-version":[{"id":32326,"href":"https:\/\/ordoline.com\/hr\/wp-json\/wp\/v2\/pages\/32308\/revisions\/32326"}],"wp:attachment":[{"href":"https:\/\/ordoline.com\/hr\/wp-json\/wp\/v2\/media?parent=32308"}],"curies":[{"name":"wp","href":"https:\/\/api.w.org\/{rel}","templated":true}]}}