{"id":39956,"date":"2021-08-18T08:13:05","date_gmt":"2021-08-18T08:13:05","guid":{"rendered":"https:\/\/ordoline.com\/next-generation-aligners-for-advanced-treatment-and-improved-quality-of-life-b2c\/"},"modified":"2025-11-28T07:16:19","modified_gmt":"2025-11-28T07:16:19","slug":"next-generation-aligners-for-advanced-treatment-and-improved-quality-of-life-b2c","status":"publish","type":"page","link":"https:\/\/ordoline.com\/fe-be\/next-generation-aligners-for-advanced-treatment-and-improved-quality-of-life-b2c\/","title":{"rendered":"Redressement invisible des dents pour un beau sourire \u00e9clatant de sant\u00e9"},"content":{"rendered":"\n<p>Le traitement avec les aligneurs Ordoline est une solution moderne, efficace et scientifiquement prouv\u00e9e qui permet de redresser les dents pour tous les cas d\u2019orthodontie. M\u00eame les cas qui, auparavant, ne pouvaient \u00eatre trait\u00e9s qu\u2019avec des appareils dentaires.<\/p>\n\n\n\n<p>Notre objectif est d\u2019obtenir les r\u00e9sultats souhait\u00e9s et d\u2019am\u00e9liorer votre sant\u00e9 bucco-dentaire globale, afin de vous \u00e9viter des probl\u00e8mes dentaires \u00e0 l\u2019avenir. Le syst\u00e8me avanc\u00e9 de redressement des dents Ordoline offre \u00e0 tous la possibilit\u00e9 de retrouver un magnifique sourire sain, gr\u00e2ce \u00e0 un traitement confortable et pratique.<\/p>\n","protected":false},"excerpt":{"rendered":"<p>Le traitement avec les aligneurs Ordoline est une solution moderne, efficace et scientifiquement prouv\u00e9e qui permet de redresser les dents pour tous les cas d\u2019orthodontie. M\u00eame les cas qui, auparavant, ne pouvaient \u00eatre trait\u00e9s qu\u2019avec des appareils dentaires. Notre objectif est d\u2019obtenir les r\u00e9sultats souhait\u00e9s et d\u2019am\u00e9liorer votre sant\u00e9 bucco-dentaire globale, afin de vous \u00e9viter [&hellip;]<\/p>\n","protected":false},"author":1,"featured_media":39958,"parent":0,"menu_order":0,"comment_status":"closed","ping_status":"closed","template":"page-about-b2c.php","meta":{"_acf_changed":false,"inline_featured_image":false,"footnotes":""},"class_list":["post-39956","page","type-page","status-publish","has-post-thumbnail","hentry"],"acf":[],"yoast_head":"<!-- This site is optimized with the Yoast SEO plugin v25.9 - https:\/\/yoast.com\/wordpress\/plugins\/seo\/ -->\n<title>Redressement invisible des dents pour un beau sourire \u00e9clatant de sant\u00e9 - Ordoline<\/title>\n<meta name=\"robots\" content=\"index, follow, max-snippet:-1, max-image-preview:large, max-video-preview:-1\" \/>\n<link rel=\"canonical\" href=\"https:\/\/ordoline.com\/fe-be\/next-generation-aligners-for-advanced-treatment-and-improved-quality-of-life-b2c\/\" \/>\n<meta property=\"og:locale\" content=\"en_US\" \/>\n<meta property=\"og:type\" content=\"article\" \/>\n<meta property=\"og:title\" content=\"Redressement invisible des dents pour un beau sourire \u00e9clatant de sant\u00e9 - Ordoline\" \/>\n<meta property=\"og:description\" content=\"Le traitement avec les aligneurs Ordoline est une solution moderne, efficace et scientifiquement prouv\u00e9e qui permet de redresser les dents pour tous les cas d\u2019orthodontie. M\u00eame les cas qui, auparavant, ne pouvaient \u00eatre trait\u00e9s qu\u2019avec des appareils dentaires. Notre objectif est d\u2019obtenir les r\u00e9sultats souhait\u00e9s et d\u2019am\u00e9liorer votre sant\u00e9 bucco-dentaire globale, afin de vous \u00e9viter [&hellip;]\" \/>\n<meta property=\"og:url\" content=\"https:\/\/ordoline.com\/fe-be\/next-generation-aligners-for-advanced-treatment-and-improved-quality-of-life-b2c\/\" \/>\n<meta property=\"og:site_name\" content=\"Ordoline\" \/>\n<meta property=\"article:modified_time\" content=\"2025-11-28T07:16:19+00:00\" \/>\n<meta property=\"og:image\" content=\"https:\/\/ordoline.com\/wp-content\/uploads\/2025\/05\/open-box-2.webp\" \/>\n\t<meta property=\"og:image:width\" content=\"708\" \/>\n\t<meta property=\"og:image:height\" content=\"869\" \/>\n\t<meta property=\"og:image:type\" content=\"image\/webp\" \/>\n<meta name=\"twitter:card\" content=\"summary_large_image\" \/>\n<meta name=\"twitter:label1\" content=\"Est. reading time\" \/>\n\t<meta name=\"twitter:data1\" content=\"1 minute\" \/>\n<script type=\"application\/ld+json\" class=\"yoast-schema-graph\">{\"@context\":\"https:\/\/schema.org\",\"@graph\":[{\"@type\":\"WebPage\",\"@id\":\"https:\/\/ordoline.com\/fe-be\/next-generation-aligners-for-advanced-treatment-and-improved-quality-of-life-b2c\/\",\"url\":\"https:\/\/ordoline.com\/fe-be\/next-generation-aligners-for-advanced-treatment-and-improved-quality-of-life-b2c\/\",\"name\":\"Redressement invisible des dents pour un beau sourire \u00e9clatant de sant\u00e9 - Ordoline\",\"isPartOf\":{\"@id\":\"https:\/\/ordoline.com\/fe-be\/#website\"},\"primaryImageOfPage\":{\"@id\":\"https:\/\/ordoline.com\/fe-be\/next-generation-aligners-for-advanced-treatment-and-improved-quality-of-life-b2c\/#primaryimage\"},\"image\":{\"@id\":\"https:\/\/ordoline.com\/fe-be\/next-generation-aligners-for-advanced-treatment-and-improved-quality-of-life-b2c\/#primaryimage\"},\"thumbnailUrl\":\"https:\/\/ordoline.com\/wp-content\/uploads\/2025\/05\/open-box-2.webp\",\"datePublished\":\"2021-08-18T08:13:05+00:00\",\"dateModified\":\"2025-11-28T07:16:19+00:00\",\"breadcrumb\":{\"@id\":\"https:\/\/ordoline.com\/fe-be\/next-generation-aligners-for-advanced-treatment-and-improved-quality-of-life-b2c\/#breadcrumb\"},\"inLanguage\":\"fe-BE\",\"potentialAction\":[{\"@type\":\"ReadAction\",\"target\":[\"https:\/\/ordoline.com\/fe-be\/next-generation-aligners-for-advanced-treatment-and-improved-quality-of-life-b2c\/\"]}]},{\"@type\":\"ImageObject\",\"inLanguage\":\"fe-BE\",\"@id\":\"https:\/\/ordoline.com\/fe-be\/next-generation-aligners-for-advanced-treatment-and-improved-quality-of-life-b2c\/#primaryimage\",\"url\":\"https:\/\/ordoline.com\/wp-content\/uploads\/2025\/05\/open-box-2.webp\",\"contentUrl\":\"https:\/\/ordoline.com\/wp-content\/uploads\/2025\/05\/open-box-2.webp\",\"width\":708,\"height\":869},{\"@type\":\"BreadcrumbList\",\"@id\":\"https:\/\/ordoline.com\/fe-be\/next-generation-aligners-for-advanced-treatment-and-improved-quality-of-life-b2c\/#breadcrumb\",\"itemListElement\":[{\"@type\":\"ListItem\",\"position\":1,\"name\":\"Home\",\"item\":\"https:\/\/ordoline.com\/fe-be\/\"},{\"@type\":\"ListItem\",\"position\":2,\"name\":\"Redressement invisible des dents pour un beau sourire \u00e9clatant de sant\u00e9\"}]},{\"@type\":\"WebSite\",\"@id\":\"https:\/\/ordoline.com\/fe-be\/#website\",\"url\":\"https:\/\/ordoline.com\/fe-be\/\",\"name\":\"Ordoline\",\"description\":\"Confidence and predictability with every aligner case\",\"publisher\":{\"@id\":\"https:\/\/ordoline.com\/fe-be\/#organization\"},\"potentialAction\":[{\"@type\":\"SearchAction\",\"target\":{\"@type\":\"EntryPoint\",\"urlTemplate\":\"https:\/\/ordoline.com\/fe-be\/?s={search_term_string}\"},\"query-input\":{\"@type\":\"PropertyValueSpecification\",\"valueRequired\":true,\"valueName\":\"search_term_string\"}}],\"inLanguage\":\"fe-BE\"},{\"@type\":\"Organization\",\"@id\":\"https:\/\/ordoline.com\/fe-be\/#organization\",\"name\":\"Ordoline\",\"url\":\"https:\/\/ordoline.com\/fe-be\/\",\"logo\":{\"@type\":\"ImageObject\",\"inLanguage\":\"fe-BE\",\"@id\":\"https:\/\/ordoline.com\/fe-be\/#\/schema\/logo\/image\/\",\"url\":\"https:\/\/ordoline.com\/wp-content\/uploads\/2021\/08\/ordoline_logo-juodas-4.png\",\"contentUrl\":\"https:\/\/ordoline.com\/wp-content\/uploads\/2021\/08\/ordoline_logo-juodas-4.png\",\"width\":199,\"height\":40,\"caption\":\"Ordoline\"},\"image\":{\"@id\":\"https:\/\/ordoline.com\/fe-be\/#\/schema\/logo\/image\/\"}}]}<\/script>\n<!-- \/ Yoast SEO plugin. -->","yoast_head_json":{"title":"Redressement invisible des dents pour un beau sourire \u00e9clatant de sant\u00e9 - Ordoline","robots":{"index":"index","follow":"follow","max-snippet":"max-snippet:-1","max-image-preview":"max-image-preview:large","max-video-preview":"max-video-preview:-1"},"canonical":"https:\/\/ordoline.com\/fe-be\/next-generation-aligners-for-advanced-treatment-and-improved-quality-of-life-b2c\/","og_locale":"en_US","og_type":"article","og_title":"Redressement invisible des dents pour un beau sourire \u00e9clatant de sant\u00e9 - Ordoline","og_description":"Le traitement avec les aligneurs Ordoline est une solution moderne, efficace et scientifiquement prouv\u00e9e qui permet de redresser les dents pour tous les cas d\u2019orthodontie. M\u00eame les cas qui, auparavant, ne pouvaient \u00eatre trait\u00e9s qu\u2019avec des appareils dentaires. Notre objectif est d\u2019obtenir les r\u00e9sultats souhait\u00e9s et d\u2019am\u00e9liorer votre sant\u00e9 bucco-dentaire globale, afin de vous \u00e9viter [&hellip;]","og_url":"https:\/\/ordoline.com\/fe-be\/next-generation-aligners-for-advanced-treatment-and-improved-quality-of-life-b2c\/","og_site_name":"Ordoline","article_modified_time":"2025-11-28T07:16:19+00:00","og_image":[{"width":708,"height":869,"url":"https:\/\/ordoline.com\/wp-content\/uploads\/2025\/05\/open-box-2.webp","type":"image\/webp"}],"twitter_card":"summary_large_image","twitter_misc":{"Est. reading time":"1 minute"},"schema":{"@context":"https:\/\/schema.org","@graph":[{"@type":"WebPage","@id":"https:\/\/ordoline.com\/fe-be\/next-generation-aligners-for-advanced-treatment-and-improved-quality-of-life-b2c\/","url":"https:\/\/ordoline.com\/fe-be\/next-generation-aligners-for-advanced-treatment-and-improved-quality-of-life-b2c\/","name":"Redressement invisible des dents pour un beau sourire \u00e9clatant de sant\u00e9 - Ordoline","isPartOf":{"@id":"https:\/\/ordoline.com\/fe-be\/#website"},"primaryImageOfPage":{"@id":"https:\/\/ordoline.com\/fe-be\/next-generation-aligners-for-advanced-treatment-and-improved-quality-of-life-b2c\/#primaryimage"},"image":{"@id":"https:\/\/ordoline.com\/fe-be\/next-generation-aligners-for-advanced-treatment-and-improved-quality-of-life-b2c\/#primaryimage"},"thumbnailUrl":"https:\/\/ordoline.com\/wp-content\/uploads\/2025\/05\/open-box-2.webp","datePublished":"2021-08-18T08:13:05+00:00","dateModified":"2025-11-28T07:16:19+00:00","breadcrumb":{"@id":"https:\/\/ordoline.com\/fe-be\/next-generation-aligners-for-advanced-treatment-and-improved-quality-of-life-b2c\/#breadcrumb"},"inLanguage":"fe-BE","potentialAction":[{"@type":"ReadAction","target":["https:\/\/ordoline.com\/fe-be\/next-generation-aligners-for-advanced-treatment-and-improved-quality-of-life-b2c\/"]}]},{"@type":"ImageObject","inLanguage":"fe-BE","@id":"https:\/\/ordoline.com\/fe-be\/next-generation-aligners-for-advanced-treatment-and-improved-quality-of-life-b2c\/#primaryimage","url":"https:\/\/ordoline.com\/wp-content\/uploads\/2025\/05\/open-box-2.webp","contentUrl":"https:\/\/ordoline.com\/wp-content\/uploads\/2025\/05\/open-box-2.webp","width":708,"height":869},{"@type":"BreadcrumbList","@id":"https:\/\/ordoline.com\/fe-be\/next-generation-aligners-for-advanced-treatment-and-improved-quality-of-life-b2c\/#breadcrumb","itemListElement":[{"@type":"ListItem","position":1,"name":"Home","item":"https:\/\/ordoline.com\/fe-be\/"},{"@type":"ListItem","position":2,"name":"Redressement invisible des dents pour un beau sourire \u00e9clatant de sant\u00e9"}]},{"@type":"WebSite","@id":"https:\/\/ordoline.com\/fe-be\/#website","url":"https:\/\/ordoline.com\/fe-be\/","name":"Ordoline","description":"Confidence and predictability with every aligner case","publisher":{"@id":"https:\/\/ordoline.com\/fe-be\/#organization"},"potentialAction":[{"@type":"SearchAction","target":{"@type":"EntryPoint","urlTemplate":"https:\/\/ordoline.com\/fe-be\/?s={search_term_string}"},"query-input":{"@type":"PropertyValueSpecification","valueRequired":true,"valueName":"search_term_string"}}],"inLanguage":"fe-BE"},{"@type":"Organization","@id":"https:\/\/ordoline.com\/fe-be\/#organization","name":"Ordoline","url":"https:\/\/ordoline.com\/fe-be\/","logo":{"@type":"ImageObject","inLanguage":"fe-BE","@id":"https:\/\/ordoline.com\/fe-be\/#\/schema\/logo\/image\/","url":"https:\/\/ordoline.com\/wp-content\/uploads\/2021\/08\/ordoline_logo-juodas-4.png","contentUrl":"https:\/\/ordoline.com\/wp-content\/uploads\/2021\/08\/ordoline_logo-juodas-4.png","width":199,"height":40,"caption":"Ordoline"},"image":{"@id":"https:\/\/ordoline.com\/fe-be\/#\/schema\/logo\/image\/"}}]}},"_links":{"self":[{"href":"https:\/\/ordoline.com\/fe-be\/wp-json\/wp\/v2\/pages\/39956","targetHints":{"allow":["GET"]}}],"collection":[{"href":"https:\/\/ordoline.com\/fe-be\/wp-json\/wp\/v2\/pages"}],"about":[{"href":"https:\/\/ordoline.com\/fe-be\/wp-json\/wp\/v2\/types\/page"}],"author":[{"embeddable":true,"href":"https:\/\/ordoline.com\/fe-be\/wp-json\/wp\/v2\/users\/1"}],"replies":[{"embeddable":true,"href":"https:\/\/ordoline.com\/fe-be\/wp-json\/wp\/v2\/comments?post=39956"}],"version-history":[{"count":1,"href":"https:\/\/ordoline.com\/fe-be\/wp-json\/wp\/v2\/pages\/39956\/revisions"}],"predecessor-version":[{"id":44252,"href":"https:\/\/ordoline.com\/fe-be\/wp-json\/wp\/v2\/pages\/39956\/revisions\/44252"}],"wp:featuredmedia":[{"embeddable":true,"href":"https:\/\/ordoline.com\/fe-be\/wp-json\/wp\/v2\/media\/39958"}],"wp:attachment":[{"href":"https:\/\/ordoline.com\/fe-be\/wp-json\/wp\/v2\/media?parent=39956"}],"curies":[{"name":"wp","href":"https:\/\/api.w.org\/{rel}","templated":true}]}}