{"id":39939,"date":"2021-10-10T12:34:53","date_gmt":"2021-10-10T12:34:53","guid":{"rendered":"https:\/\/ordoline.com\/aligners-vs-braces-b2b\/"},"modified":"2025-11-28T02:47:47","modified_gmt":"2025-11-28T02:47:47","slug":"aligners-vs-braces-b2b","status":"publish","type":"page","link":"https:\/\/ordoline.com\/fe-be\/aligners-vs-braces-b2b\/","title":{"rendered":"Aligneurs ou appareils dentaires"},"content":{"rendered":"\n<p>Les aligneurs et les appareils dentaires sont les deux options les plus populaires pour redresser les dents de travers et corriger une malocclusion. Les aligneurs transparents ont gagn\u00e9 en popularit\u00e9 ces derni\u00e8res ann\u00e9es&nbsp;; mais pourquoi les patients les pr\u00e9f\u00e8rent-ils aux appareils orthodontiques&nbsp;?<\/p>\n","protected":false},"excerpt":{"rendered":"<p>Les aligneurs et les appareils dentaires sont les deux options les plus populaires pour redresser les dents de travers et corriger une malocclusion. Les aligneurs transparents ont gagn\u00e9 en popularit\u00e9 ces derni\u00e8res ann\u00e9es&nbsp;; mais pourquoi les patients les pr\u00e9f\u00e8rent-ils aux appareils orthodontiques&nbsp;?<\/p>\n","protected":false},"author":1,"featured_media":39941,"parent":0,"menu_order":0,"comment_status":"closed","ping_status":"closed","template":"page-comparison-b2b.php","meta":{"_acf_changed":false,"inline_featured_image":false,"footnotes":""},"class_list":["post-39939","page","type-page","status-publish","has-post-thumbnail","hentry"],"acf":[],"yoast_head":"<!-- This site is optimized with the Yoast SEO plugin v25.9 - https:\/\/yoast.com\/wordpress\/plugins\/seo\/ -->\n<title>Aligneurs ou appareils dentaires - Ordoline<\/title>\n<meta name=\"robots\" content=\"index, follow, max-snippet:-1, max-image-preview:large, max-video-preview:-1\" \/>\n<link rel=\"canonical\" href=\"https:\/\/ordoline.com\/fe-be\/aligners-vs-braces-b2b\/\" \/>\n<meta property=\"og:locale\" content=\"en_US\" \/>\n<meta property=\"og:type\" content=\"article\" \/>\n<meta property=\"og:title\" content=\"Aligneurs ou appareils dentaires - Ordoline\" \/>\n<meta property=\"og:description\" content=\"Les aligneurs et les appareils dentaires sont les deux options les plus populaires pour redresser les dents de travers et corriger une malocclusion. Les aligneurs transparents ont gagn\u00e9 en popularit\u00e9 ces derni\u00e8res ann\u00e9es&nbsp;; mais pourquoi les patients les pr\u00e9f\u00e8rent-ils aux appareils orthodontiques&nbsp;?\" \/>\n<meta property=\"og:url\" content=\"https:\/\/ordoline.com\/fe-be\/aligners-vs-braces-b2b\/\" \/>\n<meta property=\"og:site_name\" content=\"Ordoline\" \/>\n<meta property=\"article:modified_time\" content=\"2025-11-28T02:47:47+00:00\" \/>\n<meta property=\"og:image\" content=\"https:\/\/ordoline.com\/wp-content\/uploads\/2021\/08\/cut-1.png\" \/>\n\t<meta property=\"og:image:width\" content=\"1786\" \/>\n\t<meta property=\"og:image:height\" content=\"1360\" \/>\n\t<meta property=\"og:image:type\" content=\"image\/png\" \/>\n<meta name=\"twitter:card\" content=\"summary_large_image\" \/>\n<meta name=\"twitter:label1\" content=\"Est. reading time\" \/>\n\t<meta name=\"twitter:data1\" content=\"1 minute\" \/>\n<script type=\"application\/ld+json\" class=\"yoast-schema-graph\">{\"@context\":\"https:\/\/schema.org\",\"@graph\":[{\"@type\":\"WebPage\",\"@id\":\"https:\/\/ordoline.com\/fe-be\/aligners-vs-braces-b2b\/\",\"url\":\"https:\/\/ordoline.com\/fe-be\/aligners-vs-braces-b2b\/\",\"name\":\"Aligneurs ou appareils dentaires - Ordoline\",\"isPartOf\":{\"@id\":\"https:\/\/ordoline.com\/fe-be\/#website\"},\"primaryImageOfPage\":{\"@id\":\"https:\/\/ordoline.com\/fe-be\/aligners-vs-braces-b2b\/#primaryimage\"},\"image\":{\"@id\":\"https:\/\/ordoline.com\/fe-be\/aligners-vs-braces-b2b\/#primaryimage\"},\"thumbnailUrl\":\"https:\/\/ordoline.com\/wp-content\/uploads\/2021\/08\/cut-1.png\",\"datePublished\":\"2021-10-10T12:34:53+00:00\",\"dateModified\":\"2025-11-28T02:47:47+00:00\",\"breadcrumb\":{\"@id\":\"https:\/\/ordoline.com\/fe-be\/aligners-vs-braces-b2b\/#breadcrumb\"},\"inLanguage\":\"fe-BE\",\"potentialAction\":[{\"@type\":\"ReadAction\",\"target\":[\"https:\/\/ordoline.com\/fe-be\/aligners-vs-braces-b2b\/\"]}]},{\"@type\":\"ImageObject\",\"inLanguage\":\"fe-BE\",\"@id\":\"https:\/\/ordoline.com\/fe-be\/aligners-vs-braces-b2b\/#primaryimage\",\"url\":\"https:\/\/ordoline.com\/wp-content\/uploads\/2021\/08\/cut-1.png\",\"contentUrl\":\"https:\/\/ordoline.com\/wp-content\/uploads\/2021\/08\/cut-1.png\",\"width\":1786,\"height\":1360},{\"@type\":\"BreadcrumbList\",\"@id\":\"https:\/\/ordoline.com\/fe-be\/aligners-vs-braces-b2b\/#breadcrumb\",\"itemListElement\":[{\"@type\":\"ListItem\",\"position\":1,\"name\":\"Home\",\"item\":\"https:\/\/ordoline.com\/fe-be\/\"},{\"@type\":\"ListItem\",\"position\":2,\"name\":\"Aligneurs ou appareils dentaires\"}]},{\"@type\":\"WebSite\",\"@id\":\"https:\/\/ordoline.com\/fe-be\/#website\",\"url\":\"https:\/\/ordoline.com\/fe-be\/\",\"name\":\"Ordoline\",\"description\":\"Confidence and predictability with every aligner case\",\"publisher\":{\"@id\":\"https:\/\/ordoline.com\/fe-be\/#organization\"},\"potentialAction\":[{\"@type\":\"SearchAction\",\"target\":{\"@type\":\"EntryPoint\",\"urlTemplate\":\"https:\/\/ordoline.com\/fe-be\/?s={search_term_string}\"},\"query-input\":{\"@type\":\"PropertyValueSpecification\",\"valueRequired\":true,\"valueName\":\"search_term_string\"}}],\"inLanguage\":\"fe-BE\"},{\"@type\":\"Organization\",\"@id\":\"https:\/\/ordoline.com\/fe-be\/#organization\",\"name\":\"Ordoline\",\"url\":\"https:\/\/ordoline.com\/fe-be\/\",\"logo\":{\"@type\":\"ImageObject\",\"inLanguage\":\"fe-BE\",\"@id\":\"https:\/\/ordoline.com\/fe-be\/#\/schema\/logo\/image\/\",\"url\":\"https:\/\/ordoline.com\/wp-content\/uploads\/2021\/08\/ordoline_logo-juodas-4.png\",\"contentUrl\":\"https:\/\/ordoline.com\/wp-content\/uploads\/2021\/08\/ordoline_logo-juodas-4.png\",\"width\":199,\"height\":40,\"caption\":\"Ordoline\"},\"image\":{\"@id\":\"https:\/\/ordoline.com\/fe-be\/#\/schema\/logo\/image\/\"}}]}<\/script>\n<!-- \/ Yoast SEO plugin. -->","yoast_head_json":{"title":"Aligneurs ou appareils dentaires - Ordoline","robots":{"index":"index","follow":"follow","max-snippet":"max-snippet:-1","max-image-preview":"max-image-preview:large","max-video-preview":"max-video-preview:-1"},"canonical":"https:\/\/ordoline.com\/fe-be\/aligners-vs-braces-b2b\/","og_locale":"en_US","og_type":"article","og_title":"Aligneurs ou appareils dentaires - Ordoline","og_description":"Les aligneurs et les appareils dentaires sont les deux options les plus populaires pour redresser les dents de travers et corriger une malocclusion. Les aligneurs transparents ont gagn\u00e9 en popularit\u00e9 ces derni\u00e8res ann\u00e9es&nbsp;; mais pourquoi les patients les pr\u00e9f\u00e8rent-ils aux appareils orthodontiques&nbsp;?","og_url":"https:\/\/ordoline.com\/fe-be\/aligners-vs-braces-b2b\/","og_site_name":"Ordoline","article_modified_time":"2025-11-28T02:47:47+00:00","og_image":[{"width":1786,"height":1360,"url":"https:\/\/ordoline.com\/wp-content\/uploads\/2021\/08\/cut-1.png","type":"image\/png"}],"twitter_card":"summary_large_image","twitter_misc":{"Est. reading time":"1 minute"},"schema":{"@context":"https:\/\/schema.org","@graph":[{"@type":"WebPage","@id":"https:\/\/ordoline.com\/fe-be\/aligners-vs-braces-b2b\/","url":"https:\/\/ordoline.com\/fe-be\/aligners-vs-braces-b2b\/","name":"Aligneurs ou appareils dentaires - Ordoline","isPartOf":{"@id":"https:\/\/ordoline.com\/fe-be\/#website"},"primaryImageOfPage":{"@id":"https:\/\/ordoline.com\/fe-be\/aligners-vs-braces-b2b\/#primaryimage"},"image":{"@id":"https:\/\/ordoline.com\/fe-be\/aligners-vs-braces-b2b\/#primaryimage"},"thumbnailUrl":"https:\/\/ordoline.com\/wp-content\/uploads\/2021\/08\/cut-1.png","datePublished":"2021-10-10T12:34:53+00:00","dateModified":"2025-11-28T02:47:47+00:00","breadcrumb":{"@id":"https:\/\/ordoline.com\/fe-be\/aligners-vs-braces-b2b\/#breadcrumb"},"inLanguage":"fe-BE","potentialAction":[{"@type":"ReadAction","target":["https:\/\/ordoline.com\/fe-be\/aligners-vs-braces-b2b\/"]}]},{"@type":"ImageObject","inLanguage":"fe-BE","@id":"https:\/\/ordoline.com\/fe-be\/aligners-vs-braces-b2b\/#primaryimage","url":"https:\/\/ordoline.com\/wp-content\/uploads\/2021\/08\/cut-1.png","contentUrl":"https:\/\/ordoline.com\/wp-content\/uploads\/2021\/08\/cut-1.png","width":1786,"height":1360},{"@type":"BreadcrumbList","@id":"https:\/\/ordoline.com\/fe-be\/aligners-vs-braces-b2b\/#breadcrumb","itemListElement":[{"@type":"ListItem","position":1,"name":"Home","item":"https:\/\/ordoline.com\/fe-be\/"},{"@type":"ListItem","position":2,"name":"Aligneurs ou appareils dentaires"}]},{"@type":"WebSite","@id":"https:\/\/ordoline.com\/fe-be\/#website","url":"https:\/\/ordoline.com\/fe-be\/","name":"Ordoline","description":"Confidence and predictability with every aligner case","publisher":{"@id":"https:\/\/ordoline.com\/fe-be\/#organization"},"potentialAction":[{"@type":"SearchAction","target":{"@type":"EntryPoint","urlTemplate":"https:\/\/ordoline.com\/fe-be\/?s={search_term_string}"},"query-input":{"@type":"PropertyValueSpecification","valueRequired":true,"valueName":"search_term_string"}}],"inLanguage":"fe-BE"},{"@type":"Organization","@id":"https:\/\/ordoline.com\/fe-be\/#organization","name":"Ordoline","url":"https:\/\/ordoline.com\/fe-be\/","logo":{"@type":"ImageObject","inLanguage":"fe-BE","@id":"https:\/\/ordoline.com\/fe-be\/#\/schema\/logo\/image\/","url":"https:\/\/ordoline.com\/wp-content\/uploads\/2021\/08\/ordoline_logo-juodas-4.png","contentUrl":"https:\/\/ordoline.com\/wp-content\/uploads\/2021\/08\/ordoline_logo-juodas-4.png","width":199,"height":40,"caption":"Ordoline"},"image":{"@id":"https:\/\/ordoline.com\/fe-be\/#\/schema\/logo\/image\/"}}]}},"_links":{"self":[{"href":"https:\/\/ordoline.com\/fe-be\/wp-json\/wp\/v2\/pages\/39939","targetHints":{"allow":["GET"]}}],"collection":[{"href":"https:\/\/ordoline.com\/fe-be\/wp-json\/wp\/v2\/pages"}],"about":[{"href":"https:\/\/ordoline.com\/fe-be\/wp-json\/wp\/v2\/types\/page"}],"author":[{"embeddable":true,"href":"https:\/\/ordoline.com\/fe-be\/wp-json\/wp\/v2\/users\/1"}],"replies":[{"embeddable":true,"href":"https:\/\/ordoline.com\/fe-be\/wp-json\/wp\/v2\/comments?post=39939"}],"version-history":[{"count":1,"href":"https:\/\/ordoline.com\/fe-be\/wp-json\/wp\/v2\/pages\/39939\/revisions"}],"predecessor-version":[{"id":44066,"href":"https:\/\/ordoline.com\/fe-be\/wp-json\/wp\/v2\/pages\/39939\/revisions\/44066"}],"wp:featuredmedia":[{"embeddable":true,"href":"https:\/\/ordoline.com\/fe-be\/wp-json\/wp\/v2\/media\/39941"}],"wp:attachment":[{"href":"https:\/\/ordoline.com\/fe-be\/wp-json\/wp\/v2\/media?parent=39939"}],"curies":[{"name":"wp","href":"https:\/\/api.w.org\/{rel}","templated":true}]}}