{"id":39937,"date":"2021-10-10T13:01:28","date_gmt":"2021-10-10T13:01:28","guid":{"rendered":"https:\/\/ordoline.com\/treatment-process-b2b\/"},"modified":"2025-11-28T07:20:51","modified_gmt":"2025-11-28T07:20:51","slug":"treatment-process-b2b","status":"publish","type":"page","link":"https:\/\/ordoline.com\/fe-be\/treatment-process-b2b\/","title":{"rendered":"R\u00e9sultats du traitement"},"content":{"rendered":"\n<p>Ordoline offre un traitement par aligneurs transparents de qualit\u00e9 optimale, pour traiter avec succ\u00e8s les cas orthodontiques les plus simples comme les plus complexes. Des personnes de tous \u00e2ges ayant des dents d\u00e9finitives ont suivi le traitement Ordoline et ont aujourd\u2019hui un magnifique sourire \u00e9clatant de sant\u00e9.<\/p>\n","protected":false},"excerpt":{"rendered":"<p>Ordoline offre un traitement par aligneurs transparents de qualit\u00e9 optimale, pour traiter avec succ\u00e8s les cas orthodontiques les plus simples comme les plus complexes. Des personnes de tous \u00e2ges ayant des dents d\u00e9finitives ont suivi le traitement Ordoline et ont aujourd\u2019hui un magnifique sourire \u00e9clatant de sant\u00e9.<\/p>\n","protected":false},"author":1,"featured_media":0,"parent":0,"menu_order":0,"comment_status":"closed","ping_status":"closed","template":"page-treatment-b2b.php","meta":{"_acf_changed":false,"inline_featured_image":false,"footnotes":""},"class_list":["post-39937","page","type-page","status-publish","hentry"],"acf":[],"yoast_head":"<!-- This site is optimized with the Yoast SEO plugin v25.9 - https:\/\/yoast.com\/wordpress\/plugins\/seo\/ -->\n<title>R\u00e9sultats du traitement - Ordoline<\/title>\n<meta name=\"robots\" content=\"index, follow, max-snippet:-1, max-image-preview:large, max-video-preview:-1\" \/>\n<link rel=\"canonical\" href=\"https:\/\/ordoline.com\/fe-be\/treatment-process-b2b\/\" \/>\n<meta property=\"og:locale\" content=\"en_US\" \/>\n<meta property=\"og:type\" content=\"article\" \/>\n<meta property=\"og:title\" content=\"R\u00e9sultats du traitement - Ordoline\" \/>\n<meta property=\"og:description\" content=\"Ordoline offre un traitement par aligneurs transparents de qualit\u00e9 optimale, pour traiter avec succ\u00e8s les cas orthodontiques les plus simples comme les plus complexes. Des personnes de tous \u00e2ges ayant des dents d\u00e9finitives ont suivi le traitement Ordoline et ont aujourd\u2019hui un magnifique sourire \u00e9clatant de sant\u00e9.\" \/>\n<meta property=\"og:url\" content=\"https:\/\/ordoline.com\/fe-be\/treatment-process-b2b\/\" \/>\n<meta property=\"og:site_name\" content=\"Ordoline\" \/>\n<meta property=\"article:modified_time\" content=\"2025-11-28T07:20:51+00:00\" \/>\n<meta name=\"twitter:card\" content=\"summary_large_image\" \/>\n<meta name=\"twitter:label1\" content=\"Est. reading time\" \/>\n\t<meta name=\"twitter:data1\" content=\"1 minute\" \/>\n<script type=\"application\/ld+json\" class=\"yoast-schema-graph\">{\"@context\":\"https:\/\/schema.org\",\"@graph\":[{\"@type\":\"WebPage\",\"@id\":\"https:\/\/ordoline.com\/fe-be\/treatment-process-b2b\/\",\"url\":\"https:\/\/ordoline.com\/fe-be\/treatment-process-b2b\/\",\"name\":\"R\u00e9sultats du traitement - Ordoline\",\"isPartOf\":{\"@id\":\"https:\/\/ordoline.com\/fe-be\/#website\"},\"datePublished\":\"2021-10-10T13:01:28+00:00\",\"dateModified\":\"2025-11-28T07:20:51+00:00\",\"breadcrumb\":{\"@id\":\"https:\/\/ordoline.com\/fe-be\/treatment-process-b2b\/#breadcrumb\"},\"inLanguage\":\"fe-BE\",\"potentialAction\":[{\"@type\":\"ReadAction\",\"target\":[\"https:\/\/ordoline.com\/fe-be\/treatment-process-b2b\/\"]}]},{\"@type\":\"BreadcrumbList\",\"@id\":\"https:\/\/ordoline.com\/fe-be\/treatment-process-b2b\/#breadcrumb\",\"itemListElement\":[{\"@type\":\"ListItem\",\"position\":1,\"name\":\"Home\",\"item\":\"https:\/\/ordoline.com\/fe-be\/\"},{\"@type\":\"ListItem\",\"position\":2,\"name\":\"R\u00e9sultats du traitement\"}]},{\"@type\":\"WebSite\",\"@id\":\"https:\/\/ordoline.com\/fe-be\/#website\",\"url\":\"https:\/\/ordoline.com\/fe-be\/\",\"name\":\"Ordoline\",\"description\":\"Confidence and predictability with every aligner case\",\"publisher\":{\"@id\":\"https:\/\/ordoline.com\/fe-be\/#organization\"},\"potentialAction\":[{\"@type\":\"SearchAction\",\"target\":{\"@type\":\"EntryPoint\",\"urlTemplate\":\"https:\/\/ordoline.com\/fe-be\/?s={search_term_string}\"},\"query-input\":{\"@type\":\"PropertyValueSpecification\",\"valueRequired\":true,\"valueName\":\"search_term_string\"}}],\"inLanguage\":\"fe-BE\"},{\"@type\":\"Organization\",\"@id\":\"https:\/\/ordoline.com\/fe-be\/#organization\",\"name\":\"Ordoline\",\"url\":\"https:\/\/ordoline.com\/fe-be\/\",\"logo\":{\"@type\":\"ImageObject\",\"inLanguage\":\"fe-BE\",\"@id\":\"https:\/\/ordoline.com\/fe-be\/#\/schema\/logo\/image\/\",\"url\":\"https:\/\/ordoline.com\/wp-content\/uploads\/2021\/08\/ordoline_logo-juodas-4.png\",\"contentUrl\":\"https:\/\/ordoline.com\/wp-content\/uploads\/2021\/08\/ordoline_logo-juodas-4.png\",\"width\":199,\"height\":40,\"caption\":\"Ordoline\"},\"image\":{\"@id\":\"https:\/\/ordoline.com\/fe-be\/#\/schema\/logo\/image\/\"}}]}<\/script>\n<!-- \/ Yoast SEO plugin. -->","yoast_head_json":{"title":"R\u00e9sultats du traitement - Ordoline","robots":{"index":"index","follow":"follow","max-snippet":"max-snippet:-1","max-image-preview":"max-image-preview:large","max-video-preview":"max-video-preview:-1"},"canonical":"https:\/\/ordoline.com\/fe-be\/treatment-process-b2b\/","og_locale":"en_US","og_type":"article","og_title":"R\u00e9sultats du traitement - Ordoline","og_description":"Ordoline offre un traitement par aligneurs transparents de qualit\u00e9 optimale, pour traiter avec succ\u00e8s les cas orthodontiques les plus simples comme les plus complexes. Des personnes de tous \u00e2ges ayant des dents d\u00e9finitives ont suivi le traitement Ordoline et ont aujourd\u2019hui un magnifique sourire \u00e9clatant de sant\u00e9.","og_url":"https:\/\/ordoline.com\/fe-be\/treatment-process-b2b\/","og_site_name":"Ordoline","article_modified_time":"2025-11-28T07:20:51+00:00","twitter_card":"summary_large_image","twitter_misc":{"Est. reading time":"1 minute"},"schema":{"@context":"https:\/\/schema.org","@graph":[{"@type":"WebPage","@id":"https:\/\/ordoline.com\/fe-be\/treatment-process-b2b\/","url":"https:\/\/ordoline.com\/fe-be\/treatment-process-b2b\/","name":"R\u00e9sultats du traitement - Ordoline","isPartOf":{"@id":"https:\/\/ordoline.com\/fe-be\/#website"},"datePublished":"2021-10-10T13:01:28+00:00","dateModified":"2025-11-28T07:20:51+00:00","breadcrumb":{"@id":"https:\/\/ordoline.com\/fe-be\/treatment-process-b2b\/#breadcrumb"},"inLanguage":"fe-BE","potentialAction":[{"@type":"ReadAction","target":["https:\/\/ordoline.com\/fe-be\/treatment-process-b2b\/"]}]},{"@type":"BreadcrumbList","@id":"https:\/\/ordoline.com\/fe-be\/treatment-process-b2b\/#breadcrumb","itemListElement":[{"@type":"ListItem","position":1,"name":"Home","item":"https:\/\/ordoline.com\/fe-be\/"},{"@type":"ListItem","position":2,"name":"R\u00e9sultats du traitement"}]},{"@type":"WebSite","@id":"https:\/\/ordoline.com\/fe-be\/#website","url":"https:\/\/ordoline.com\/fe-be\/","name":"Ordoline","description":"Confidence and predictability with every aligner case","publisher":{"@id":"https:\/\/ordoline.com\/fe-be\/#organization"},"potentialAction":[{"@type":"SearchAction","target":{"@type":"EntryPoint","urlTemplate":"https:\/\/ordoline.com\/fe-be\/?s={search_term_string}"},"query-input":{"@type":"PropertyValueSpecification","valueRequired":true,"valueName":"search_term_string"}}],"inLanguage":"fe-BE"},{"@type":"Organization","@id":"https:\/\/ordoline.com\/fe-be\/#organization","name":"Ordoline","url":"https:\/\/ordoline.com\/fe-be\/","logo":{"@type":"ImageObject","inLanguage":"fe-BE","@id":"https:\/\/ordoline.com\/fe-be\/#\/schema\/logo\/image\/","url":"https:\/\/ordoline.com\/wp-content\/uploads\/2021\/08\/ordoline_logo-juodas-4.png","contentUrl":"https:\/\/ordoline.com\/wp-content\/uploads\/2021\/08\/ordoline_logo-juodas-4.png","width":199,"height":40,"caption":"Ordoline"},"image":{"@id":"https:\/\/ordoline.com\/fe-be\/#\/schema\/logo\/image\/"}}]}},"_links":{"self":[{"href":"https:\/\/ordoline.com\/fe-be\/wp-json\/wp\/v2\/pages\/39937","targetHints":{"allow":["GET"]}}],"collection":[{"href":"https:\/\/ordoline.com\/fe-be\/wp-json\/wp\/v2\/pages"}],"about":[{"href":"https:\/\/ordoline.com\/fe-be\/wp-json\/wp\/v2\/types\/page"}],"author":[{"embeddable":true,"href":"https:\/\/ordoline.com\/fe-be\/wp-json\/wp\/v2\/users\/1"}],"replies":[{"embeddable":true,"href":"https:\/\/ordoline.com\/fe-be\/wp-json\/wp\/v2\/comments?post=39937"}],"version-history":[{"count":1,"href":"https:\/\/ordoline.com\/fe-be\/wp-json\/wp\/v2\/pages\/39937\/revisions"}],"predecessor-version":[{"id":44298,"href":"https:\/\/ordoline.com\/fe-be\/wp-json\/wp\/v2\/pages\/39937\/revisions\/44298"}],"wp:attachment":[{"href":"https:\/\/ordoline.com\/fe-be\/wp-json\/wp\/v2\/media?parent=39937"}],"curies":[{"name":"wp","href":"https:\/\/api.w.org\/{rel}","templated":true}]}}