{"id":39935,"date":"2021-11-12T11:45:30","date_gmt":"2021-11-12T11:45:30","guid":{"rendered":"https:\/\/ordoline.com\/how-ordoline-works-b2c\/"},"modified":"2025-11-28T07:12:46","modified_gmt":"2025-11-28T07:12:46","slug":"how-ordoline-works-b2c","status":"publish","type":"page","link":"https:\/\/ordoline.com\/fe-be\/how-ordoline-works-b2c\/","title":{"rendered":"Comment fonctionne Ordoline"},"content":{"rendered":"\n<p>Les aligneurs Ordoline sont des appareils orthodontiques amovibles presque invisibles qui d\u00e9placent les dents de mani\u00e8re planifi\u00e9e. Les aligneurs redressent les dents en appliquant une l\u00e9g\u00e8re pression qui guide les dents dans la position souhait\u00e9e. Ils sont g\u00e9n\u00e9ralement chang\u00e9s tous les 14\u00a0jours pour d\u00e9placer les dents peu \u00e0 peu jusqu\u2019\u00e0 la fin du traitement.<\/p>\n\n\n\n<p><\/p>\n","protected":false},"excerpt":{"rendered":"<p>Les aligneurs Ordoline sont des appareils orthodontiques amovibles presque invisibles qui d\u00e9placent les dents de mani\u00e8re planifi\u00e9e. Les aligneurs redressent les dents en appliquant une l\u00e9g\u00e8re pression qui guide les dents dans la position souhait\u00e9e. Ils sont g\u00e9n\u00e9ralement chang\u00e9s tous les 14\u00a0jours pour d\u00e9placer les dents peu \u00e0 peu jusqu\u2019\u00e0 la fin du traitement.<\/p>\n","protected":false},"author":1,"featured_media":0,"parent":0,"menu_order":0,"comment_status":"closed","ping_status":"closed","template":"page-how-works-b2c.php","meta":{"_acf_changed":false,"inline_featured_image":false,"footnotes":""},"class_list":["post-39935","page","type-page","status-publish","hentry"],"acf":[],"yoast_head":"<!-- This site is optimized with the Yoast SEO plugin v25.9 - https:\/\/yoast.com\/wordpress\/plugins\/seo\/ -->\n<title>Comment fonctionne Ordoline - Ordoline<\/title>\n<meta name=\"robots\" content=\"index, follow, max-snippet:-1, max-image-preview:large, max-video-preview:-1\" \/>\n<link rel=\"canonical\" href=\"https:\/\/ordoline.com\/fe-be\/how-ordoline-works-b2c\/\" \/>\n<meta property=\"og:locale\" content=\"en_US\" \/>\n<meta property=\"og:type\" content=\"article\" \/>\n<meta property=\"og:title\" content=\"Comment fonctionne Ordoline - Ordoline\" \/>\n<meta property=\"og:description\" content=\"Les aligneurs Ordoline sont des appareils orthodontiques amovibles presque invisibles qui d\u00e9placent les dents de mani\u00e8re planifi\u00e9e. Les aligneurs redressent les dents en appliquant une l\u00e9g\u00e8re pression qui guide les dents dans la position souhait\u00e9e. Ils sont g\u00e9n\u00e9ralement chang\u00e9s tous les 14\u00a0jours pour d\u00e9placer les dents peu \u00e0 peu jusqu\u2019\u00e0 la fin du traitement.\" \/>\n<meta property=\"og:url\" content=\"https:\/\/ordoline.com\/fe-be\/how-ordoline-works-b2c\/\" \/>\n<meta property=\"og:site_name\" content=\"Ordoline\" \/>\n<meta property=\"article:modified_time\" content=\"2025-11-28T07:12:46+00:00\" \/>\n<meta name=\"twitter:card\" content=\"summary_large_image\" \/>\n<meta name=\"twitter:label1\" content=\"Est. reading time\" \/>\n\t<meta name=\"twitter:data1\" content=\"1 minute\" \/>\n<script type=\"application\/ld+json\" class=\"yoast-schema-graph\">{\"@context\":\"https:\/\/schema.org\",\"@graph\":[{\"@type\":\"WebPage\",\"@id\":\"https:\/\/ordoline.com\/fe-be\/how-ordoline-works-b2c\/\",\"url\":\"https:\/\/ordoline.com\/fe-be\/how-ordoline-works-b2c\/\",\"name\":\"Comment fonctionne Ordoline - Ordoline\",\"isPartOf\":{\"@id\":\"https:\/\/ordoline.com\/fe-be\/#website\"},\"datePublished\":\"2021-11-12T11:45:30+00:00\",\"dateModified\":\"2025-11-28T07:12:46+00:00\",\"breadcrumb\":{\"@id\":\"https:\/\/ordoline.com\/fe-be\/how-ordoline-works-b2c\/#breadcrumb\"},\"inLanguage\":\"fe-BE\",\"potentialAction\":[{\"@type\":\"ReadAction\",\"target\":[\"https:\/\/ordoline.com\/fe-be\/how-ordoline-works-b2c\/\"]}]},{\"@type\":\"BreadcrumbList\",\"@id\":\"https:\/\/ordoline.com\/fe-be\/how-ordoline-works-b2c\/#breadcrumb\",\"itemListElement\":[{\"@type\":\"ListItem\",\"position\":1,\"name\":\"Home\",\"item\":\"https:\/\/ordoline.com\/fe-be\/\"},{\"@type\":\"ListItem\",\"position\":2,\"name\":\"Comment fonctionne Ordoline\"}]},{\"@type\":\"WebSite\",\"@id\":\"https:\/\/ordoline.com\/fe-be\/#website\",\"url\":\"https:\/\/ordoline.com\/fe-be\/\",\"name\":\"Ordoline\",\"description\":\"Confidence and predictability with every aligner case\",\"publisher\":{\"@id\":\"https:\/\/ordoline.com\/fe-be\/#organization\"},\"potentialAction\":[{\"@type\":\"SearchAction\",\"target\":{\"@type\":\"EntryPoint\",\"urlTemplate\":\"https:\/\/ordoline.com\/fe-be\/?s={search_term_string}\"},\"query-input\":{\"@type\":\"PropertyValueSpecification\",\"valueRequired\":true,\"valueName\":\"search_term_string\"}}],\"inLanguage\":\"fe-BE\"},{\"@type\":\"Organization\",\"@id\":\"https:\/\/ordoline.com\/fe-be\/#organization\",\"name\":\"Ordoline\",\"url\":\"https:\/\/ordoline.com\/fe-be\/\",\"logo\":{\"@type\":\"ImageObject\",\"inLanguage\":\"fe-BE\",\"@id\":\"https:\/\/ordoline.com\/fe-be\/#\/schema\/logo\/image\/\",\"url\":\"https:\/\/ordoline.com\/wp-content\/uploads\/2021\/08\/ordoline_logo-juodas-4.png\",\"contentUrl\":\"https:\/\/ordoline.com\/wp-content\/uploads\/2021\/08\/ordoline_logo-juodas-4.png\",\"width\":199,\"height\":40,\"caption\":\"Ordoline\"},\"image\":{\"@id\":\"https:\/\/ordoline.com\/fe-be\/#\/schema\/logo\/image\/\"}}]}<\/script>\n<!-- \/ Yoast SEO plugin. -->","yoast_head_json":{"title":"Comment fonctionne Ordoline - Ordoline","robots":{"index":"index","follow":"follow","max-snippet":"max-snippet:-1","max-image-preview":"max-image-preview:large","max-video-preview":"max-video-preview:-1"},"canonical":"https:\/\/ordoline.com\/fe-be\/how-ordoline-works-b2c\/","og_locale":"en_US","og_type":"article","og_title":"Comment fonctionne Ordoline - Ordoline","og_description":"Les aligneurs Ordoline sont des appareils orthodontiques amovibles presque invisibles qui d\u00e9placent les dents de mani\u00e8re planifi\u00e9e. Les aligneurs redressent les dents en appliquant une l\u00e9g\u00e8re pression qui guide les dents dans la position souhait\u00e9e. Ils sont g\u00e9n\u00e9ralement chang\u00e9s tous les 14\u00a0jours pour d\u00e9placer les dents peu \u00e0 peu jusqu\u2019\u00e0 la fin du traitement.","og_url":"https:\/\/ordoline.com\/fe-be\/how-ordoline-works-b2c\/","og_site_name":"Ordoline","article_modified_time":"2025-11-28T07:12:46+00:00","twitter_card":"summary_large_image","twitter_misc":{"Est. reading time":"1 minute"},"schema":{"@context":"https:\/\/schema.org","@graph":[{"@type":"WebPage","@id":"https:\/\/ordoline.com\/fe-be\/how-ordoline-works-b2c\/","url":"https:\/\/ordoline.com\/fe-be\/how-ordoline-works-b2c\/","name":"Comment fonctionne Ordoline - Ordoline","isPartOf":{"@id":"https:\/\/ordoline.com\/fe-be\/#website"},"datePublished":"2021-11-12T11:45:30+00:00","dateModified":"2025-11-28T07:12:46+00:00","breadcrumb":{"@id":"https:\/\/ordoline.com\/fe-be\/how-ordoline-works-b2c\/#breadcrumb"},"inLanguage":"fe-BE","potentialAction":[{"@type":"ReadAction","target":["https:\/\/ordoline.com\/fe-be\/how-ordoline-works-b2c\/"]}]},{"@type":"BreadcrumbList","@id":"https:\/\/ordoline.com\/fe-be\/how-ordoline-works-b2c\/#breadcrumb","itemListElement":[{"@type":"ListItem","position":1,"name":"Home","item":"https:\/\/ordoline.com\/fe-be\/"},{"@type":"ListItem","position":2,"name":"Comment fonctionne Ordoline"}]},{"@type":"WebSite","@id":"https:\/\/ordoline.com\/fe-be\/#website","url":"https:\/\/ordoline.com\/fe-be\/","name":"Ordoline","description":"Confidence and predictability with every aligner case","publisher":{"@id":"https:\/\/ordoline.com\/fe-be\/#organization"},"potentialAction":[{"@type":"SearchAction","target":{"@type":"EntryPoint","urlTemplate":"https:\/\/ordoline.com\/fe-be\/?s={search_term_string}"},"query-input":{"@type":"PropertyValueSpecification","valueRequired":true,"valueName":"search_term_string"}}],"inLanguage":"fe-BE"},{"@type":"Organization","@id":"https:\/\/ordoline.com\/fe-be\/#organization","name":"Ordoline","url":"https:\/\/ordoline.com\/fe-be\/","logo":{"@type":"ImageObject","inLanguage":"fe-BE","@id":"https:\/\/ordoline.com\/fe-be\/#\/schema\/logo\/image\/","url":"https:\/\/ordoline.com\/wp-content\/uploads\/2021\/08\/ordoline_logo-juodas-4.png","contentUrl":"https:\/\/ordoline.com\/wp-content\/uploads\/2021\/08\/ordoline_logo-juodas-4.png","width":199,"height":40,"caption":"Ordoline"},"image":{"@id":"https:\/\/ordoline.com\/fe-be\/#\/schema\/logo\/image\/"}}]}},"_links":{"self":[{"href":"https:\/\/ordoline.com\/fe-be\/wp-json\/wp\/v2\/pages\/39935","targetHints":{"allow":["GET"]}}],"collection":[{"href":"https:\/\/ordoline.com\/fe-be\/wp-json\/wp\/v2\/pages"}],"about":[{"href":"https:\/\/ordoline.com\/fe-be\/wp-json\/wp\/v2\/types\/page"}],"author":[{"embeddable":true,"href":"https:\/\/ordoline.com\/fe-be\/wp-json\/wp\/v2\/users\/1"}],"replies":[{"embeddable":true,"href":"https:\/\/ordoline.com\/fe-be\/wp-json\/wp\/v2\/comments?post=39935"}],"version-history":[{"count":1,"href":"https:\/\/ordoline.com\/fe-be\/wp-json\/wp\/v2\/pages\/39935\/revisions"}],"predecessor-version":[{"id":44099,"href":"https:\/\/ordoline.com\/fe-be\/wp-json\/wp\/v2\/pages\/39935\/revisions\/44099"}],"wp:attachment":[{"href":"https:\/\/ordoline.com\/fe-be\/wp-json\/wp\/v2\/media?parent=39935"}],"curies":[{"name":"wp","href":"https:\/\/api.w.org\/{rel}","templated":true}]}}