{"id":39921,"date":"2021-08-17T11:20:50","date_gmt":"2021-08-17T11:20:50","guid":{"rendered":"https:\/\/ordoline.com\/privacy-policy-1\/"},"modified":"2025-09-28T06:57:26","modified_gmt":"2025-09-28T06:57:26","slug":"privacy-policy-1","status":"publish","type":"page","link":"https:\/\/ordoline.com\/fe-be\/privacy-policy-1\/","title":{"rendered":"Politique de Cookies"},"content":{"rendered":"\n<p>Cette politique de cookies explique comment Ordoline utilise les cookies et technologies similaires. Chaque fois que vous utilisez le site web ordoline.lt, des informations peuvent \u00eatre collect\u00e9es par l&#8217;utilisation de cookies et technologies similaires. Ordoline s&#8217;engage \u00e0 prot\u00e9ger les informations personnelles collect\u00e9es lorsque vous utilisez nos services.<\/p>\n\n\n\n<h2 class=\"wp-block-heading\"><strong>Que sont les cookies et technologies similaires ?<\/strong><\/h2>\n\n\n\n<p>Un cookie est un petit fichier de donn\u00e9es, contenant souvent un identifiant unique, qui est envoy\u00e9 \u00e0 votre ordinateur, t\u00e9l\u00e9phone portable ou tablette (d\u00e9sign\u00e9 dans cette politique comme un \u00ab appareil \u00bb) par le serveur web afin que le site web puisse se souvenir de certaines informations concernant votre activit\u00e9 de navigation sur le site web. Le cookie collectera des informations relatives \u00e0 votre utilisation de nos services, des informations sur votre appareil, par exemple, l\u2019adresse IP de l\u2019appareil et le type de navigateur, la localisation g\u00e9n\u00e9rale et, si vous \u00eates arriv\u00e9 sur notre site via un lien d\u2019un site tiers, l\u2019URL de la page de renvoi. Si vous vous \u00eates inscrit \u00e0 un service ou \u00eates abonn\u00e9, il peut \u00e9galement collecter votre nom et adresse e-mail, qui peuvent \u00eatre transf\u00e9r\u00e9s \u00e0 des processeurs de donn\u00e9es \u00e0 des fins de v\u00e9rification des utilisateurs enregistr\u00e9s ou des abonn\u00e9s.<\/p>\n\n\n\n<p>Des technologies similaires connues sous le nom de \u00ab stockage local \u00bb peuvent \u00e9galement \u00eatre utilis\u00e9es dans nos services comme alternative aux cookies. Il s\u2019agit d\u2019une technologie similaire aux cookies et qui remplit des fonctions similaires, telles que la mise en cache de donn\u00e9es pour nous permettre d\u2019am\u00e9liorer nos services, vous permettre de vous inscrire \u00e0 nos services, suivre l\u2019activit\u00e9 pour nous et nos annonceurs, et compter le nombre de personnes qui voient des annonces sur nos services. Lorsque nous faisons r\u00e9f\u00e9rence aux \u00ab cookies \u00bb dans cette politique, nous d\u00e9signons les cookies ou technologies similaires.<\/p>\n\n\n\n<p>Les cookies enregistrent des informations sur vos pr\u00e9f\u00e9rences en ligne et nous aident \u00e0 adapter nos services \u00e0 vos int\u00e9r\u00eats. Les informations fournies par les cookies peuvent nous aider \u00e0 analyser votre utilisation de nos services et \u00e0 vous offrir une meilleure exp\u00e9rience utilisateur.<\/p>\n\n\n\n<p>En plus des cookies, nos services peuvent \u00e9galement utiliser des balises web, des GIF clairs, des tags de page et des bogues web. Il s\u2019agit de types de technologies mises en \u0153uvre par les sites web ou des serveurs publicitaires tiers pour leur permettre d\u2019analyser votre utilisation du site web et d\u2019am\u00e9liorer votre exp\u00e9rience des services.<\/p>\n\n\n\n<h2 class=\"wp-block-heading\"><strong>Quels sont les diff\u00e9rents types de cookies ?<\/strong><\/h2>\n\n\n\n<ul class=\"wp-block-list\">\n<li>Les cookies de session ne sont stock\u00e9s que pour la dur\u00e9e de votre visite sur un site web et sont supprim\u00e9s de votre appareil lorsque vous fermez votre navigateur ;<\/li>\n\n\n\n<li>Les cookies persistants sont enregistr\u00e9s sur votre appareil pour une dur\u00e9e d\u00e9termin\u00e9e apr\u00e8s la fermeture du navigateur et sont utilis\u00e9s lorsque nous (ou un tiers) avons besoin de vous identifier lors d\u2019une session de navigation ult\u00e9rieure.<\/li>\n\n\n\n<li>Les cookies de premi\u00e8re partie sont d\u00e9finis par le site web que vous visitez ;<\/li>\n\n\n\n<li>Les cookies tiers sont des cookies utilis\u00e9s dans nos services et d\u00e9finis par d\u2019autres organisations. Il s\u2019agit notamment des cookies des services d\u2019analyse externes qui nous aident \u00e0 comprendre l\u2019utilisation de nos sites, ou des annonceurs afin qu\u2019ils puissent suivre l\u2019efficacit\u00e9 de leurs publicit\u00e9s. Il peut \u00e9galement s\u2019agir de cookies provenant de soci\u00e9t\u00e9s de m\u00e9dias sociaux s\u00e9lectionn\u00e9es, vous permettant de partager notre contenu avec vos amis et r\u00e9seaux, ce qui peut avoir un impact sur le contenu et les messages que vous voyez sur d\u2019autres sites web que vous visitez.<\/li>\n<\/ul>\n\n\n\n<h2 class=\"wp-block-heading\"><strong>\u00c0 quoi servent les cookies ?<\/strong><\/h2>\n\n\n\n<p>1. <strong>Cookies Fonctionnels<\/strong><br>Les cookies fonctionnels sont essentiels au bon fonctionnement de nos services. Ils sont utilis\u00e9s pour m\u00e9moriser vos pr\u00e9f\u00e9rences sur nos sites web et pour offrir des fonctionnalit\u00e9s am\u00e9lior\u00e9es et plus personnalis\u00e9es. Les informations collect\u00e9es par ces cookies sont g\u00e9n\u00e9ralement anonymis\u00e9es, donc nous ne pouvons pas vous identifier personnellement. Les cookies fonctionnels ne suivent pas votre utilisation d\u2019internet ni ne collectent des informations pouvant \u00eatre utilis\u00e9es pour vendre de la publicit\u00e9, mais ils aident \u00e0 diffuser de la publicit\u00e9. Ces cookies sont g\u00e9n\u00e9ralement des cookies de session qui expirent lorsque vous fermez votre session de navigation.<\/p>\n\n\n\n<p>2. <strong>Cookies Essentiels ou \u00ab Strictement N\u00e9cessaires \u00bb<\/strong><br>Ces cookies sont essentiels au bon fonctionnement de nos services. Sans ces cookies, certaines parties de nos sites web ne fonctionneraient pas. Ces cookies ne suivent pas votre navigation sur internet, ne m\u00e9morisent pas vos pr\u00e9f\u00e9rences au-del\u00e0 de votre visite actuelle et ne collectent pas d\u2019informations pouvant \u00eatre utilis\u00e9es \u00e0 des fins de marketing. Ces cookies sont g\u00e9n\u00e9ralement des cookies de session qui expirent lorsque vous fermez votre session de navigation.<\/p>\n\n\n\n<p>3. <strong>Cookies d\u2019Analyse de Performance et de Mesure<\/strong><br>Les cookies de performance analytique sont utilis\u00e9s pour surveiller la performance de nos services, par exemple, pour d\u00e9terminer le nombre de pages vues et le nombre d\u2019utilisateurs uniques d\u2019un site web. Les services d\u2019analyse web peuvent \u00eatre con\u00e7us et exploit\u00e9s par des tiers. Les informations fournies par ces cookies nous permettent d\u2019analyser les comportements des utilisateurs et nous utilisons ces informations pour am\u00e9liorer l\u2019exp\u00e9rience utilisateur ou identifier les sections du site web n\u00e9cessitant un entretien. Les informations sont anonymes (c\u2019est-\u00e0-dire qu\u2019elles ne peuvent pas \u00eatre utilis\u00e9es pour vous identifier et ne contiennent pas d\u2019informations personnelles telles que votre nom et votre adresse e-mail) et ne sont utilis\u00e9es qu\u2019\u00e0 des fins statistiques.<\/p>\n\n\n\n<p>4. <strong>Cookies de Ciblage ou de \u00ab Publicit\u00e9 Comportementale \u00bb<\/strong><br>Ces cookies, qui peuvent \u00eatre plac\u00e9s sur votre appareil par nous ou nos prestataires de services tiers de confiance, se souviennent que vous avez visit\u00e9 un site web et utilisent cette information pour vous fournir du contenu ou de la publicit\u00e9 adapt\u00e9s \u00e0 vos int\u00e9r\u00eats. Cela s\u2019appelle souvent la publicit\u00e9 comportementale en ligne (OBA) et consiste \u00e0 regrouper des int\u00e9r\u00eats communs bas\u00e9s sur l\u2019historique de navigation. Votre historique de navigation peut \u00eatre utilis\u00e9 pour d\u00e9duire certaines informations sur vous (par exemple, vos int\u00e9r\u00eats, votre sexe, etc.), et ces informations peuvent \u00e9galement \u00eatre utilis\u00e9es pour rendre la publicit\u00e9 sur les sites web plus pertinente pour vous. Sans ces cookies, le contenu et les publicit\u00e9s que vous rencontrez peuvent \u00eatre moins pertinents pour vous et vos int\u00e9r\u00eats. Si vous souhaitez obtenir plus d\u2019informations sur l\u2019OBA, y compris comment vous d\u00e9sinscrire de ces cookies, veuillez visiter :\u00a0<a href=\"http:\/\/www.youronlinechoices.com\/\">http:\/\/www.youronlinechoices.com\/<\/a><\/p>\n\n\n\n<h2 class=\"wp-block-heading\"><strong>Comment Ordoline utilise-t-il les cookies ?<\/strong><\/h2>\n\n\n\n<p>Ordoline, avec nos partenaires de confiance, utilise des cookies en combinaison avec d\u2019autres informations que nous maintenons pour plusieurs objectifs, y compris les suivants :<\/p>\n\n\n\n<p><strong>Cookies Essentiels et Fonctionnels<\/strong><\/p>\n\n\n\n<p>Nous utilisons ces cookies pour permettre certaines fonctionnalit\u00e9s en ligne, notamment:<\/p>\n\n\n\n<ul class=\"wp-block-list\">\n<li>acc\u00e9der \u00e0 vos informations afin que nous puissions vous fournir un contenu et des exp\u00e9riences personnalis\u00e9s, ou vous souvenir de la derni\u00e8re page que vous avez visit\u00e9e sur notre site web;<\/li>\n\n\n\n<li>identifier les utilisateurs r\u00e9currents, les inscrits et les abonn\u00e9s et leur permettre d\u2019acc\u00e9der \u00e0 une version personnalis\u00e9e du site;<\/li>\n\n\n\n<li>\u00e9liminer le besoin pour les utilisateurs r\u00e9currents de ressaisir leurs informations de connexion;<\/li>\n\n\n\n<li>commenter sur nos sites;<\/li>\n\n\n\n<li>prendre en charge les mesures de s\u00e9curit\u00e9 et aider \u00e0 identifier les activit\u00e9s frauduleuses ou abusives \u00e9ventuelles.<\/li>\n<\/ul>\n\n\n\n<p>2.&nbsp;<strong>Cookies d\u2019Analyse de Performance et de Mesure<\/strong><br>Nous utilisons ces cookies pour mesurer le comportement des utilisateurs afin de mieux d\u00e9velopper nos services. En utilisant les services d\u2019analyse fournis par des tiers tels que Google Analytics, nous pouvons analyser et mesurer les pages vues et la dur\u00e9e de consultation, ainsi que les liens suivis, et nous utilisons ces informations pour fournir plus de contenu susceptible de vous int\u00e9resser. Nous utilisons \u00e9galement cette analyse pour rendre compte de nos performances et vendre de la publicit\u00e9.<\/p>\n\n\n\n<p>3.&nbsp;<strong>Cookies de Ciblage et de Publicit\u00e9 Comportementale<\/strong><br>Les partenaires de confiance avec lesquels nous travaillons en mati\u00e8re de ciblage et de publicit\u00e9 comportementale incluent des serveurs publicitaires tiers, des agences publicitaires, des fournisseurs de technologie, des fournisseurs de contenu publicitaire, des instituts de recherche et d\u2019autres soci\u00e9t\u00e9s qui nous aident \u00e0 proposer une publicit\u00e9 plus efficace et \u00e0 vous offrir une exp\u00e9rience plus personnalis\u00e9e. Comme votre navigateur, application ou appareil communique avec les serveurs de tiers, ces entreprises peuvent collecter des informations, y compris votre adresse IP, les informations de l\u2019en-t\u00eate de page, des informations sur le navigateur ou l\u2019appareil, comme si vous aviez directement demand\u00e9 leur page web ou utilis\u00e9 leurs applications.<br>Nous ne pouvons pas contr\u00f4ler ni acc\u00e9der aux cookies plac\u00e9s sur votre ordinateur par des annonceurs tiers et sponsors.<\/p>\n\n\n\n<p>4.&nbsp;<strong>Autres Cookies Tiers<\/strong><br>Vous pouvez remarquer sur certaines pages de nos sites web que des cookies ont \u00e9t\u00e9 d\u00e9finis qui ne sont pas li\u00e9s \u00e0 Ordoline. Lorsque vous visitez une page avec du contenu int\u00e9gr\u00e9 provenant, par exemple, de YouTube ou Facebook, ces fournisseurs de services tiers peuvent d\u00e9finir leurs propres cookies sur votre appareil. Ordoline ne contr\u00f4le pas l\u2019utilisation de ces cookies tiers et ne peut y acc\u00e9der en raison du fonctionnement des cookies, qui ne peuvent \u00eatre consult\u00e9s que par le site qui les a initialement d\u00e9finis. Veuillez consulter les sites web tiers pour plus d\u2019informations sur ces cookies.<\/p>\n\n\n\n<p>Nous incluons \u00e9galement des balises web dans nos e-mails pour suivre le succ\u00e8s de nos campagnes marketing. Cela signifie que si vous ouvrez un e-mail de notre part, nous pouvons voir quelles pages de notre site web vous avez visit\u00e9es. Nos balises web ne stockent pas d\u2019informations suppl\u00e9mentaires sur votre appareil, mais en communiquant avec nos cookies sur votre appareil, elles peuvent nous indiquer quand vous avez ouvert notre e-mail.<\/p>\n\n\n\n<h2 class=\"wp-block-heading\"><strong>Comment les utilisateurs peuvent-ils g\u00e9rer ou refuser les cookies ?<\/strong><\/h2>\n\n\n\n<p>Certaines personnes trouvent l\u2019id\u00e9e que les sites web stockent des informations sur leur appareil un peu intrusive, en particulier lorsque ces informations sont stock\u00e9es et utilis\u00e9es par un tiers. Par exemple, vous pouvez vous opposer \u00e0 recevoir de la publicit\u00e9 cibl\u00e9e en fonction de votre historique de navigation. Si vous pr\u00e9f\u00e9rez refuser les cookies, il est possible de les contr\u00f4ler en suivant les \u00e9tapes ci-dessous, mais vous devez \u00eatre conscient que cela pourrait entra\u00eener la perte de certaines fonctionnalit\u00e9s du site.<\/p>\n\n\n\n<p>Les cookies, y compris ceux qui ont d\u00e9j\u00e0 \u00e9t\u00e9 d\u00e9finis, peuvent \u00eatre supprim\u00e9s de votre disque dur. Vous pouvez \u00e9galement modifier les pr\u00e9f\u00e9rences\/param\u00e8tres de votre navigateur web pour contr\u00f4ler les cookies. Certains navigateurs Internet disposent d\u2019un param\u00e8tre \u00ab Ne pas suivre \u00bb ou \u00ab DNT \u00bb ; cela envoie un signal aux sites web leur demandant de ne pas suivre votre navigation.<\/p>\n\n\n\n<p>Dans certains cas, vous pouvez choisir d\u2019accepter les cookies du site principal, mais de les bloquer pour les tiers. Dans d\u2019autres cas, vous pouvez bloquer les cookies de certains annonceurs ou supprimer tous les cookies. La suppression ou le blocage des cookies peut r\u00e9duire la fonctionnalit\u00e9 du site. Pour en savoir plus sur la mani\u00e8re de refuser les cookies, visitez&nbsp;<a href=\"http:\/\/www.allaboutcookies.org\/\">http:\/\/www.allaboutcookies.org\/<\/a>&nbsp;ou acc\u00e9dez au menu d\u2019aide de votre navigateur web. Si vous rencontrez des probl\u00e8mes apr\u00e8s avoir supprim\u00e9 les cookies, vous devez contacter le fournisseur de votre navigateur web.<\/p>\n\n\n\n<p>Pour plus d\u2019informations sur les cookies tiers g\u00e9n\u00e9r\u00e9s par les annonceurs, veuillez visiter&nbsp;<a href=\"http:\/\/www.youronlinechoices.com\/\">www.youronlinechoices.com<\/a>.<\/p>\n\n\n\n<p>Veuillez noter qu\u2019il s\u2019agit de sites web tiers et qu\u2019Ordoline d\u00e9cline toute responsabilit\u00e9 quant aux instructions fournies sur ces sites.<\/p>\n\n\n\n<p>Vous pouvez savoir comment refuser les cookies de ciblage et de publicit\u00e9 comportementale en visitant :<br><a href=\"http:\/\/optout.networkadvertising.org\/?c=1#\/\">http:\/\/optout.networkadvertising.org\/?c=1#\/<\/a><br><a href=\"http:\/\/www.aboutads.info\/\">http:\/\/www.aboutads.info<\/a><br><a href=\"http:\/\/www.youronlinechoices.eu\/\">http:\/\/www.youronlinechoices.eu<\/a><\/p>\n\n\n\n<h2 class=\"wp-block-heading\"><strong>Balises Web<\/strong><\/h2>\n\n\n\n<p>Vous pouvez g\u00e9n\u00e9ralement d\u00e9sactiver les balises web et autres technologies de suivi en d\u00e9sactivant les cookies dans votre navigateur. Il existe \u00e9galement des modules compl\u00e9mentaires et des extensions de navigateur qui bloquent sp\u00e9cifiquement les balises web. Si vous vous opposez aux balises web dans les e-mails, nous vous recommandons de suivre les instructions ci-dessus pour supprimer les cookies existants et d\u00e9sactiver les cookies futurs. Nous saurons toujours combien de nos e-mails sont ouverts et nous recevrons automatiquement votre adresse IP, un identifiant unique de votre appareil ou un autre appareil d\u2019acc\u00e8s ; mais nous ne vous identifierons pas en tant qu\u2019individu.<\/p>\n\n\n\n<h2 class=\"wp-block-heading\"><strong>Informations compl\u00e9mentaires et coordonn\u00e9es :<\/strong><\/h2>\n\n\n\n<p>Pour plus d\u2019informations, veuillez contacter&nbsp;<a>info@ordoline.lt<\/a>.<\/p>\n","protected":false},"excerpt":{"rendered":"<p>Cette politique de cookies explique comment Ordoline utilise les cookies et technologies similaires. Chaque fois que vous utilisez le site web ordoline.lt, des informations peuvent \u00eatre collect\u00e9es par l&#8217;utilisation de cookies et technologies similaires. Ordoline s&#8217;engage \u00e0 prot\u00e9ger les informations personnelles collect\u00e9es lorsque vous utilisez nos services. Que sont les cookies et technologies similaires ? [&hellip;]<\/p>\n","protected":false},"author":1,"featured_media":0,"parent":0,"menu_order":0,"comment_status":"closed","ping_status":"closed","template":"template-privacy.php","meta":{"_acf_changed":false,"inline_featured_image":false,"footnotes":""},"class_list":["post-39921","page","type-page","status-publish","hentry"],"acf":[],"yoast_head":"<!-- This site is optimized with the Yoast SEO plugin v25.9 - https:\/\/yoast.com\/wordpress\/plugins\/seo\/ -->\n<title>Politique de Cookies - Ordoline<\/title>\n<meta name=\"robots\" content=\"index, follow, max-snippet:-1, max-image-preview:large, max-video-preview:-1\" \/>\n<link rel=\"canonical\" href=\"https:\/\/ordoline.com\/fe-be\/privacy-policy-1\/\" \/>\n<meta property=\"og:locale\" content=\"en_US\" \/>\n<meta property=\"og:type\" content=\"article\" \/>\n<meta property=\"og:title\" content=\"Politique de Cookies - Ordoline\" \/>\n<meta property=\"og:description\" content=\"Cette politique de cookies explique comment Ordoline utilise les cookies et technologies similaires. Chaque fois que vous utilisez le site web ordoline.lt, des informations peuvent \u00eatre collect\u00e9es par l&#8217;utilisation de cookies et technologies similaires. Ordoline s&#8217;engage \u00e0 prot\u00e9ger les informations personnelles collect\u00e9es lorsque vous utilisez nos services. Que sont les cookies et technologies similaires ? [&hellip;]\" \/>\n<meta property=\"og:url\" content=\"https:\/\/ordoline.com\/fe-be\/privacy-policy-1\/\" \/>\n<meta property=\"og:site_name\" content=\"Ordoline\" \/>\n<meta property=\"article:modified_time\" content=\"2025-09-28T06:57:26+00:00\" \/>\n<meta name=\"twitter:card\" content=\"summary_large_image\" \/>\n<meta name=\"twitter:label1\" content=\"Est. reading time\" \/>\n\t<meta name=\"twitter:data1\" content=\"11 minutes\" \/>\n<script type=\"application\/ld+json\" class=\"yoast-schema-graph\">{\"@context\":\"https:\/\/schema.org\",\"@graph\":[{\"@type\":\"WebPage\",\"@id\":\"https:\/\/ordoline.com\/fe-be\/privacy-policy-1\/\",\"url\":\"https:\/\/ordoline.com\/fe-be\/privacy-policy-1\/\",\"name\":\"Politique de Cookies - Ordoline\",\"isPartOf\":{\"@id\":\"https:\/\/ordoline.com\/fe-be\/#website\"},\"datePublished\":\"2021-08-17T11:20:50+00:00\",\"dateModified\":\"2025-09-28T06:57:26+00:00\",\"breadcrumb\":{\"@id\":\"https:\/\/ordoline.com\/fe-be\/privacy-policy-1\/#breadcrumb\"},\"inLanguage\":\"fe-BE\",\"potentialAction\":[{\"@type\":\"ReadAction\",\"target\":[\"https:\/\/ordoline.com\/fe-be\/privacy-policy-1\/\"]}]},{\"@type\":\"BreadcrumbList\",\"@id\":\"https:\/\/ordoline.com\/fe-be\/privacy-policy-1\/#breadcrumb\",\"itemListElement\":[{\"@type\":\"ListItem\",\"position\":1,\"name\":\"Home\",\"item\":\"https:\/\/ordoline.com\/fe-be\/\"},{\"@type\":\"ListItem\",\"position\":2,\"name\":\"Politique de Cookies\"}]},{\"@type\":\"WebSite\",\"@id\":\"https:\/\/ordoline.com\/fe-be\/#website\",\"url\":\"https:\/\/ordoline.com\/fe-be\/\",\"name\":\"Ordoline\",\"description\":\"Confidence and predictability with every aligner case\",\"publisher\":{\"@id\":\"https:\/\/ordoline.com\/fe-be\/#organization\"},\"potentialAction\":[{\"@type\":\"SearchAction\",\"target\":{\"@type\":\"EntryPoint\",\"urlTemplate\":\"https:\/\/ordoline.com\/fe-be\/?s={search_term_string}\"},\"query-input\":{\"@type\":\"PropertyValueSpecification\",\"valueRequired\":true,\"valueName\":\"search_term_string\"}}],\"inLanguage\":\"fe-BE\"},{\"@type\":\"Organization\",\"@id\":\"https:\/\/ordoline.com\/fe-be\/#organization\",\"name\":\"Ordoline\",\"url\":\"https:\/\/ordoline.com\/fe-be\/\",\"logo\":{\"@type\":\"ImageObject\",\"inLanguage\":\"fe-BE\",\"@id\":\"https:\/\/ordoline.com\/fe-be\/#\/schema\/logo\/image\/\",\"url\":\"https:\/\/ordoline.com\/wp-content\/uploads\/2021\/08\/ordoline_logo-juodas-4.png\",\"contentUrl\":\"https:\/\/ordoline.com\/wp-content\/uploads\/2021\/08\/ordoline_logo-juodas-4.png\",\"width\":199,\"height\":40,\"caption\":\"Ordoline\"},\"image\":{\"@id\":\"https:\/\/ordoline.com\/fe-be\/#\/schema\/logo\/image\/\"}}]}<\/script>\n<!-- \/ Yoast SEO plugin. -->","yoast_head_json":{"title":"Politique de Cookies - Ordoline","robots":{"index":"index","follow":"follow","max-snippet":"max-snippet:-1","max-image-preview":"max-image-preview:large","max-video-preview":"max-video-preview:-1"},"canonical":"https:\/\/ordoline.com\/fe-be\/privacy-policy-1\/","og_locale":"en_US","og_type":"article","og_title":"Politique de Cookies - Ordoline","og_description":"Cette politique de cookies explique comment Ordoline utilise les cookies et technologies similaires. Chaque fois que vous utilisez le site web ordoline.lt, des informations peuvent \u00eatre collect\u00e9es par l&#8217;utilisation de cookies et technologies similaires. Ordoline s&#8217;engage \u00e0 prot\u00e9ger les informations personnelles collect\u00e9es lorsque vous utilisez nos services. Que sont les cookies et technologies similaires ? [&hellip;]","og_url":"https:\/\/ordoline.com\/fe-be\/privacy-policy-1\/","og_site_name":"Ordoline","article_modified_time":"2025-09-28T06:57:26+00:00","twitter_card":"summary_large_image","twitter_misc":{"Est. reading time":"11 minutes"},"schema":{"@context":"https:\/\/schema.org","@graph":[{"@type":"WebPage","@id":"https:\/\/ordoline.com\/fe-be\/privacy-policy-1\/","url":"https:\/\/ordoline.com\/fe-be\/privacy-policy-1\/","name":"Politique de Cookies - Ordoline","isPartOf":{"@id":"https:\/\/ordoline.com\/fe-be\/#website"},"datePublished":"2021-08-17T11:20:50+00:00","dateModified":"2025-09-28T06:57:26+00:00","breadcrumb":{"@id":"https:\/\/ordoline.com\/fe-be\/privacy-policy-1\/#breadcrumb"},"inLanguage":"fe-BE","potentialAction":[{"@type":"ReadAction","target":["https:\/\/ordoline.com\/fe-be\/privacy-policy-1\/"]}]},{"@type":"BreadcrumbList","@id":"https:\/\/ordoline.com\/fe-be\/privacy-policy-1\/#breadcrumb","itemListElement":[{"@type":"ListItem","position":1,"name":"Home","item":"https:\/\/ordoline.com\/fe-be\/"},{"@type":"ListItem","position":2,"name":"Politique de Cookies"}]},{"@type":"WebSite","@id":"https:\/\/ordoline.com\/fe-be\/#website","url":"https:\/\/ordoline.com\/fe-be\/","name":"Ordoline","description":"Confidence and predictability with every aligner case","publisher":{"@id":"https:\/\/ordoline.com\/fe-be\/#organization"},"potentialAction":[{"@type":"SearchAction","target":{"@type":"EntryPoint","urlTemplate":"https:\/\/ordoline.com\/fe-be\/?s={search_term_string}"},"query-input":{"@type":"PropertyValueSpecification","valueRequired":true,"valueName":"search_term_string"}}],"inLanguage":"fe-BE"},{"@type":"Organization","@id":"https:\/\/ordoline.com\/fe-be\/#organization","name":"Ordoline","url":"https:\/\/ordoline.com\/fe-be\/","logo":{"@type":"ImageObject","inLanguage":"fe-BE","@id":"https:\/\/ordoline.com\/fe-be\/#\/schema\/logo\/image\/","url":"https:\/\/ordoline.com\/wp-content\/uploads\/2021\/08\/ordoline_logo-juodas-4.png","contentUrl":"https:\/\/ordoline.com\/wp-content\/uploads\/2021\/08\/ordoline_logo-juodas-4.png","width":199,"height":40,"caption":"Ordoline"},"image":{"@id":"https:\/\/ordoline.com\/fe-be\/#\/schema\/logo\/image\/"}}]}},"_links":{"self":[{"href":"https:\/\/ordoline.com\/fe-be\/wp-json\/wp\/v2\/pages\/39921","targetHints":{"allow":["GET"]}}],"collection":[{"href":"https:\/\/ordoline.com\/fe-be\/wp-json\/wp\/v2\/pages"}],"about":[{"href":"https:\/\/ordoline.com\/fe-be\/wp-json\/wp\/v2\/types\/page"}],"author":[{"embeddable":true,"href":"https:\/\/ordoline.com\/fe-be\/wp-json\/wp\/v2\/users\/1"}],"replies":[{"embeddable":true,"href":"https:\/\/ordoline.com\/fe-be\/wp-json\/wp\/v2\/comments?post=39921"}],"version-history":[{"count":1,"href":"https:\/\/ordoline.com\/fe-be\/wp-json\/wp\/v2\/pages\/39921\/revisions"}],"predecessor-version":[{"id":39934,"href":"https:\/\/ordoline.com\/fe-be\/wp-json\/wp\/v2\/pages\/39921\/revisions\/39934"}],"wp:attachment":[{"href":"https:\/\/ordoline.com\/fe-be\/wp-json\/wp\/v2\/media?parent=39921"}],"curies":[{"name":"wp","href":"https:\/\/api.w.org\/{rel}","templated":true}]}}