{"id":39919,"date":"2021-11-12T11:49:38","date_gmt":"2021-11-12T11:49:38","guid":{"rendered":"https:\/\/ordoline.com\/course-about\/"},"modified":"2025-11-28T07:14:17","modified_gmt":"2025-11-28T07:14:17","slug":"course-about","status":"publish","type":"page","link":"https:\/\/ordoline.com\/fe-be\/course-about\/","title":{"rendered":"Cours sur"},"content":{"rendered":"\n<div class=\"wp-block-contact-form-7-contact-form-selector\">\n<div class=\"wpcf7 no-js\" id=\"wpcf7-f39923-o1\" lang=\"fe-BE\" dir=\"ltr\" data-wpcf7-id=\"39923\">\n<div class=\"screen-reader-response\"><p role=\"status\" aria-live=\"polite\" aria-atomic=\"true\"><\/p> <ul><\/ul><\/div>\n<form action=\"\/fe-be\/wp-json\/wp\/v2\/pages\/39919#wpcf7-f39923-o1\" method=\"post\" class=\"wpcf7-form init\" aria-label=\"Contact form\" novalidate=\"novalidate\" data-status=\"init\">\n<div style=\"display: none;\">\n<input type=\"hidden\" name=\"_wpcf7\" value=\"39923\" \/>\n<input type=\"hidden\" name=\"_wpcf7_version\" value=\"6.0.6\" \/>\n<input type=\"hidden\" name=\"_wpcf7_locale\" value=\"fe_BE\" \/>\n<input type=\"hidden\" name=\"_wpcf7_unit_tag\" value=\"wpcf7-f39923-o1\" \/>\n<input type=\"hidden\" name=\"_wpcf7_container_post\" value=\"0\" \/>\n<input type=\"hidden\" name=\"_wpcf7_posted_data_hash\" value=\"\" \/>\n<input type=\"hidden\" name=\"_wpcf7_recaptcha_response\" value=\"\" \/>\n<\/div>\n<h2 class=\"registration-form-title\">Inscription au cours<\/h2>\n\n<input type=\"hidden\" name=\"post_id\" value=\"\" \/>\n\n<div class=\"input\"><label>Pr\u00e9nom*<\/label><span class=\"wpcf7-form-control-wrap\" data-name=\"user-name\"><input size=\"40\" maxlength=\"400\" class=\"wpcf7-form-control wpcf7-text wpcf7-validates-as-required\" aria-required=\"true\" aria-invalid=\"false\" value=\"\" type=\"text\" name=\"user-name\" \/><\/span><\/div>\n<div class=\"input\"><label>Nom*<\/label><span class=\"wpcf7-form-control-wrap\" data-name=\"user-surname\"><input size=\"40\" maxlength=\"400\" class=\"wpcf7-form-control wpcf7-text wpcf7-validates-as-required\" aria-required=\"true\" aria-invalid=\"false\" value=\"\" type=\"text\" name=\"user-surname\" \/><\/span><\/div>\n<div class=\"input\"><label>E-mail*<\/label><span class=\"wpcf7-form-control-wrap\" data-name=\"verification\"><input size=\"40\" maxlength=\"400\" class=\"wpcf7-form-control wpcf7-email wpcf7-validates-as-required wpcf7-text wpcf7-validates-as-email\" aria-required=\"true\" aria-invalid=\"false\" value=\"\" type=\"email\" name=\"verification\" \/><\/span><\/div>\n<div class=\"input\"><p class=\"evcf7p-verify-btn\"><input type=\"button\" name=\"evcf7p-verify-email\" value=\"Verify e-mail\"><span class=\"loader\"><\/span><\/p><\/div>\n<div class=\"input\"><label>V\u00e9rification de l'e-mail (OTP)*<\/label><span class=\"wpcf7-form-control-wrap\" data-name=\"verification-otp\"><input size=\"40\" maxlength=\"400\" class=\"wpcf7-form-control wpcf7-text wpcf7-validates-as-required\" aria-required=\"true\" aria-invalid=\"false\" value=\"\" type=\"text\" name=\"verification-otp\" \/><\/span><\/div>\n<div class=\"input\"><label>T\u00e9l\u00e9phone*<\/label><span class=\"wpcf7-form-control-wrap\" data-name=\"user-phone\"><input size=\"40\" maxlength=\"400\" class=\"wpcf7-form-control wpcf7-tel wpcf7-validates-as-required wpcf7-text wpcf7-validates-as-tel\" aria-required=\"true\" aria-invalid=\"false\" value=\"\" type=\"tel\" name=\"user-phone\" \/><\/span><\/div>\n<div class=\"input\"><label>Pays de r\u00e9sidence<\/label><span class=\"wpcf7-form-control-wrap\" data-name=\"country-residence\"><input size=\"40\" maxlength=\"400\" class=\"wpcf7-form-control wpcf7-text\" aria-invalid=\"false\" value=\"\" type=\"text\" name=\"country-residence\" \/><\/span><\/div>\n<div class=\"input\"><label>Nom de la clinique principale*<\/label><span class=\"wpcf7-form-control-wrap\" data-name=\"name-of-clinic\"><input size=\"40\" maxlength=\"400\" class=\"wpcf7-form-control wpcf7-text wpcf7-validates-as-required\" aria-required=\"true\" aria-invalid=\"false\" value=\"\" type=\"text\" name=\"name-of-clinic\" \/><\/span><\/div>\n<div class=\"input\"><label>Comment avez-vous entendu parler de cet \u00e9v\u00e9nement (repr\u00e9sentant commercial, r\u00e9seaux sociaux, newsletter, etc.) ?*<\/label><span class=\"wpcf7-form-control-wrap\" data-name=\"source-of-knowledge\"><input size=\"40\" maxlength=\"400\" class=\"wpcf7-form-control wpcf7-text wpcf7-validates-as-required\" aria-required=\"true\" aria-invalid=\"false\" value=\"\" type=\"text\" name=\"source-of-knowledge\" \/><\/span><\/div>\n<button class=\"registration-form-title\" type=\"button\" data-hc-control=\"company-details-fields\">\n    <svg width=\"16\" height=\"16\" viewBox=\"0 0 16 16\" fill=\"none\" xmlns=\"http:\/\/www.w3.org\/2000\/svg\">\n        <path d=\"M1 8H15\" stroke=\"black\" stroke-linecap=\"round\" \/>\n        <path class=\"top-line\" d=\"M8 1L8 15\" stroke=\"black\" stroke-linecap=\"round\" \/>\n    <\/svg>\n    <span>D\u00e9tails de l'entreprise (facultatif, uniquement si pay\u00e9 par l'entreprise)<\/span>\n<\/button>\n<div data-hc-content=\"company-details-fields\">\n    <div class=\"input\"><label>Nom de l'entreprise<\/label><span class=\"wpcf7-form-control-wrap\" data-name=\"user-company-name\"><input size=\"40\" maxlength=\"400\" class=\"wpcf7-form-control wpcf7-text\" aria-invalid=\"false\" value=\"\" type=\"text\" name=\"user-company-name\" \/><\/span><\/div>\n    <div class=\"input\"><label>Code d'enregistrement<\/label><span class=\"wpcf7-form-control-wrap\" data-name=\"user-company-code\"><input size=\"40\" maxlength=\"400\" class=\"wpcf7-form-control wpcf7-text\" aria-invalid=\"false\" value=\"\" type=\"text\" name=\"user-company-code\" \/><\/span><\/div>\n    <div class=\"input\"><label>Num\u00e9ro de TVA<\/label><span class=\"wpcf7-form-control-wrap\" data-name=\"user-company-vat\"><input size=\"40\" maxlength=\"400\" class=\"wpcf7-form-control wpcf7-text\" aria-invalid=\"false\" value=\"\" type=\"text\" name=\"user-company-vat\" \/><\/span><\/div>\n    <div class=\"input\"><label>Adresse<\/label><span class=\"wpcf7-form-control-wrap\" data-name=\"user-company-address\"><input size=\"40\" maxlength=\"400\" class=\"wpcf7-form-control wpcf7-text\" aria-invalid=\"false\" value=\"\" type=\"text\" name=\"user-company-address\" \/><\/span><\/div>\n<\/div>\n\n<div class=\"agree-konsult\">\n<span class=\"wpcf7-form-control-wrap\" data-name=\"acceptance-539\"><span class=\"wpcf7-form-control wpcf7-acceptance\"><span class=\"wpcf7-list-item\"><label><input type=\"checkbox\" name=\"acceptance-539\" value=\"1\" aria-invalid=\"false\" \/><span class=\"wpcf7-list-item-label\"><span>En m'inscrivant \u00e0 ce cours, je reconnais avoir lu et accepter les <a href=\"https:\/\/ordoline.com\/terms-of-service\/\">Conditions d'utilisation<\/a>, y compris les politiques de paiement, de report et de remboursement.<\/span><\/span><\/label><\/span><\/span><\/span>\n<\/div>\n\n<div class=\"button button--circle contact-send-btn\">\n    <label class=\"text\" data-text=\"S'inscrire\"><span><input class=\"wpcf7-form-control wpcf7-submit has-spinner\" type=\"submit\" value=\"S&#039;inscrire\" \/><\/span><\/label>\n    <div class=\"icon-wrapper\">\n        <span class=\"icon circle\">\n            <svg width=\"41\" height=\"41\" fill=\"none\" xmlns=\"http:\/\/www.w3.org\/2000\/svg\">\n                <circle cx=\"20.5\" cy=\"20.5\" r=\"20.1\" stroke=\"#000\" stroke-width=\".8\"\/>\n            <\/svg>\n        <\/span>\n        <span class=\"icon arrow-right\">\n            <svg width=\"16\" height=\"8\" fill=\"none\" xmlns=\"http:\/\/www.w3.org\/2000\/svg\">\n                <path d=\"M1 3.5a.5.5 0 000 1v-1zm14.354.854a.5.5 0 000-.708L12.172.464a.5.5 0 10-.708.708L14.293 4l-2.829 2.828a.5.5 0 10.708.708l3.182-3.182zM1 4.5h14v-1H1v1z\" fill=\"#000\"\/>\n            <\/svg>\n        <\/span>\n    <\/div>\n<\/div>\n\n<div class=\"recaptcha-note\">\n<\/br>Le montant total du cours doit \u00eatre pay\u00e9 au plus tard 7 jours avant le d\u00e9but du cours. Si le participant ne paie pas la totalit\u00e9 des frais avant cette date limite, l'organisateur du cours se r\u00e9serve le droit d'annuler l'inscription et en informera le participant par e-mail. Une nouvelle inscription n'est possible que s'il reste des places disponibles.\n<p>\n<\/br>Les participants peuvent annuler leur inscription jusqu'\u00e0 7 jours avant le d\u00e9but du cours. S'ils le font dans ce d\u00e9lai, l'organisateur remboursera les frais d'inscription dans un d\u00e9lai<div class=\"wpcf7-response-output\" aria-hidden=\"true\"><\/div>\n<\/form>\n<\/div>\n<\/div>\n\n\n\n<p><\/p>\n","protected":false},"excerpt":{"rendered":"","protected":false},"author":1,"featured_media":0,"parent":0,"menu_order":0,"comment_status":"closed","ping_status":"closed","template":"page-course_registration.php","meta":{"_acf_changed":false,"inline_featured_image":false,"footnotes":""},"class_list":["post-39919","page","type-page","status-publish","hentry"],"acf":[],"yoast_head":"<!-- This site is optimized with the Yoast SEO plugin v25.9 - https:\/\/yoast.com\/wordpress\/plugins\/seo\/ -->\n<title>Cours sur - Ordoline<\/title>\n<meta name=\"robots\" content=\"index, follow, max-snippet:-1, max-image-preview:large, max-video-preview:-1\" \/>\n<link rel=\"canonical\" href=\"https:\/\/ordoline.com\/fe-be\/course-about\/\" \/>\n<meta property=\"og:locale\" content=\"en_US\" \/>\n<meta property=\"og:type\" content=\"article\" \/>\n<meta property=\"og:title\" content=\"Cours sur - Ordoline\" \/>\n<meta property=\"og:url\" content=\"https:\/\/ordoline.com\/fe-be\/course-about\/\" \/>\n<meta property=\"og:site_name\" content=\"Ordoline\" \/>\n<meta property=\"article:modified_time\" content=\"2025-11-28T07:14:17+00:00\" \/>\n<meta name=\"twitter:card\" content=\"summary_large_image\" \/>\n<meta name=\"twitter:label1\" content=\"Est. reading time\" \/>\n\t<meta name=\"twitter:data1\" content=\"1 minute\" \/>\n<script type=\"application\/ld+json\" class=\"yoast-schema-graph\">{\"@context\":\"https:\/\/schema.org\",\"@graph\":[{\"@type\":\"WebPage\",\"@id\":\"https:\/\/ordoline.com\/fe-be\/course-about\/\",\"url\":\"https:\/\/ordoline.com\/fe-be\/course-about\/\",\"name\":\"Cours sur - Ordoline\",\"isPartOf\":{\"@id\":\"https:\/\/ordoline.com\/fe-be\/#website\"},\"datePublished\":\"2021-11-12T11:49:38+00:00\",\"dateModified\":\"2025-11-28T07:14:17+00:00\",\"breadcrumb\":{\"@id\":\"https:\/\/ordoline.com\/fe-be\/course-about\/#breadcrumb\"},\"inLanguage\":\"fe-BE\",\"potentialAction\":[{\"@type\":\"ReadAction\",\"target\":[\"https:\/\/ordoline.com\/fe-be\/course-about\/\"]}]},{\"@type\":\"BreadcrumbList\",\"@id\":\"https:\/\/ordoline.com\/fe-be\/course-about\/#breadcrumb\",\"itemListElement\":[{\"@type\":\"ListItem\",\"position\":1,\"name\":\"Home\",\"item\":\"https:\/\/ordoline.com\/fe-be\/\"},{\"@type\":\"ListItem\",\"position\":2,\"name\":\"Cours sur\"}]},{\"@type\":\"WebSite\",\"@id\":\"https:\/\/ordoline.com\/fe-be\/#website\",\"url\":\"https:\/\/ordoline.com\/fe-be\/\",\"name\":\"Ordoline\",\"description\":\"Confidence and predictability with every aligner case\",\"publisher\":{\"@id\":\"https:\/\/ordoline.com\/fe-be\/#organization\"},\"potentialAction\":[{\"@type\":\"SearchAction\",\"target\":{\"@type\":\"EntryPoint\",\"urlTemplate\":\"https:\/\/ordoline.com\/fe-be\/?s={search_term_string}\"},\"query-input\":{\"@type\":\"PropertyValueSpecification\",\"valueRequired\":true,\"valueName\":\"search_term_string\"}}],\"inLanguage\":\"fe-BE\"},{\"@type\":\"Organization\",\"@id\":\"https:\/\/ordoline.com\/fe-be\/#organization\",\"name\":\"Ordoline\",\"url\":\"https:\/\/ordoline.com\/fe-be\/\",\"logo\":{\"@type\":\"ImageObject\",\"inLanguage\":\"fe-BE\",\"@id\":\"https:\/\/ordoline.com\/fe-be\/#\/schema\/logo\/image\/\",\"url\":\"https:\/\/ordoline.com\/wp-content\/uploads\/2021\/08\/ordoline_logo-juodas-4.png\",\"contentUrl\":\"https:\/\/ordoline.com\/wp-content\/uploads\/2021\/08\/ordoline_logo-juodas-4.png\",\"width\":199,\"height\":40,\"caption\":\"Ordoline\"},\"image\":{\"@id\":\"https:\/\/ordoline.com\/fe-be\/#\/schema\/logo\/image\/\"}}]}<\/script>\n<!-- \/ Yoast SEO plugin. -->","yoast_head_json":{"title":"Cours sur - Ordoline","robots":{"index":"index","follow":"follow","max-snippet":"max-snippet:-1","max-image-preview":"max-image-preview:large","max-video-preview":"max-video-preview:-1"},"canonical":"https:\/\/ordoline.com\/fe-be\/course-about\/","og_locale":"en_US","og_type":"article","og_title":"Cours sur - Ordoline","og_url":"https:\/\/ordoline.com\/fe-be\/course-about\/","og_site_name":"Ordoline","article_modified_time":"2025-11-28T07:14:17+00:00","twitter_card":"summary_large_image","twitter_misc":{"Est. reading time":"1 minute"},"schema":{"@context":"https:\/\/schema.org","@graph":[{"@type":"WebPage","@id":"https:\/\/ordoline.com\/fe-be\/course-about\/","url":"https:\/\/ordoline.com\/fe-be\/course-about\/","name":"Cours sur - Ordoline","isPartOf":{"@id":"https:\/\/ordoline.com\/fe-be\/#website"},"datePublished":"2021-11-12T11:49:38+00:00","dateModified":"2025-11-28T07:14:17+00:00","breadcrumb":{"@id":"https:\/\/ordoline.com\/fe-be\/course-about\/#breadcrumb"},"inLanguage":"fe-BE","potentialAction":[{"@type":"ReadAction","target":["https:\/\/ordoline.com\/fe-be\/course-about\/"]}]},{"@type":"BreadcrumbList","@id":"https:\/\/ordoline.com\/fe-be\/course-about\/#breadcrumb","itemListElement":[{"@type":"ListItem","position":1,"name":"Home","item":"https:\/\/ordoline.com\/fe-be\/"},{"@type":"ListItem","position":2,"name":"Cours sur"}]},{"@type":"WebSite","@id":"https:\/\/ordoline.com\/fe-be\/#website","url":"https:\/\/ordoline.com\/fe-be\/","name":"Ordoline","description":"Confidence and predictability with every aligner case","publisher":{"@id":"https:\/\/ordoline.com\/fe-be\/#organization"},"potentialAction":[{"@type":"SearchAction","target":{"@type":"EntryPoint","urlTemplate":"https:\/\/ordoline.com\/fe-be\/?s={search_term_string}"},"query-input":{"@type":"PropertyValueSpecification","valueRequired":true,"valueName":"search_term_string"}}],"inLanguage":"fe-BE"},{"@type":"Organization","@id":"https:\/\/ordoline.com\/fe-be\/#organization","name":"Ordoline","url":"https:\/\/ordoline.com\/fe-be\/","logo":{"@type":"ImageObject","inLanguage":"fe-BE","@id":"https:\/\/ordoline.com\/fe-be\/#\/schema\/logo\/image\/","url":"https:\/\/ordoline.com\/wp-content\/uploads\/2021\/08\/ordoline_logo-juodas-4.png","contentUrl":"https:\/\/ordoline.com\/wp-content\/uploads\/2021\/08\/ordoline_logo-juodas-4.png","width":199,"height":40,"caption":"Ordoline"},"image":{"@id":"https:\/\/ordoline.com\/fe-be\/#\/schema\/logo\/image\/"}}]}},"_links":{"self":[{"href":"https:\/\/ordoline.com\/fe-be\/wp-json\/wp\/v2\/pages\/39919","targetHints":{"allow":["GET"]}}],"collection":[{"href":"https:\/\/ordoline.com\/fe-be\/wp-json\/wp\/v2\/pages"}],"about":[{"href":"https:\/\/ordoline.com\/fe-be\/wp-json\/wp\/v2\/types\/page"}],"author":[{"embeddable":true,"href":"https:\/\/ordoline.com\/fe-be\/wp-json\/wp\/v2\/users\/1"}],"replies":[{"embeddable":true,"href":"https:\/\/ordoline.com\/fe-be\/wp-json\/wp\/v2\/comments?post=39919"}],"version-history":[{"count":3,"href":"https:\/\/ordoline.com\/fe-be\/wp-json\/wp\/v2\/pages\/39919\/revisions"}],"predecessor-version":[{"id":44105,"href":"https:\/\/ordoline.com\/fe-be\/wp-json\/wp\/v2\/pages\/39919\/revisions\/44105"}],"wp:attachment":[{"href":"https:\/\/ordoline.com\/fe-be\/wp-json\/wp\/v2\/media?parent=39919"}],"curies":[{"name":"wp","href":"https:\/\/api.w.org\/{rel}","templated":true}]}}