{"id":39915,"date":"2023-03-30T10:32:51","date_gmt":"2023-03-30T10:32:51","guid":{"rendered":"https:\/\/ordoline.com\/privacy-policy\/"},"modified":"2025-09-28T06:57:15","modified_gmt":"2025-09-28T06:57:15","slug":"privacy-policy","status":"publish","type":"page","link":"https:\/\/ordoline.com\/fe-be\/privacy-policy\/","title":{"rendered":"Politique de confidentialit\u00e9"},"content":{"rendered":"\n<p>Cette politique d\u00e9crit la mani\u00e8re dont nous collectons et utilisons vos donn\u00e9es personnelles lors de votre visite sur notre site web, conform\u00e9ment au r\u00e8glement g\u00e9n\u00e9ral sur la protection des donn\u00e9es (RGPD) et \u00e0 la l\u00e9gislation connexe en mati\u00e8re de protection des donn\u00e9es.<\/p>\n\n\n\n<h2 class=\"wp-block-heading\"><strong>Traitement des donn\u00e9es personnelles sur le site web<\/strong><\/h2>\n\n\n\n<p>Si vous visitez notre site web, Ordoline peut stocker les donn\u00e9es que vous avez re\u00e7ues lors de votre inscription&nbsp;: adresse IP, donn\u00e9es de r\u00e9seau et de localisation, etc. Les donn\u00e9es sont stock\u00e9es \u00e0 l\u2019aide de cookies et d\u2019autres technologies similaires.<br>Si vous ne souhaitez pas que nous acc\u00e9dions \u00e0 vos donn\u00e9es personnelles sur notre site web, nous vous recommandons d\u2019activer votre syst\u00e8me de navigation priv\u00e9e dans votre navigateur.<\/p>\n\n\n\n<p>Le site web vous permet de vous inscrire aupr\u00e8s des cliniques dentaires indiqu\u00e9es en fournissant vos coordonn\u00e9es (nom, pr\u00e9nom, adresse \u00e9lectronique, num\u00e9ro de t\u00e9l\u00e9phone). Vos coordonn\u00e9es seront transmises \u00e0 la clinique dentaire.<br>Sur la page M\u00e9decins, les m\u00e9decins peuvent s\u2019inscrire \u00e0 des formations en fournissant leurs coordonn\u00e9es (nom, pr\u00e9nom, adresse e-mail, num\u00e9ro de t\u00e9l\u00e9phone, lieu de travail). Ces donn\u00e9es personnelles sont trait\u00e9es par Ordoline uniquement dans le but d\u2019organiser des formations.<\/p>\n\n\n\n<p>Vous pouvez \u00e9galement donner votre accord pour qu\u2019Ordoline traite vos donn\u00e9es personnelles (nom, adresse e-mail, num\u00e9ro de t\u00e9l\u00e9phone) \u00e0 des fins de marketing direct.<\/p>\n\n\n\n<h2 class=\"wp-block-heading\"><strong>Traitement des donn\u00e9es personnelles \u00e0 des fins de marketing direct\u00a0<\/strong><\/h2>\n\n\n\n<p>Nous faisons tout notre possible pour que les informations que nous vous envoyons soient acceptables et utiles pour vous, et nous nous effor\u00e7ons de veiller \u00e0 ce que les informations et les offres soient parfaitement pertinentes pour notre activit\u00e9. C\u2019est pourquoi Ordoline ne traitera vos donn\u00e9es personnelles (nom, adresse \u00e9lectronique, num\u00e9ro de t\u00e9l\u00e9phone) qu\u2019\u00e0 des fins de marketing direct et uniquement avec votre consentement explicite.<br>Les donn\u00e9es personnelles peuvent \u00eatre utilis\u00e9es \u00e0 des fins de marketing direct dans les situations suivantes&nbsp;:<\/p>\n\n\n\n<ul class=\"wp-block-list\">\n<li>E-mail avec offres d\u2019Ordoline.<\/li>\n\n\n\n<li>E-mail de mises \u00e0 jour d\u2019activit\u00e9 sur Ordoline.<\/li>\n\n\n\n<li>E-mail d\u2019invitations \u00e0 des s\u00e9minaires, des journ\u00e9es portes ouvertes et d\u2019autres \u00e9v\u00e8nements similaires. \u00a0\u00a0<\/li>\n<\/ul>\n\n\n\n<p>Vous pouvez vous opposer \u00e0 tout moment au traitement de vos donn\u00e9es personnelles \u00e0 des fins de marketing direct en contactant info@ordoline.com. Il est \u00e9galement important de souligner que vous avez le droit d\u2019acc\u00e9der \u00e0 vos donn\u00e9es personnelles, que nous conservons.<\/p>\n\n\n\n<h2 class=\"wp-block-heading\"><strong>Destinataires des donn\u00e9es \u00e0 caract\u00e8re personnel<\/strong><\/h2>\n\n\n\n<p>Veuillez noter qu\u2019Ordoline fait appel \u00e0 des prestataires de services qui sont responsables du traitement de vos donn\u00e9es. Ces sous-traitants sont des fournisseurs de services de publicit\u00e9, de marketing, de logiciels et d\u2019assistance auxquels vos donn\u00e9es personnelles ne sont divulgu\u00e9es que dans la mesure n\u00e9cessaire \u00e0 la fourniture de ces services.<\/p>\n\n\n\n<h2 class=\"wp-block-heading\"><strong>Dur\u00e9e de conservation des donn\u00e9es<\/strong><\/h2>\n\n\n\n<p>En fonction des exigences l\u00e9gales et du type et de la nature de vos donn\u00e9es personnelles, celles-ci sont conserv\u00e9es pendant une p\u00e9riode pouvant aller jusqu\u2019\u00e0 trois ans. Les donn\u00e9es trait\u00e9es \u00e0 des fins de marketing direct sont conserv\u00e9es pendant 2&nbsp;ans \u00e0 compter de la date de votre consentement. Les donn\u00e9es personnelles trait\u00e9es \u00e0 des fins d\u2019organisation de formations sont conserv\u00e9es pendant 3&nbsp;ans.<\/p>\n\n\n\n<p>Que faisons-nous pour prot\u00e9ger vos donn\u00e9es&nbsp;?<br>Vos donn\u00e9es personnelles (nom, adresse \u00e9lectronique, num\u00e9ro de t\u00e9l\u00e9phone, etc.) sont prot\u00e9g\u00e9es contre la perte, l\u2019utilisation non autoris\u00e9e ou la modification de ces donn\u00e9es sans justification l\u00e9gale.<br>Dans un souci constant de bonnes pratiques de protection des donn\u00e9es et de moyens techniques, nous veillons \u00e0 ce que vos donn\u00e9es personnelles ne soient utilis\u00e9es que dans le but de fournir des services de meilleure qualit\u00e9 et plus accessibles. Nous n\u2019utilisons que des moyens physiques et techniques fiables pour prot\u00e9ger toutes les informations relatives aux clients.<\/p>\n\n\n\n<h2 class=\"wp-block-heading\"><strong>Vos droits<\/strong><\/h2>\n\n\n\n<p>Vous disposez des droits suivants en ce qui concerne vos donn\u00e9es \u00e0 caract\u00e8re personnel&nbsp;:<\/p>\n\n\n\n<ul class=\"wp-block-list\">\n<li>Exprimer votre souhait de prendre connaissance de vos donn\u00e9es personnelles et des principes de leur collecte et de leur gestion.<\/li>\n\n\n\n<li>Demander la correction de donn\u00e9es \u00e0 caract\u00e8re personnel erron\u00e9es, inexactes ou incompl\u00e8tes, ainsi que la suppression ou la restriction de l\u2019utilisation de ces donn\u00e9es, s\u2019il existe une base juridique pour cela.<\/li>\n\n\n\n<li>Demander le transfert de vos donn\u00e9es \u00e0 caract\u00e8re personnel \u00e0 un autre responsable du traitement ou vous les transf\u00e9rer directement<\/li>\n\n\n\n<li>Ne pas accepter les principes de traitement de vos donn\u00e9es personnelles si elles sont trait\u00e9es en violation des exigences l\u00e9gales.<\/li>\n\n\n\n<li>Si vos donn\u00e9es sont trait\u00e9es s\u00e9par\u00e9ment, vous pouvez retirer votre consentement au traitement des donn\u00e9es personnelles \u00e0 tout moment en contactant\u00a0<a href=\"mailto:info@ordoline.com\">info@ordoline.com<\/a>.<\/li>\n\n\n\n<li>Si vous soup\u00e7onnez que vos donn\u00e9es personnelles sont trait\u00e9es ill\u00e9galement en violation de vos droits, vous pouvez contacter les autorit\u00e9s juridiques responsables de cette question et d\u00e9poser une plainte. En cas de probl\u00e8me, Ordoline vous recommande de nous contacter afin de trouver la meilleure solution.<\/li>\n<\/ul>\n\n\n\n<h2 class=\"wp-block-heading\"><strong>Contact<\/strong><\/h2>\n\n\n\n<p>Si vous avez des questions ou des inqui\u00e9tudes, n\u2019h\u00e9sitez pas \u00e0 nous contacter&nbsp;:<br>UAB Ordoline<br>Address: A.&nbsp;Vivulskio str. 7, Vilnius, LT-03162<br><a href=\"mailto:info@ordoline.com\">info@ordoline.com<\/a><br><a href=\"tel:\">+370 687 847 28<\/a><\/p>\n\n\n\n<h2 class=\"wp-block-heading\"><strong>Mise \u00e0 jour de la politique<\/strong><\/h2>\n\n\n\n<p>Nous nous r\u00e9servons le droit de mettre \u00e0 jour et de modifier p\u00e9riodiquement notre politique de confidentialit\u00e9. Nous vous informerons de toute modification apport\u00e9e \u00e0 notre site web. Le visiteur doit savoir qu\u2019en continuant \u00e0 utiliser le site web, il accepte les changements de politique.<\/p>\n","protected":false},"excerpt":{"rendered":"<p>Cette politique d\u00e9crit la mani\u00e8re dont nous collectons et utilisons vos donn\u00e9es personnelles lors de votre visite sur notre site web, conform\u00e9ment au r\u00e8glement g\u00e9n\u00e9ral sur la protection des donn\u00e9es (RGPD) et \u00e0 la l\u00e9gislation connexe en mati\u00e8re de protection des donn\u00e9es. Traitement des donn\u00e9es personnelles sur le site web Si vous visitez notre site [&hellip;]<\/p>\n","protected":false},"author":1,"featured_media":0,"parent":0,"menu_order":0,"comment_status":"closed","ping_status":"closed","template":"template-privacy.php","meta":{"_acf_changed":false,"inline_featured_image":false,"footnotes":""},"class_list":["post-39915","page","type-page","status-publish","hentry"],"acf":[],"yoast_head":"<!-- This site is optimized with the Yoast SEO plugin v25.9 - https:\/\/yoast.com\/wordpress\/plugins\/seo\/ -->\n<title>Politique de confidentialit\u00e9 - Ordoline<\/title>\n<meta name=\"robots\" content=\"index, follow, max-snippet:-1, max-image-preview:large, max-video-preview:-1\" \/>\n<link rel=\"canonical\" href=\"https:\/\/ordoline.com\/fe-be\/privacy-policy\/\" \/>\n<meta property=\"og:locale\" content=\"en_US\" \/>\n<meta property=\"og:type\" content=\"article\" \/>\n<meta property=\"og:title\" content=\"Politique de confidentialit\u00e9 - Ordoline\" \/>\n<meta property=\"og:description\" content=\"Cette politique d\u00e9crit la mani\u00e8re dont nous collectons et utilisons vos donn\u00e9es personnelles lors de votre visite sur notre site web, conform\u00e9ment au r\u00e8glement g\u00e9n\u00e9ral sur la protection des donn\u00e9es (RGPD) et \u00e0 la l\u00e9gislation connexe en mati\u00e8re de protection des donn\u00e9es. Traitement des donn\u00e9es personnelles sur le site web Si vous visitez notre site [&hellip;]\" \/>\n<meta property=\"og:url\" content=\"https:\/\/ordoline.com\/fe-be\/privacy-policy\/\" \/>\n<meta property=\"og:site_name\" content=\"Ordoline\" \/>\n<meta property=\"article:modified_time\" content=\"2025-09-28T06:57:15+00:00\" \/>\n<meta name=\"twitter:card\" content=\"summary_large_image\" \/>\n<meta name=\"twitter:label1\" content=\"Est. reading time\" \/>\n\t<meta name=\"twitter:data1\" content=\"5 minutes\" \/>\n<script type=\"application\/ld+json\" class=\"yoast-schema-graph\">{\"@context\":\"https:\/\/schema.org\",\"@graph\":[{\"@type\":\"WebPage\",\"@id\":\"https:\/\/ordoline.com\/fe-be\/privacy-policy\/\",\"url\":\"https:\/\/ordoline.com\/fe-be\/privacy-policy\/\",\"name\":\"Politique de confidentialit\u00e9 - Ordoline\",\"isPartOf\":{\"@id\":\"https:\/\/ordoline.com\/fe-be\/#website\"},\"datePublished\":\"2023-03-30T10:32:51+00:00\",\"dateModified\":\"2025-09-28T06:57:15+00:00\",\"breadcrumb\":{\"@id\":\"https:\/\/ordoline.com\/fe-be\/privacy-policy\/#breadcrumb\"},\"inLanguage\":\"fe-BE\",\"potentialAction\":[{\"@type\":\"ReadAction\",\"target\":[\"https:\/\/ordoline.com\/fe-be\/privacy-policy\/\"]}]},{\"@type\":\"BreadcrumbList\",\"@id\":\"https:\/\/ordoline.com\/fe-be\/privacy-policy\/#breadcrumb\",\"itemListElement\":[{\"@type\":\"ListItem\",\"position\":1,\"name\":\"Home\",\"item\":\"https:\/\/ordoline.com\/fe-be\/\"},{\"@type\":\"ListItem\",\"position\":2,\"name\":\"Politique de confidentialit\u00e9\"}]},{\"@type\":\"WebSite\",\"@id\":\"https:\/\/ordoline.com\/fe-be\/#website\",\"url\":\"https:\/\/ordoline.com\/fe-be\/\",\"name\":\"Ordoline\",\"description\":\"Confidence and predictability with every aligner case\",\"publisher\":{\"@id\":\"https:\/\/ordoline.com\/fe-be\/#organization\"},\"potentialAction\":[{\"@type\":\"SearchAction\",\"target\":{\"@type\":\"EntryPoint\",\"urlTemplate\":\"https:\/\/ordoline.com\/fe-be\/?s={search_term_string}\"},\"query-input\":{\"@type\":\"PropertyValueSpecification\",\"valueRequired\":true,\"valueName\":\"search_term_string\"}}],\"inLanguage\":\"fe-BE\"},{\"@type\":\"Organization\",\"@id\":\"https:\/\/ordoline.com\/fe-be\/#organization\",\"name\":\"Ordoline\",\"url\":\"https:\/\/ordoline.com\/fe-be\/\",\"logo\":{\"@type\":\"ImageObject\",\"inLanguage\":\"fe-BE\",\"@id\":\"https:\/\/ordoline.com\/fe-be\/#\/schema\/logo\/image\/\",\"url\":\"https:\/\/ordoline.com\/wp-content\/uploads\/2021\/08\/ordoline_logo-juodas-4.png\",\"contentUrl\":\"https:\/\/ordoline.com\/wp-content\/uploads\/2021\/08\/ordoline_logo-juodas-4.png\",\"width\":199,\"height\":40,\"caption\":\"Ordoline\"},\"image\":{\"@id\":\"https:\/\/ordoline.com\/fe-be\/#\/schema\/logo\/image\/\"}}]}<\/script>\n<!-- \/ Yoast SEO plugin. -->","yoast_head_json":{"title":"Politique de confidentialit\u00e9 - Ordoline","robots":{"index":"index","follow":"follow","max-snippet":"max-snippet:-1","max-image-preview":"max-image-preview:large","max-video-preview":"max-video-preview:-1"},"canonical":"https:\/\/ordoline.com\/fe-be\/privacy-policy\/","og_locale":"en_US","og_type":"article","og_title":"Politique de confidentialit\u00e9 - Ordoline","og_description":"Cette politique d\u00e9crit la mani\u00e8re dont nous collectons et utilisons vos donn\u00e9es personnelles lors de votre visite sur notre site web, conform\u00e9ment au r\u00e8glement g\u00e9n\u00e9ral sur la protection des donn\u00e9es (RGPD) et \u00e0 la l\u00e9gislation connexe en mati\u00e8re de protection des donn\u00e9es. Traitement des donn\u00e9es personnelles sur le site web Si vous visitez notre site [&hellip;]","og_url":"https:\/\/ordoline.com\/fe-be\/privacy-policy\/","og_site_name":"Ordoline","article_modified_time":"2025-09-28T06:57:15+00:00","twitter_card":"summary_large_image","twitter_misc":{"Est. reading time":"5 minutes"},"schema":{"@context":"https:\/\/schema.org","@graph":[{"@type":"WebPage","@id":"https:\/\/ordoline.com\/fe-be\/privacy-policy\/","url":"https:\/\/ordoline.com\/fe-be\/privacy-policy\/","name":"Politique de confidentialit\u00e9 - Ordoline","isPartOf":{"@id":"https:\/\/ordoline.com\/fe-be\/#website"},"datePublished":"2023-03-30T10:32:51+00:00","dateModified":"2025-09-28T06:57:15+00:00","breadcrumb":{"@id":"https:\/\/ordoline.com\/fe-be\/privacy-policy\/#breadcrumb"},"inLanguage":"fe-BE","potentialAction":[{"@type":"ReadAction","target":["https:\/\/ordoline.com\/fe-be\/privacy-policy\/"]}]},{"@type":"BreadcrumbList","@id":"https:\/\/ordoline.com\/fe-be\/privacy-policy\/#breadcrumb","itemListElement":[{"@type":"ListItem","position":1,"name":"Home","item":"https:\/\/ordoline.com\/fe-be\/"},{"@type":"ListItem","position":2,"name":"Politique de confidentialit\u00e9"}]},{"@type":"WebSite","@id":"https:\/\/ordoline.com\/fe-be\/#website","url":"https:\/\/ordoline.com\/fe-be\/","name":"Ordoline","description":"Confidence and predictability with every aligner case","publisher":{"@id":"https:\/\/ordoline.com\/fe-be\/#organization"},"potentialAction":[{"@type":"SearchAction","target":{"@type":"EntryPoint","urlTemplate":"https:\/\/ordoline.com\/fe-be\/?s={search_term_string}"},"query-input":{"@type":"PropertyValueSpecification","valueRequired":true,"valueName":"search_term_string"}}],"inLanguage":"fe-BE"},{"@type":"Organization","@id":"https:\/\/ordoline.com\/fe-be\/#organization","name":"Ordoline","url":"https:\/\/ordoline.com\/fe-be\/","logo":{"@type":"ImageObject","inLanguage":"fe-BE","@id":"https:\/\/ordoline.com\/fe-be\/#\/schema\/logo\/image\/","url":"https:\/\/ordoline.com\/wp-content\/uploads\/2021\/08\/ordoline_logo-juodas-4.png","contentUrl":"https:\/\/ordoline.com\/wp-content\/uploads\/2021\/08\/ordoline_logo-juodas-4.png","width":199,"height":40,"caption":"Ordoline"},"image":{"@id":"https:\/\/ordoline.com\/fe-be\/#\/schema\/logo\/image\/"}}]}},"_links":{"self":[{"href":"https:\/\/ordoline.com\/fe-be\/wp-json\/wp\/v2\/pages\/39915","targetHints":{"allow":["GET"]}}],"collection":[{"href":"https:\/\/ordoline.com\/fe-be\/wp-json\/wp\/v2\/pages"}],"about":[{"href":"https:\/\/ordoline.com\/fe-be\/wp-json\/wp\/v2\/types\/page"}],"author":[{"embeddable":true,"href":"https:\/\/ordoline.com\/fe-be\/wp-json\/wp\/v2\/users\/1"}],"replies":[{"embeddable":true,"href":"https:\/\/ordoline.com\/fe-be\/wp-json\/wp\/v2\/comments?post=39915"}],"version-history":[{"count":1,"href":"https:\/\/ordoline.com\/fe-be\/wp-json\/wp\/v2\/pages\/39915\/revisions"}],"predecessor-version":[{"id":39928,"href":"https:\/\/ordoline.com\/fe-be\/wp-json\/wp\/v2\/pages\/39915\/revisions\/39928"}],"wp:attachment":[{"href":"https:\/\/ordoline.com\/fe-be\/wp-json\/wp\/v2\/media?parent=39915"}],"curies":[{"name":"wp","href":"https:\/\/api.w.org\/{rel}","templated":true}]}}