{"id":16589,"date":"2021-11-12T11:45:30","date_gmt":"2021-11-12T11:45:30","guid":{"rendered":"https:\/\/ordoline.com\/how-ordoline-works-b2c\/"},"modified":"2025-07-29T10:42:57","modified_gmt":"2025-07-29T10:42:57","slug":"how-ordoline-works-b2c","status":"publish","type":"page","link":"https:\/\/ordoline.com\/et\/how-ordoline-works-b2c\/","title":{"rendered":"Kuidas ravi Ordoline&#8217;iga toimib?"},"content":{"rendered":"\n<p>Ordoline&#8217;i alignerid on peaaegu n\u00e4htamatud, eemaldatavad ortodontilised aparaadid, mis liigutavad hambaid hoolikalt planeeritud ravij\u00e4rjestuse alusel. Need rakendavad \u00f5rna, kontrollitud survet ja neid vahetatakse tavaliselt iga 10 p\u00e4eva tagant, et suunata hambad j\u00e4rk-j\u00e4rgult \u00f5igesse asendisse.<\/p>\n\n\n\n<p><\/p>\n","protected":false},"excerpt":{"rendered":"<p>Ordoline&#8217;i alignerid on peaaegu n\u00e4htamatud, eemaldatavad ortodontilised aparaadid, mis liigutavad hambaid hoolikalt planeeritud ravij\u00e4rjestuse alusel. Need rakendavad \u00f5rna, kontrollitud survet ja neid vahetatakse tavaliselt iga 10 p\u00e4eva tagant, et suunata hambad j\u00e4rk-j\u00e4rgult \u00f5igesse asendisse.<\/p>\n","protected":false},"author":1,"featured_media":0,"parent":0,"menu_order":0,"comment_status":"closed","ping_status":"closed","template":"page-how-works-b2c.php","meta":{"_acf_changed":false,"inline_featured_image":false,"footnotes":""},"class_list":["post-16589","page","type-page","status-publish","hentry"],"acf":[],"yoast_head":"<!-- This site is optimized with the Yoast SEO plugin v25.9 - https:\/\/yoast.com\/wordpress\/plugins\/seo\/ -->\n<title>Kuidas ravi Ordoline&#039;iga toimib? - Ordoline<\/title>\n<meta name=\"robots\" content=\"index, follow, max-snippet:-1, max-image-preview:large, max-video-preview:-1\" \/>\n<link rel=\"canonical\" href=\"https:\/\/ordoline.com\/et\/how-ordoline-works-b2c\/\" \/>\n<meta property=\"og:locale\" content=\"et_EE\" \/>\n<meta property=\"og:type\" content=\"article\" \/>\n<meta property=\"og:title\" content=\"Kuidas ravi Ordoline&#039;iga toimib? - Ordoline\" \/>\n<meta property=\"og:description\" content=\"Ordoline&#8217;i alignerid on peaaegu n\u00e4htamatud, eemaldatavad ortodontilised aparaadid, mis liigutavad hambaid hoolikalt planeeritud ravij\u00e4rjestuse alusel. Need rakendavad \u00f5rna, kontrollitud survet ja neid vahetatakse tavaliselt iga 10 p\u00e4eva tagant, et suunata hambad j\u00e4rk-j\u00e4rgult \u00f5igesse asendisse.\" \/>\n<meta property=\"og:url\" content=\"https:\/\/ordoline.com\/et\/how-ordoline-works-b2c\/\" \/>\n<meta property=\"og:site_name\" content=\"Ordoline\" \/>\n<meta property=\"article:modified_time\" content=\"2025-07-29T10:42:57+00:00\" \/>\n<meta name=\"twitter:card\" content=\"summary_large_image\" \/>\n<meta name=\"twitter:label1\" content=\"Est. reading time\" \/>\n\t<meta name=\"twitter:data1\" content=\"1 minut\" \/>\n<script type=\"application\/ld+json\" class=\"yoast-schema-graph\">{\"@context\":\"https:\/\/schema.org\",\"@graph\":[{\"@type\":\"WebPage\",\"@id\":\"https:\/\/ordoline.com\/et\/how-ordoline-works-b2c\/\",\"url\":\"https:\/\/ordoline.com\/et\/how-ordoline-works-b2c\/\",\"name\":\"Kuidas ravi Ordoline'iga toimib? - Ordoline\",\"isPartOf\":{\"@id\":\"https:\/\/ordoline.com\/et\/#website\"},\"datePublished\":\"2021-11-12T11:45:30+00:00\",\"dateModified\":\"2025-07-29T10:42:57+00:00\",\"breadcrumb\":{\"@id\":\"https:\/\/ordoline.com\/et\/how-ordoline-works-b2c\/#breadcrumb\"},\"inLanguage\":\"et\",\"potentialAction\":[{\"@type\":\"ReadAction\",\"target\":[\"https:\/\/ordoline.com\/et\/how-ordoline-works-b2c\/\"]}]},{\"@type\":\"BreadcrumbList\",\"@id\":\"https:\/\/ordoline.com\/et\/how-ordoline-works-b2c\/#breadcrumb\",\"itemListElement\":[{\"@type\":\"ListItem\",\"position\":1,\"name\":\"Home\",\"item\":\"https:\/\/ordoline.com\/et\/\"},{\"@type\":\"ListItem\",\"position\":2,\"name\":\"Kuidas ravi Ordoline&#8217;iga toimib?\"}]},{\"@type\":\"WebSite\",\"@id\":\"https:\/\/ordoline.com\/et\/#website\",\"url\":\"https:\/\/ordoline.com\/et\/\",\"name\":\"Ordoline\",\"description\":\"Confidence and predictability with every aligner case\",\"publisher\":{\"@id\":\"https:\/\/ordoline.com\/et\/#organization\"},\"potentialAction\":[{\"@type\":\"SearchAction\",\"target\":{\"@type\":\"EntryPoint\",\"urlTemplate\":\"https:\/\/ordoline.com\/et\/?s={search_term_string}\"},\"query-input\":{\"@type\":\"PropertyValueSpecification\",\"valueRequired\":true,\"valueName\":\"search_term_string\"}}],\"inLanguage\":\"et\"},{\"@type\":\"Organization\",\"@id\":\"https:\/\/ordoline.com\/et\/#organization\",\"name\":\"Ordoline\",\"url\":\"https:\/\/ordoline.com\/et\/\",\"logo\":{\"@type\":\"ImageObject\",\"inLanguage\":\"et\",\"@id\":\"https:\/\/ordoline.com\/et\/#\/schema\/logo\/image\/\",\"url\":\"https:\/\/ordoline.com\/wp-content\/uploads\/2021\/08\/ordoline_logo-juodas-4.png\",\"contentUrl\":\"https:\/\/ordoline.com\/wp-content\/uploads\/2021\/08\/ordoline_logo-juodas-4.png\",\"width\":199,\"height\":40,\"caption\":\"Ordoline\"},\"image\":{\"@id\":\"https:\/\/ordoline.com\/et\/#\/schema\/logo\/image\/\"}}]}<\/script>\n<!-- \/ Yoast SEO plugin. -->","yoast_head_json":{"title":"Kuidas ravi Ordoline'iga toimib? - Ordoline","robots":{"index":"index","follow":"follow","max-snippet":"max-snippet:-1","max-image-preview":"max-image-preview:large","max-video-preview":"max-video-preview:-1"},"canonical":"https:\/\/ordoline.com\/et\/how-ordoline-works-b2c\/","og_locale":"et_EE","og_type":"article","og_title":"Kuidas ravi Ordoline'iga toimib? - Ordoline","og_description":"Ordoline&#8217;i alignerid on peaaegu n\u00e4htamatud, eemaldatavad ortodontilised aparaadid, mis liigutavad hambaid hoolikalt planeeritud ravij\u00e4rjestuse alusel. Need rakendavad \u00f5rna, kontrollitud survet ja neid vahetatakse tavaliselt iga 10 p\u00e4eva tagant, et suunata hambad j\u00e4rk-j\u00e4rgult \u00f5igesse asendisse.","og_url":"https:\/\/ordoline.com\/et\/how-ordoline-works-b2c\/","og_site_name":"Ordoline","article_modified_time":"2025-07-29T10:42:57+00:00","twitter_card":"summary_large_image","twitter_misc":{"Est. reading time":"1 minut"},"schema":{"@context":"https:\/\/schema.org","@graph":[{"@type":"WebPage","@id":"https:\/\/ordoline.com\/et\/how-ordoline-works-b2c\/","url":"https:\/\/ordoline.com\/et\/how-ordoline-works-b2c\/","name":"Kuidas ravi Ordoline'iga toimib? - Ordoline","isPartOf":{"@id":"https:\/\/ordoline.com\/et\/#website"},"datePublished":"2021-11-12T11:45:30+00:00","dateModified":"2025-07-29T10:42:57+00:00","breadcrumb":{"@id":"https:\/\/ordoline.com\/et\/how-ordoline-works-b2c\/#breadcrumb"},"inLanguage":"et","potentialAction":[{"@type":"ReadAction","target":["https:\/\/ordoline.com\/et\/how-ordoline-works-b2c\/"]}]},{"@type":"BreadcrumbList","@id":"https:\/\/ordoline.com\/et\/how-ordoline-works-b2c\/#breadcrumb","itemListElement":[{"@type":"ListItem","position":1,"name":"Home","item":"https:\/\/ordoline.com\/et\/"},{"@type":"ListItem","position":2,"name":"Kuidas ravi Ordoline&#8217;iga toimib?"}]},{"@type":"WebSite","@id":"https:\/\/ordoline.com\/et\/#website","url":"https:\/\/ordoline.com\/et\/","name":"Ordoline","description":"Confidence and predictability with every aligner case","publisher":{"@id":"https:\/\/ordoline.com\/et\/#organization"},"potentialAction":[{"@type":"SearchAction","target":{"@type":"EntryPoint","urlTemplate":"https:\/\/ordoline.com\/et\/?s={search_term_string}"},"query-input":{"@type":"PropertyValueSpecification","valueRequired":true,"valueName":"search_term_string"}}],"inLanguage":"et"},{"@type":"Organization","@id":"https:\/\/ordoline.com\/et\/#organization","name":"Ordoline","url":"https:\/\/ordoline.com\/et\/","logo":{"@type":"ImageObject","inLanguage":"et","@id":"https:\/\/ordoline.com\/et\/#\/schema\/logo\/image\/","url":"https:\/\/ordoline.com\/wp-content\/uploads\/2021\/08\/ordoline_logo-juodas-4.png","contentUrl":"https:\/\/ordoline.com\/wp-content\/uploads\/2021\/08\/ordoline_logo-juodas-4.png","width":199,"height":40,"caption":"Ordoline"},"image":{"@id":"https:\/\/ordoline.com\/et\/#\/schema\/logo\/image\/"}}]}},"_links":{"self":[{"href":"https:\/\/ordoline.com\/et\/wp-json\/wp\/v2\/pages\/16589","targetHints":{"allow":["GET"]}}],"collection":[{"href":"https:\/\/ordoline.com\/et\/wp-json\/wp\/v2\/pages"}],"about":[{"href":"https:\/\/ordoline.com\/et\/wp-json\/wp\/v2\/types\/page"}],"author":[{"embeddable":true,"href":"https:\/\/ordoline.com\/et\/wp-json\/wp\/v2\/users\/1"}],"replies":[{"embeddable":true,"href":"https:\/\/ordoline.com\/et\/wp-json\/wp\/v2\/comments?post=16589"}],"version-history":[{"count":4,"href":"https:\/\/ordoline.com\/et\/wp-json\/wp\/v2\/pages\/16589\/revisions"}],"predecessor-version":[{"id":33609,"href":"https:\/\/ordoline.com\/et\/wp-json\/wp\/v2\/pages\/16589\/revisions\/33609"}],"wp:attachment":[{"href":"https:\/\/ordoline.com\/et\/wp-json\/wp\/v2\/media?parent=16589"}],"curies":[{"name":"wp","href":"https:\/\/api.w.org\/{rel}","templated":true}]}}